{"id":110894,"date":"2025-05-29T12:11:54","date_gmt":"2025-05-29T10:11:54","guid":{"rendered":"https:\/\/abinox-chr-clim.com\/index.php\/product\/cuilleres-a-cafe-en-acier-inoxydable-18-10-olympia-roma-lot-de-12\/"},"modified":"2026-03-16T12:56:44","modified_gmt":"2026-03-16T11:56:44","slug":"cuilleres-a-cafe-en-acier-inoxydable-18-10-olympia-roma-lot-de-12","status":"publish","type":"product","link":"https:\/\/abinox-chr-clim.com\/index.php\/product\/cuilleres-a-cafe-en-acier-inoxydable-18-10-olympia-roma-lot-de-12\/","title":{"rendered":"Cuill\u00e8res \u00e0 caf\u00e9 en acier inoxydable 18\/10 Olympia Roma (lot de 12)"},"content":{"rendered":"<p>Forg\u00e9es et fa\u00e7onn\u00e9es \u00e0 partir d&rsquo;un morceau d&rsquo;acier inoxydable solide, elles sont ensuite polies et lustr\u00e9es \u00e0 plusieurs reprises pour obtenir un brillant profond. Avec un manche en forme de goutte d&rsquo;eau, les cuill\u00e8res tiennent bien en main.<br \/>\u2022 Finition haute brillance<br \/>\u2022 Manches lisses et incurv\u00e9s<br \/>\u2022 Passe au lave-vaisselle pour un nettoyage facile<\/p>\n<p><b><u>Caract\u00e9ristiques du produit :<\/u><\/b><br \/>\u2022 Lot : 12.0<br \/>\u2022 Dim. : 111(H) x 25(L)mm<br \/>\u2022 Mati\u00e8re : Inox<br \/>\u2022 Poids : 21 g<br \/>\u2022 Couleur : Argent.<\/p>\n","protected":false},"excerpt":{"rendered":"<p>Mat\u00e9riel : Acier inoxydable 18\/10. Quantit\u00e9 par paquet : 12<\/p>\n","protected":false},"featured_media":107647,"comment_status":"open","ping_status":"closed","template":"","meta":[],"product_brand":[],"product_cat":[1297,1238,1216,1244],"product_tag":[],"class_list":{"0":"post-110894","1":"product","2":"type-product","3":"status-publish","4":"has-post-thumbnail","6":"product_cat-non-palettisable","7":"product_cat-produits-a-usage-unique","8":"product_cat-usage-unique-et-entretien","9":"product_cat-vaisselle-couverts-et-gobelets","10":"product_shipping_class-free-shipping","12":"first","13":"outofstock","14":"featured","15":"taxable","16":"shipping-taxable","17":"purchasable","18":"product-type-simple"},"_links":{"self":[{"href":"https:\/\/abinox-chr-clim.com\/index.php\/wp-json\/wp\/v2\/product\/110894","targetHints":{"allow":["GET"]}}],"collection":[{"href":"https:\/\/abinox-chr-clim.com\/index.php\/wp-json\/wp\/v2\/product"}],"about":[{"href":"https:\/\/abinox-chr-clim.com\/index.php\/wp-json\/wp\/v2\/types\/product"}],"replies":[{"embeddable":true,"href":"https:\/\/abinox-chr-clim.com\/index.php\/wp-json\/wp\/v2\/comments?post=110894"}],"wp:featuredmedia":[{"embeddable":true,"href":"https:\/\/abinox-chr-clim.com\/index.php\/wp-json\/wp\/v2\/media\/107647"}],"wp:attachment":[{"href":"https:\/\/abinox-chr-clim.com\/index.php\/wp-json\/wp\/v2\/media?parent=110894"}],"wp:term":[{"taxonomy":"product_brand","embeddable":true,"href":"https:\/\/abinox-chr-clim.com\/index.php\/wp-json\/wp\/v2\/product_brand?post=110894"},{"taxonomy":"product_cat","embeddable":true,"href":"https:\/\/abinox-chr-clim.com\/index.php\/wp-json\/wp\/v2\/product_cat?post=110894"},{"taxonomy":"product_tag","embeddable":true,"href":"https:\/\/abinox-chr-clim.com\/index.php\/wp-json\/wp\/v2\/product_tag?post=110894"}],"curies":[{"name":"wp","href":"https:\/\/api.w.org\/{rel}","templated":true}]}}