{"id":110889,"date":"2025-05-29T12:11:46","date_gmt":"2025-05-29T10:11:46","guid":{"rendered":"https:\/\/abinox-chr-clim.com\/index.php\/product\/rafraichisseur-a-vin-dessous-de-comptoir-en-inox-polar-serie-g-51-bouteilles\/"},"modified":"2026-04-14T11:31:32","modified_gmt":"2026-04-14T09:31:32","slug":"rafraichisseur-a-vin-dessous-de-comptoir-en-inox-polar-serie-g-51-bouteilles","status":"publish","type":"product","link":"https:\/\/abinox-chr-clim.com\/index.php\/product\/rafraichisseur-a-vin-dessous-de-comptoir-en-inox-polar-serie-g-51-bouteilles\/","title":{"rendered":"Rafra\u00eechisseur \u00e0 vin dessous de comptoir en inox Polar S\u00e9rie G 51 bouteilles"},"content":{"rendered":"<p>Rafra\u00eechisseurs efficaces et peu bruyants \u00e0 thermostats r\u00e9glables, portes r\u00e9versibles et pieds r\u00e9glables pour une flexibilit\u00e9 optimale lors de l&rsquo;installation (ne conviennent pas pour le vin rouge). CE203 et CE204 disposent d&rsquo;un \u00e9clairage int\u00e9rieur pour une mise en avant.<\/p>\n<p>\u2022 51 bouteilles de style Bordeaux de 750ml<br \/>\u2022 Construction robuste et facile \u00e0 nettoyer en acier inoxydable<br \/>\u2022 Refroidissement assist\u00e9 par ventilateur assurant une temp\u00e9rature interne constante<br \/>\u2022 5 \u00e9tag\u00e8res en bois<br \/>\u2022 Le d\u00e9givrage automatique maintient l&rsquo;efficacit\u00e9 et la performance<br \/>\u2022 Contr\u00f4leur num\u00e9rique tactile convivial avec affichage LED<br \/>\u2022 Isolation de 40mm am\u00e9liorant l&rsquo;efficacit\u00e9 de refroidissement<\/p>\n<p><b><u>Caract\u00e9ristiques du produit :<\/u><\/b><br \/>\u2022 Capacit\u00e9 : 118 L<br \/>\u2022 Dim. : 820(H) x 595(L) x 580(P) mm<br \/>\u2022 Mati\u00e8re : Inox<br \/>\u2022 Fr\u00e9on : R600a \/ GWP 3<br \/>\u2022 Temp\u00e9rature : 5 \u00b0C \u00e0 20 \u00b0C<br \/>\u2022 Voltage : 220-240V<br \/>\u2022 Poids : 50 kg<br \/>\u2022 Classe climatique : ST = Subtropicale  : Cet appareil est destin\u00e9 \u00e0 \u00eatre utilis\u00e9 \u00e0 une temp\u00e9rature ambiante comprise entre + 16 \u00b0C et + 38 \u00b0C.<br \/>\u2022 Temp\u00e9rature ambiante MAX : 43 \u00b0C<br \/>\u2022 Couleur : Argent.<\/p>\n","protected":false},"excerpt":{"rendered":"<p>150W. Peut contenir jusqu&rsquo;\u00e0 51 bouteilles<\/p>\n","protected":false},"featured_media":106229,"comment_status":"open","ping_status":"closed","template":"","meta":[],"product_brand":[],"product_cat":[1107,1297,1106,1111],"product_tag":[],"class_list":{"0":"post-110889","1":"product","2":"type-product","3":"status-publish","4":"has-post-thumbnail","6":"product_cat-accessoires-de-bar","7":"product_cat-non-palettisable","8":"product_cat-restaurant-bar-et-hotel","9":"product_cat-seaux-a-vin-et-champagne","10":"product_shipping_class-free-shipping","12":"first","13":"instock","14":"featured","15":"taxable","16":"shipping-taxable","17":"purchasable","18":"product-type-simple"},"_links":{"self":[{"href":"https:\/\/abinox-chr-clim.com\/index.php\/wp-json\/wp\/v2\/product\/110889","targetHints":{"allow":["GET"]}}],"collection":[{"href":"https:\/\/abinox-chr-clim.com\/index.php\/wp-json\/wp\/v2\/product"}],"about":[{"href":"https:\/\/abinox-chr-clim.com\/index.php\/wp-json\/wp\/v2\/types\/product"}],"replies":[{"embeddable":true,"href":"https:\/\/abinox-chr-clim.com\/index.php\/wp-json\/wp\/v2\/comments?post=110889"}],"wp:featuredmedia":[{"embeddable":true,"href":"https:\/\/abinox-chr-clim.com\/index.php\/wp-json\/wp\/v2\/media\/106229"}],"wp:attachment":[{"href":"https:\/\/abinox-chr-clim.com\/index.php\/wp-json\/wp\/v2\/media?parent=110889"}],"wp:term":[{"taxonomy":"product_brand","embeddable":true,"href":"https:\/\/abinox-chr-clim.com\/index.php\/wp-json\/wp\/v2\/product_brand?post=110889"},{"taxonomy":"product_cat","embeddable":true,"href":"https:\/\/abinox-chr-clim.com\/index.php\/wp-json\/wp\/v2\/product_cat?post=110889"},{"taxonomy":"product_tag","embeddable":true,"href":"https:\/\/abinox-chr-clim.com\/index.php\/wp-json\/wp\/v2\/product_tag?post=110889"}],"curies":[{"name":"wp","href":"https:\/\/api.w.org\/{rel}","templated":true}]}}