{"id":110887,"date":"2025-05-29T12:11:42","date_gmt":"2025-05-29T10:11:42","guid":{"rendered":"https:\/\/abinox-chr-clim.com\/index.php\/product\/verres-a-vin-utopia-dante-290-ml-lot-de-6\/"},"modified":"2026-04-21T11:23:35","modified_gmt":"2026-04-21T09:23:35","slug":"verres-a-vin-utopia-dante-290-ml-lot-de-6","status":"publish","type":"product","link":"https:\/\/abinox-chr-clim.com\/index.php\/product\/verres-a-vin-utopia-dante-290-ml-lot-de-6\/","title":{"rendered":"Verres \u00e0 vin Utopia Dante 290 ml (lot de 6)"},"content":{"rendered":"<p>Dante est la gamme parfaite pour cr\u00e9er un style unique qui se d\u00e9marque vraiment de la foule. Cette collection tr\u00e8s textur\u00e9e est id\u00e9ale pour servir une multitude de boissons, le choix parfait pour une pr\u00e9sentation \u00e9l\u00e9gante des cocktails dans n&rsquo;importe quel point de vente \u00e0 la mode.<\/p>\n<p>\u2022 Le motif \u00e0 facettes diamant cr\u00e9e un style unique et accrocheur<br \/>\u2022 Les accents de tige \u00e9l\u00e9gants offrent un look contemporain<br \/>\u2022 Le bol arrondi permet au personnel ou aux clients d&rsquo;a\u00e9rer le vin et d&rsquo;en rehausser la saveur<br \/>\u2022 Conception lavable au lave-verre pour un traitement rapide de la verrerie<br \/>\u2022 La tige emp\u00eache le vin de chauffer<br \/>\u2022 La base large contribue \u00e0 am\u00e9liorer la stabilit\u00e9 et \u00e0 pr\u00e9venir les d\u00e9versements<\/p>\n<p><b><u>Caract\u00e9ristiques du produit :<\/u><\/b><br \/>\u2022 Lot : 6.0<br \/>\u2022 Capacit\u00e9 : 29 cl<br \/>\u2022 Dim. : 165(H) x 85(\u00d8) mm<br \/>\u2022 Mati\u00e8re : Verre<br \/>\u2022 Poids : 490 g.<\/p>\n","protected":false},"excerpt":{"rendered":"<p>290 ml. Lot de 6. Portion recommand\u00e9e : 250 ml<\/p>\n","protected":false},"featured_media":106346,"comment_status":"open","ping_status":"closed","template":"","meta":[],"product_brand":[],"product_cat":[1023,1297,1051,1063],"product_tag":[],"class_list":{"0":"post-110887","1":"product","2":"type-product","3":"status-publish","4":"has-post-thumbnail","6":"product_cat-art-de-la-table","7":"product_cat-non-palettisable","8":"product_cat-verrerie","9":"product_cat-vin","10":"product_shipping_class-free-shipping","12":"first","13":"outofstock","14":"featured","15":"taxable","16":"shipping-taxable","17":"purchasable","18":"product-type-simple"},"_links":{"self":[{"href":"https:\/\/abinox-chr-clim.com\/index.php\/wp-json\/wp\/v2\/product\/110887","targetHints":{"allow":["GET"]}}],"collection":[{"href":"https:\/\/abinox-chr-clim.com\/index.php\/wp-json\/wp\/v2\/product"}],"about":[{"href":"https:\/\/abinox-chr-clim.com\/index.php\/wp-json\/wp\/v2\/types\/product"}],"replies":[{"embeddable":true,"href":"https:\/\/abinox-chr-clim.com\/index.php\/wp-json\/wp\/v2\/comments?post=110887"}],"wp:featuredmedia":[{"embeddable":true,"href":"https:\/\/abinox-chr-clim.com\/index.php\/wp-json\/wp\/v2\/media\/106346"}],"wp:attachment":[{"href":"https:\/\/abinox-chr-clim.com\/index.php\/wp-json\/wp\/v2\/media?parent=110887"}],"wp:term":[{"taxonomy":"product_brand","embeddable":true,"href":"https:\/\/abinox-chr-clim.com\/index.php\/wp-json\/wp\/v2\/product_brand?post=110887"},{"taxonomy":"product_cat","embeddable":true,"href":"https:\/\/abinox-chr-clim.com\/index.php\/wp-json\/wp\/v2\/product_cat?post=110887"},{"taxonomy":"product_tag","embeddable":true,"href":"https:\/\/abinox-chr-clim.com\/index.php\/wp-json\/wp\/v2\/product_tag?post=110887"}],"curies":[{"name":"wp","href":"https:\/\/api.w.org\/{rel}","templated":true}]}}