{"id":110880,"date":"2025-05-29T12:11:27","date_gmt":"2025-05-29T10:11:27","guid":{"rendered":"https:\/\/abinox-chr-clim.com\/index.php\/product\/plat-en-fonte-ovale-olympia-280x190mm\/"},"modified":"2026-04-14T09:46:01","modified_gmt":"2026-04-14T07:46:01","slug":"plat-en-fonte-ovale-olympia-280x190mm","status":"publish","type":"product","link":"https:\/\/abinox-chr-clim.com\/index.php\/product\/plat-en-fonte-ovale-olympia-280x190mm\/","title":{"rendered":"Plat en fonte ovale Olympia 280x190mm"},"content":{"rendered":"<p>Plats avec poign\u00e9e amovible. Supports vendus s\u00e9par\u00e9ment.<\/p>\n<p>\u2022 Le mat\u00e9riau en fonte offre une excellente r\u00e9tention de la chaleur<br \/>\u2022 La poign\u00e9e permet un transport facile<br \/>\u2022 La poign\u00e9e permet \u00e9galement d&rsquo;\u00e9viter les br\u00fblures<br \/>\u2022 Antiadh\u00e9sif une fois assaisonn\u00e9<br \/>\u2022 Les propri\u00e9t\u00e9s de r\u00e9tention de la chaleur assurent une cuisson uniforme<br \/>\u2022 La fonte offre une excellente durabilit\u00e9<br \/>\u2022 La conception durable assure une utilisation de longue dur\u00e9e<\/p>\n<p><b><u>Caract\u00e9ristiques du produit :<\/u><\/b><br \/>\u2022 Dim. : 280(L)x 190(P)mm<br \/>\u2022 Mati\u00e8re : Fonte<br \/>\u2022 Poids : 1,7 kg<br \/>\u2022 Couleur : Noir.<\/p>\n","protected":false},"excerpt":{"rendered":"<p>Dimensions: 279(L)x 190(P)mm. Ovale.<\/p>\n","protected":false},"featured_media":105683,"comment_status":"open","ping_status":"closed","template":"","meta":[],"product_brand":[],"product_cat":[1024,1023,1297,1029],"product_tag":[],"class_list":{"0":"post-110880","1":"product","2":"type-product","3":"status-publish","4":"has-post-thumbnail","6":"product_cat-accessoires-de-table","7":"product_cat-art-de-la-table","8":"product_cat-non-palettisable","9":"product_cat-presentation","10":"product_shipping_class-free-shipping","12":"first","13":"instock","14":"featured","15":"taxable","16":"shipping-taxable","17":"purchasable","18":"product-type-simple"},"_links":{"self":[{"href":"https:\/\/abinox-chr-clim.com\/index.php\/wp-json\/wp\/v2\/product\/110880","targetHints":{"allow":["GET"]}}],"collection":[{"href":"https:\/\/abinox-chr-clim.com\/index.php\/wp-json\/wp\/v2\/product"}],"about":[{"href":"https:\/\/abinox-chr-clim.com\/index.php\/wp-json\/wp\/v2\/types\/product"}],"replies":[{"embeddable":true,"href":"https:\/\/abinox-chr-clim.com\/index.php\/wp-json\/wp\/v2\/comments?post=110880"}],"wp:featuredmedia":[{"embeddable":true,"href":"https:\/\/abinox-chr-clim.com\/index.php\/wp-json\/wp\/v2\/media\/105683"}],"wp:attachment":[{"href":"https:\/\/abinox-chr-clim.com\/index.php\/wp-json\/wp\/v2\/media?parent=110880"}],"wp:term":[{"taxonomy":"product_brand","embeddable":true,"href":"https:\/\/abinox-chr-clim.com\/index.php\/wp-json\/wp\/v2\/product_brand?post=110880"},{"taxonomy":"product_cat","embeddable":true,"href":"https:\/\/abinox-chr-clim.com\/index.php\/wp-json\/wp\/v2\/product_cat?post=110880"},{"taxonomy":"product_tag","embeddable":true,"href":"https:\/\/abinox-chr-clim.com\/index.php\/wp-json\/wp\/v2\/product_tag?post=110880"}],"curies":[{"name":"wp","href":"https:\/\/api.w.org\/{rel}","templated":true}]}}