{"id":110863,"date":"2025-05-29T12:10:47","date_gmt":"2025-05-29T10:10:47","guid":{"rendered":"https:\/\/abinox-chr-clim.com\/index.php\/product\/bol-rond-aps-float-blanc-55mm\/"},"modified":"2026-04-14T08:58:05","modified_gmt":"2026-04-14T06:58:05","slug":"bol-rond-aps-float-blanc-55mm","status":"publish","type":"product","link":"https:\/\/abinox-chr-clim.com\/index.php\/product\/bol-rond-aps-float-blanc-55mm\/","title":{"rendered":"Bol rond APS Float blanc 55mm"},"content":{"rendered":"<p>La m\u00e9lamine est une mati\u00e8re plastique durable, r\u00e9sistant aux rayures et aux taches, alternative solide et l\u00e9g\u00e8re \u00e0 la porcelaine pour r\u00e9pondre aux exigences d&rsquo;une utilisation quotidienne.<\/p>\n<p>\u2022 Compatible lave-vaisselle<br \/>\u2022 Empilable<br \/>\u2022 Pieds antid\u00e9rapants<\/p>\n<p><b><u>Caract\u00e9ristiques du produit :<\/u><\/b><br \/>\u2022 Capacit\u00e9 : 50 ml<br \/>\u2022 Dim. : 30(H) x 55(\u00d8) mm<br \/>\u2022 Mati\u00e8re : M\u00e9lamine<br \/>\u2022 Poids : 640 g<br \/>\u2022 Couleur : Blanc.<\/p>\n","protected":false},"excerpt":{"rendered":"<p>Capacit\u00e9 : 50ml. 55(\u00d8)mm.<\/p>\n","protected":false},"featured_media":107296,"comment_status":"open","ping_status":"closed","template":"","meta":[],"product_brand":[],"product_cat":[1115,1114,1297,1106],"product_tag":[],"class_list":{"0":"post-110863","1":"product","2":"type-product","3":"status-publish","4":"has-post-thumbnail","6":"product_cat-accessoires-buffet","7":"product_cat-buffet","8":"product_cat-non-palettisable","9":"product_cat-restaurant-bar-et-hotel","10":"product_shipping_class-free-shipping","12":"first","13":"instock","14":"featured","15":"taxable","16":"shipping-taxable","17":"purchasable","18":"product-type-simple"},"_links":{"self":[{"href":"https:\/\/abinox-chr-clim.com\/index.php\/wp-json\/wp\/v2\/product\/110863","targetHints":{"allow":["GET"]}}],"collection":[{"href":"https:\/\/abinox-chr-clim.com\/index.php\/wp-json\/wp\/v2\/product"}],"about":[{"href":"https:\/\/abinox-chr-clim.com\/index.php\/wp-json\/wp\/v2\/types\/product"}],"replies":[{"embeddable":true,"href":"https:\/\/abinox-chr-clim.com\/index.php\/wp-json\/wp\/v2\/comments?post=110863"}],"wp:featuredmedia":[{"embeddable":true,"href":"https:\/\/abinox-chr-clim.com\/index.php\/wp-json\/wp\/v2\/media\/107296"}],"wp:attachment":[{"href":"https:\/\/abinox-chr-clim.com\/index.php\/wp-json\/wp\/v2\/media?parent=110863"}],"wp:term":[{"taxonomy":"product_brand","embeddable":true,"href":"https:\/\/abinox-chr-clim.com\/index.php\/wp-json\/wp\/v2\/product_brand?post=110863"},{"taxonomy":"product_cat","embeddable":true,"href":"https:\/\/abinox-chr-clim.com\/index.php\/wp-json\/wp\/v2\/product_cat?post=110863"},{"taxonomy":"product_tag","embeddable":true,"href":"https:\/\/abinox-chr-clim.com\/index.php\/wp-json\/wp\/v2\/product_tag?post=110863"}],"curies":[{"name":"wp","href":"https:\/\/api.w.org\/{rel}","templated":true}]}}