{"id":110862,"date":"2025-05-29T12:10:46","date_gmt":"2025-05-29T10:10:46","guid":{"rendered":"https:\/\/abinox-chr-clim.com\/index.php\/product\/table-carree-en-acier-blanc-bolero-bistro-668mm\/"},"modified":"2026-04-14T08:55:19","modified_gmt":"2026-04-14T06:55:19","slug":"table-carree-en-acier-blanc-bolero-bistro-668mm","status":"publish","type":"product","link":"https:\/\/abinox-chr-clim.com\/index.php\/product\/table-carree-en-acier-blanc-bolero-bistro-668mm\/","title":{"rendered":"Table carr\u00e9e en acier blanc Bolero Bistro 668mm"},"content":{"rendered":"<p>Fabriqu\u00e9e en acier galvanis\u00e9, cette table pr\u00e9sente un design solide et est facile \u00e0 nettoyer et \u00e0 entretenir, ce qui la rend id\u00e9ale pour une utilisation r\u00e9guli\u00e8re dans des lieux tr\u00e8s fr\u00e9quent\u00e9s.<\/p>\n<p>\u2022 Pour une utilisation en int\u00e9rieur et en ext\u00e9rieur couvert<br \/>\u2022 Empilable<br \/>\u2022 Pieds en caoutchouc antid\u00e9rapants<br \/>\u2022 R\u00e9f\u00e9rence soumise \u00e0 une Eco-participation de 1.96\u20ac par unit\u00e9 vendue applicable en France uniquement\u00a0<br \/>\u2022 S&rsquo;inspire du style industriel<br \/>\u2022 M\u00e9langez et assortissez avec d&rsquo;autres couleurs de la gamme<br \/>\u2022 Dimensions de l&rsquo;encombrement : 815(L) x 815(P) mm<br \/>\u2022 Facile \u00e0 nettoyer<\/p>\n<p><b><u>Caract\u00e9ristiques du produit :<\/u><\/b><br \/>\u2022 Dim. : 760(H) x 660(L) x 660(P)mm<br \/>\u2022 Mati\u00e8re : Acier galvanis\u00e9<br \/>\u2022 Poids : 10,5 kg<br \/>\u2022 Couleur : Blanc.<\/p>\n","protected":false},"excerpt":{"rendered":"<p>765(H)x 668(L)x 668(P)mm. Vendue \u00e0 l&rsquo;unit\u00e9<\/p>\n","protected":false},"featured_media":107638,"comment_status":"open","ping_status":"closed","template":"","meta":[],"product_brand":[],"product_cat":[1208,1201,1297,1212],"product_tag":[],"class_list":{"0":"post-110862","1":"product","2":"type-product","3":"status-publish","4":"has-post-thumbnail","6":"product_cat-interieur","7":"product_cat-mobilier","8":"product_cat-non-palettisable","9":"product_cat-tables-interieur","10":"product_shipping_class-free-shipping","12":"first","13":"instock","14":"featured","15":"taxable","16":"shipping-taxable","17":"purchasable","18":"product-type-simple"},"_links":{"self":[{"href":"https:\/\/abinox-chr-clim.com\/index.php\/wp-json\/wp\/v2\/product\/110862","targetHints":{"allow":["GET"]}}],"collection":[{"href":"https:\/\/abinox-chr-clim.com\/index.php\/wp-json\/wp\/v2\/product"}],"about":[{"href":"https:\/\/abinox-chr-clim.com\/index.php\/wp-json\/wp\/v2\/types\/product"}],"replies":[{"embeddable":true,"href":"https:\/\/abinox-chr-clim.com\/index.php\/wp-json\/wp\/v2\/comments?post=110862"}],"wp:featuredmedia":[{"embeddable":true,"href":"https:\/\/abinox-chr-clim.com\/index.php\/wp-json\/wp\/v2\/media\/107638"}],"wp:attachment":[{"href":"https:\/\/abinox-chr-clim.com\/index.php\/wp-json\/wp\/v2\/media?parent=110862"}],"wp:term":[{"taxonomy":"product_brand","embeddable":true,"href":"https:\/\/abinox-chr-clim.com\/index.php\/wp-json\/wp\/v2\/product_brand?post=110862"},{"taxonomy":"product_cat","embeddable":true,"href":"https:\/\/abinox-chr-clim.com\/index.php\/wp-json\/wp\/v2\/product_cat?post=110862"},{"taxonomy":"product_tag","embeddable":true,"href":"https:\/\/abinox-chr-clim.com\/index.php\/wp-json\/wp\/v2\/product_tag?post=110862"}],"curies":[{"name":"wp","href":"https:\/\/api.w.org\/{rel}","templated":true}]}}