{"id":110859,"date":"2025-05-29T12:10:41","date_gmt":"2025-05-29T10:10:41","guid":{"rendered":"https:\/\/abinox-chr-clim.com\/index.php\/product\/coffre-fort-dhotel-standard-bolero\/"},"modified":"2026-04-24T09:02:34","modified_gmt":"2026-04-24T07:02:34","slug":"coffre-fort-dhotel-standard-bolero","status":"publish","type":"product","link":"https:\/\/abinox-chr-clim.com\/index.php\/product\/coffre-fort-dhotel-standard-bolero\/","title":{"rendered":"Coffre-fort d&rsquo;h\u00f4tel standard Bolero"},"content":{"rendered":"<p>En acier pour stocker les objets pr\u00e9cieux tels que  portefeuilles et passeports. Peut \u00eatre fix\u00e9 au sol ou au mur pour une s\u00e9curit\u00e9 suppl\u00e9mentaire et livr\u00e9 avec deux cl\u00e9s et un panneau d&rsquo;informations client. Chaque coffre-fort poss\u00e8de un jeu de cl\u00e9s diff\u00e9rent.<\/p>\n<p>\u2022 Se fixe au sol ou au mur pour une meilleure productivit\u00e9<br \/>\u2022 2 cl\u00e9s pour ouverture manuelle. Chaque coffre-fort poss\u00e8de un jeu de cl\u00e9s diff\u00e9rent.<br \/>\u2022 Panneau d&rsquo;informations client pour une utilisation simple<br \/>\u2022 Accessible par un code utilisateur ou un code ma\u00eetre pour plus de facilit\u00e9<br \/>\u2022 Les clients sont s\u00fbrs que leurs objets de valeur sont en s\u00e9curit\u00e9<\/p>\n<p><b><u>Caract\u00e9ristiques du produit :<\/u><\/b><br \/>\u2022 Dim. : 200(H)x 310(L)x 200(P)mm<br \/>\u2022 Dim. interne : 190(H) x 300(L) x 140(P)mm<br \/>\u2022 Mati\u00e8re : Acier<br \/>\u2022 Poids : 7 kg<br \/>\u2022 Couleur : Noir.<\/p>\n","protected":false},"excerpt":{"rendered":"<p>Noir. 200(h)x 310(l)x 200(p)mm (int.190H x 300L x 140P mm)<\/p>\n","protected":false},"featured_media":108843,"comment_status":"open","ping_status":"closed","template":"","meta":[],"product_brand":[],"product_cat":[1136,1297,1134,1106],"product_tag":[],"class_list":{"0":"post-110859","1":"product","2":"type-product","3":"status-publish","4":"has-post-thumbnail","6":"product_cat-chambre-dhotel","7":"product_cat-non-palettisable","8":"product_cat-reception-hotellerie","9":"product_cat-restaurant-bar-et-hotel","10":"product_shipping_class-free-shipping","12":"first","13":"outofstock","14":"featured","15":"taxable","16":"shipping-taxable","17":"purchasable","18":"product-type-simple"},"_links":{"self":[{"href":"https:\/\/abinox-chr-clim.com\/index.php\/wp-json\/wp\/v2\/product\/110859","targetHints":{"allow":["GET"]}}],"collection":[{"href":"https:\/\/abinox-chr-clim.com\/index.php\/wp-json\/wp\/v2\/product"}],"about":[{"href":"https:\/\/abinox-chr-clim.com\/index.php\/wp-json\/wp\/v2\/types\/product"}],"replies":[{"embeddable":true,"href":"https:\/\/abinox-chr-clim.com\/index.php\/wp-json\/wp\/v2\/comments?post=110859"}],"wp:featuredmedia":[{"embeddable":true,"href":"https:\/\/abinox-chr-clim.com\/index.php\/wp-json\/wp\/v2\/media\/108843"}],"wp:attachment":[{"href":"https:\/\/abinox-chr-clim.com\/index.php\/wp-json\/wp\/v2\/media?parent=110859"}],"wp:term":[{"taxonomy":"product_brand","embeddable":true,"href":"https:\/\/abinox-chr-clim.com\/index.php\/wp-json\/wp\/v2\/product_brand?post=110859"},{"taxonomy":"product_cat","embeddable":true,"href":"https:\/\/abinox-chr-clim.com\/index.php\/wp-json\/wp\/v2\/product_cat?post=110859"},{"taxonomy":"product_tag","embeddable":true,"href":"https:\/\/abinox-chr-clim.com\/index.php\/wp-json\/wp\/v2\/product_tag?post=110859"}],"curies":[{"name":"wp","href":"https:\/\/api.w.org\/{rel}","templated":true}]}}