{"id":110856,"date":"2025-05-29T12:10:36","date_gmt":"2025-05-29T10:10:36","guid":{"rendered":"https:\/\/abinox-chr-clim.com\/index.php\/product\/bacs-pp-hygiplas-click-gn-1-6-avec-couvercles-et-7-clips-de-couleur-150mm-22l-lot-de-4\/"},"modified":"2025-08-26T15:02:27","modified_gmt":"2025-08-26T13:02:27","slug":"bacs-pp-hygiplas-click-gn-1-6-avec-couvercles-et-7-clips-de-couleur-150mm-22l-lot-de-4","status":"publish","type":"product","link":"https:\/\/abinox-chr-clim.com\/index.php\/product\/bacs-pp-hygiplas-click-gn-1-6-avec-couvercles-et-7-clips-de-couleur-150mm-22l-lot-de-4\/","title":{"rendered":"Bacs PP Hygiplas Click GN 1\/6 avec couvercles et 7 clips de couleur 150mm 2,2L (lot de 4)"},"content":{"rendered":"<p>R\u00e9cipients durables pour le stockage des aliments, dot\u00e9s d&rsquo;un syst\u00e8me de clips \u00e0 code couleur pour la conformit\u00e9 HACCP, de couvercles herm\u00e9tiques et d&rsquo;une construction tr\u00e8s r\u00e9sistante en polypropyl\u00e8ne. Chaque lot comprend des r\u00e9cipients GN, des couvercles compatibles et des jeux de 7 clips de couleur HACCP. Passent au lave-vaisselle, au r\u00e9frig\u00e9rateur et au cong\u00e9lateur.<\/p>\n<p>\u2022 Vendus par lot de 4 &#8211; le lot comprend 4 bacs GN, 4 couvercles compatibles, 4 ensembles de 7 clips color\u00e9s HACCP<br \/>\u2022 Dimensions: 176(L)x162(P)x150(H)mm. Capacit\u00e9 2,2L. Poids du bac: 168g. Poids du couvercle: 70g<br \/>\u2022 Les couvercles et bacs GN peuvent \u00eatre cod\u00e9s par couleur pour aider \u00e0 stocker les aliments conform\u00e9ment aux principes HACCP, les clips sont disponibles en 7 couleurs selon l&rsquo;utilisation pr\u00e9vue. Il suffit de mettre en place le clip de couleur sur le conteneur et le couvercle GN selon les besoins.<br \/>\u2022 Couleurs des clips disponibles : marron, jaune, rouge, vert, violet, bleu, blanc pour indiquer l&rsquo;utilisation avec des types d&rsquo;aliments sp\u00e9cifiques<br \/>\u2022 Couvercle herm\u00e9tique<br \/>\u2022 R\u00e9sistant aux rayures\/taches. Compatible lave-vaisselle<br \/>\u2022 Plage de temp\u00e9rature de -40\u00b0C \u00e0 70\u00b0C. Convient pour contenir des aliments chauds et froids<br \/>\u2022 S\u00fbr \u00e0 utiliser dans votre r\u00e9frig\u00e9rateur ou cong\u00e9lateur comme option de stockage alimentaire suppl\u00e9mentaire<br \/>\u2022 Le design transparent vous permet d&rsquo;identifier instantan\u00e9ment le contenu sans l&rsquo;ouvrir<\/p>\n<p><b><u>Caract\u00e9ristiques du produit :<\/u><\/b><br \/>\u2022 Lot : 4.0<br \/>\u2022 Capacit\u00e9 : 2,2 L<br \/>\u2022 Dim. : 150(H) x 162(L) x 150(P) mm<br \/>\u2022 Mati\u00e8re : Polypropyl\u00e8ne<br \/>\u2022 Poids : 238 g<br \/>\u2022 Couleur : Transparent<multisep\/>Violet.<\/p>\n","protected":false},"excerpt":{"rendered":"<p>Polypropyl\u00e8ne<\/p>\n","protected":false},"featured_media":107636,"comment_status":"open","ping_status":"closed","template":"","meta":[],"product_brand":[],"product_cat":[1280,1064,1296,1074],"product_tag":[],"class_list":{"0":"post-110856","1":"product","2":"type-product","3":"status-publish","4":"has-post-thumbnail","6":"product_cat-conteneurs-alimentaires-et-bacs-gastronorme-cuisine","7":"product_cat-cuisine","8":"product_cat-palettisable","9":"product_cat-thermobox-et-sacs","10":"product_shipping_class-free-shipping","12":"first","13":"outofstock","14":"featured","15":"taxable","16":"shipping-taxable","17":"purchasable","18":"product-type-simple"},"_links":{"self":[{"href":"https:\/\/abinox-chr-clim.com\/index.php\/wp-json\/wp\/v2\/product\/110856","targetHints":{"allow":["GET"]}}],"collection":[{"href":"https:\/\/abinox-chr-clim.com\/index.php\/wp-json\/wp\/v2\/product"}],"about":[{"href":"https:\/\/abinox-chr-clim.com\/index.php\/wp-json\/wp\/v2\/types\/product"}],"replies":[{"embeddable":true,"href":"https:\/\/abinox-chr-clim.com\/index.php\/wp-json\/wp\/v2\/comments?post=110856"}],"wp:featuredmedia":[{"embeddable":true,"href":"https:\/\/abinox-chr-clim.com\/index.php\/wp-json\/wp\/v2\/media\/107636"}],"wp:attachment":[{"href":"https:\/\/abinox-chr-clim.com\/index.php\/wp-json\/wp\/v2\/media?parent=110856"}],"wp:term":[{"taxonomy":"product_brand","embeddable":true,"href":"https:\/\/abinox-chr-clim.com\/index.php\/wp-json\/wp\/v2\/product_brand?post=110856"},{"taxonomy":"product_cat","embeddable":true,"href":"https:\/\/abinox-chr-clim.com\/index.php\/wp-json\/wp\/v2\/product_cat?post=110856"},{"taxonomy":"product_tag","embeddable":true,"href":"https:\/\/abinox-chr-clim.com\/index.php\/wp-json\/wp\/v2\/product_tag?post=110856"}],"curies":[{"name":"wp","href":"https:\/\/api.w.org\/{rel}","templated":true}]}}