{"id":110845,"date":"2025-05-29T12:10:14","date_gmt":"2025-05-29T10:10:14","guid":{"rendered":"https:\/\/abinox-chr-clim.com\/index.php\/product\/bacs-pp-hygiplas-click-gn-1-1-avec-couvercles-et-7-clips-de-couleur-150mm-195l-lot-de-2\/"},"modified":"2025-08-26T15:02:14","modified_gmt":"2025-08-26T13:02:14","slug":"bacs-pp-hygiplas-click-gn-1-1-avec-couvercles-et-7-clips-de-couleur-150mm-195l-lot-de-2","status":"publish","type":"product","link":"https:\/\/abinox-chr-clim.com\/index.php\/product\/bacs-pp-hygiplas-click-gn-1-1-avec-couvercles-et-7-clips-de-couleur-150mm-195l-lot-de-2\/","title":{"rendered":"Bacs PP Hygiplas Click GN 1\/1 avec couvercles et 7 clips de couleur 150mm 19,5L (lot de 2)"},"content":{"rendered":"<p>R\u00e9cipients durables pour le stockage des aliments, dot\u00e9s d&rsquo;un syst\u00e8me de clips \u00e0 code couleur pour la conformit\u00e9 HACCP, de couvercles herm\u00e9tiques et d&rsquo;une construction tr\u00e8s r\u00e9sistante en polypropyl\u00e8ne. Chaque lot comprend des r\u00e9cipients GN, des couvercles compatibles et des jeux de 7 clips de couleur HACCP. Passent au lave-vaisselle, au r\u00e9frig\u00e9rateur et au cong\u00e9lateur.<\/p>\n<p>\u2022 Vendus par lot de 2 &#8211; le lot comprend 2 bacs GN, 2 couvercles compatibles, 2 ensembles de 7 clips color\u00e9s HACCP<br \/>\u2022 Poids du bac : 812g. Poids du couvercle : 436g<br \/>\u2022 Les couvercles et bacs GN peuvent \u00eatre cod\u00e9s par couleur pour aider \u00e0 stocker les aliments conform\u00e9ment aux principes HACCP, les clips sont disponibles en 7 couleurs selon l&rsquo;utilisation pr\u00e9vue. Il suffit de mettre en place le clip de couleur sur le conteneur et le couvercle GN selon les besoins.<br \/>\u2022 Couleurs des clips disponibles : marron, jaune, rouge, vert, violet, bleu, blanc pour indiquer l&rsquo;utilisation avec des types d&rsquo;aliments sp\u00e9cifiques<br \/>\u2022 Couvercle herm\u00e9tique<br \/>\u2022 R\u00e9sistant aux rayures\/taches. Compatible lave-vaisselle<br \/>\u2022 Plage de temp\u00e9rature de -40\u00b0C \u00e0 70\u00b0C. Convient pour contenir des aliments chauds et froids<br \/>\u2022 S\u00fbr \u00e0 utiliser dans votre r\u00e9frig\u00e9rateur ou cong\u00e9lateur comme option de stockage alimentaire suppl\u00e9mentaire<br \/>\u2022 Le design transparent vous permet d&rsquo;identifier instantan\u00e9ment le contenu sans l&rsquo;ouvrir<\/p>\n<p><b><u>Caract\u00e9ristiques du produit :<\/u><\/b><br \/>\u2022 Lot : 2.0<br \/>\u2022 Capacit\u00e9 : 19,5 L<br \/>\u2022 Dim. : 150(H) x 325(L) x 530(P) mm<br \/>\u2022 Mati\u00e8re : Polypropyl\u00e8ne<br \/>\u2022 Temp\u00e9rature : -40 \u00b0C \u00e0 70 \u00b0C<br \/>\u2022 Poids : 1,248 kg<br \/>\u2022 Couleur : Blanc.<\/p>\n","protected":false},"excerpt":{"rendered":"<p>Polypropyl\u00e8ne<\/p>\n","protected":false},"featured_media":106416,"comment_status":"open","ping_status":"closed","template":"","meta":[],"product_brand":[],"product_cat":[1280,1064,1296,1074],"product_tag":[],"class_list":{"0":"post-110845","1":"product","2":"type-product","3":"status-publish","4":"has-post-thumbnail","6":"product_cat-conteneurs-alimentaires-et-bacs-gastronorme-cuisine","7":"product_cat-cuisine","8":"product_cat-palettisable","9":"product_cat-thermobox-et-sacs","10":"product_shipping_class-free-shipping","12":"first","13":"outofstock","14":"featured","15":"taxable","16":"shipping-taxable","17":"purchasable","18":"product-type-simple"},"_links":{"self":[{"href":"https:\/\/abinox-chr-clim.com\/index.php\/wp-json\/wp\/v2\/product\/110845","targetHints":{"allow":["GET"]}}],"collection":[{"href":"https:\/\/abinox-chr-clim.com\/index.php\/wp-json\/wp\/v2\/product"}],"about":[{"href":"https:\/\/abinox-chr-clim.com\/index.php\/wp-json\/wp\/v2\/types\/product"}],"replies":[{"embeddable":true,"href":"https:\/\/abinox-chr-clim.com\/index.php\/wp-json\/wp\/v2\/comments?post=110845"}],"wp:featuredmedia":[{"embeddable":true,"href":"https:\/\/abinox-chr-clim.com\/index.php\/wp-json\/wp\/v2\/media\/106416"}],"wp:attachment":[{"href":"https:\/\/abinox-chr-clim.com\/index.php\/wp-json\/wp\/v2\/media?parent=110845"}],"wp:term":[{"taxonomy":"product_brand","embeddable":true,"href":"https:\/\/abinox-chr-clim.com\/index.php\/wp-json\/wp\/v2\/product_brand?post=110845"},{"taxonomy":"product_cat","embeddable":true,"href":"https:\/\/abinox-chr-clim.com\/index.php\/wp-json\/wp\/v2\/product_cat?post=110845"},{"taxonomy":"product_tag","embeddable":true,"href":"https:\/\/abinox-chr-clim.com\/index.php\/wp-json\/wp\/v2\/product_tag?post=110845"}],"curies":[{"name":"wp","href":"https:\/\/api.w.org\/{rel}","templated":true}]}}