{"id":110842,"date":"2025-05-29T12:10:09","date_gmt":"2025-05-29T10:10:09","guid":{"rendered":"https:\/\/abinox-chr-clim.com\/index.php\/product\/grand-chariot-pro-cart-ultra-cambro-chaud-chaud-2-portes-anthracite\/"},"modified":"2026-04-24T11:04:37","modified_gmt":"2026-04-24T09:04:37","slug":"grand-chariot-pro-cart-ultra-cambro-chaud-chaud-2-portes-anthracite","status":"publish","type":"product","link":"https:\/\/abinox-chr-clim.com\/index.php\/product\/grand-chariot-pro-cart-ultra-cambro-chaud-chaud-2-portes-anthracite\/","title":{"rendered":"Grand chariot Pro Cart Ultra Cambro chaud\/chaud 2 portes anthracite"},"content":{"rendered":"<p>Fabriqu\u00e9 avec une isolation en polyur\u00e9thane sans CFC, le Cambro Pro Cart Ultra est durable et capable de conserver la temp\u00e9rature pendant au moins 4 heures sans \u00e9lectricit\u00e9. Le chariot est \u00e9quip\u00e9 d&rsquo;un module de chauffage \u00e9lectrique qui fournit des temp\u00e9ratures constantes jusqu&rsquo;\u00e0 85&#730;C. Cela vous permet de transporter facilement des ingr\u00e9dients chauds.<\/p>\n<p>\u2022 Le module chaud maintient en toute s\u00e9curit\u00e9 la temp\u00e9rature des aliments entre 65,6 \u00b0C et 73,9 \u00b0C avec une chaleur douce et non rayonnante.<br \/>\u2022 Module chaud : Temp\u00e9rature r\u00e9glable de 21&#730;C \u00e0 85&#730;C<br \/>\u2022 Chauffe de la temp\u00e9rature ambiante \u00e0 73,9 \u00b0C en 15 minutes<br \/>\u2022 Temps de r\u00e9cup\u00e9ration de 20 secondes* *Temps de r\u00e9cup\u00e9ration moyen bas\u00e9 sur une temp\u00e9rature ambiante de 74\u00b0F, compartiments vides avec porte ouverte pendant 30 secondes<br \/>\u2022 L&rsquo;\u00e9cran tactile facilite le contr\u00f4le du module<br \/>\u2022 Les roulettes durables rendent le chariot facile \u00e0 transporter<br \/>\u2022 D&rsquo;excellentes propri\u00e9t\u00e9s d&rsquo;isolation permettent de maintenir des temp\u00e9ratures constantes<\/p>\n<p><b><u>Caract\u00e9ristiques du produit :<\/u><\/b><br \/>\u2022 Mati\u00e8re : Polypropyl\u00e8ne<br \/>\u2022 Poids : 65 kg<br \/>\u2022 Couleur : Gris.<\/p>\n","protected":false},"excerpt":{"rendered":"<p>1501(H) x 863(L) x 556(P)mm<\/p>\n","protected":false},"featured_media":105893,"comment_status":"open","ping_status":"closed","template":"","meta":[],"product_brand":[],"product_cat":[1280,1064,1296,1074],"product_tag":[],"class_list":{"0":"post-110842","1":"product","2":"type-product","3":"status-publish","4":"has-post-thumbnail","6":"product_cat-conteneurs-alimentaires-et-bacs-gastronorme-cuisine","7":"product_cat-cuisine","8":"product_cat-palettisable","9":"product_cat-thermobox-et-sacs","10":"product_shipping_class-free-shipping","12":"first","13":"outofstock","14":"featured","15":"taxable","16":"shipping-taxable","17":"purchasable","18":"product-type-simple"},"_links":{"self":[{"href":"https:\/\/abinox-chr-clim.com\/index.php\/wp-json\/wp\/v2\/product\/110842","targetHints":{"allow":["GET"]}}],"collection":[{"href":"https:\/\/abinox-chr-clim.com\/index.php\/wp-json\/wp\/v2\/product"}],"about":[{"href":"https:\/\/abinox-chr-clim.com\/index.php\/wp-json\/wp\/v2\/types\/product"}],"replies":[{"embeddable":true,"href":"https:\/\/abinox-chr-clim.com\/index.php\/wp-json\/wp\/v2\/comments?post=110842"}],"wp:featuredmedia":[{"embeddable":true,"href":"https:\/\/abinox-chr-clim.com\/index.php\/wp-json\/wp\/v2\/media\/105893"}],"wp:attachment":[{"href":"https:\/\/abinox-chr-clim.com\/index.php\/wp-json\/wp\/v2\/media?parent=110842"}],"wp:term":[{"taxonomy":"product_brand","embeddable":true,"href":"https:\/\/abinox-chr-clim.com\/index.php\/wp-json\/wp\/v2\/product_brand?post=110842"},{"taxonomy":"product_cat","embeddable":true,"href":"https:\/\/abinox-chr-clim.com\/index.php\/wp-json\/wp\/v2\/product_cat?post=110842"},{"taxonomy":"product_tag","embeddable":true,"href":"https:\/\/abinox-chr-clim.com\/index.php\/wp-json\/wp\/v2\/product_tag?post=110842"}],"curies":[{"name":"wp","href":"https:\/\/api.w.org\/{rel}","templated":true}]}}