{"id":110837,"date":"2025-05-29T12:09:58","date_gmt":"2025-05-29T10:09:58","guid":{"rendered":"https:\/\/abinox-chr-clim.com\/index.php\/product\/couteau-a-trancher-dente-hygiplas-vert-25cm\/"},"modified":"2026-04-24T11:14:10","modified_gmt":"2026-04-24T09:14:10","slug":"couteau-a-trancher-dente-hygiplas-vert-25cm","status":"publish","type":"product","link":"https:\/\/abinox-chr-clim.com\/index.php\/product\/couteau-a-trancher-dente-hygiplas-vert-25cm\/","title":{"rendered":"Couteau \u00e0 trancher dent\u00e9 Hygiplas vert 25cm"},"content":{"rendered":"<p>Le couteau de cuisine vert Hygiplas est dot\u00e9 d&rsquo;une lame en acier inoxydable de 25,4 cm qui tranche facilement les produits et facilite la plupart des t\u00e2ches de pr\u00e9paration. La lame peut \u00eatre identifi\u00e9e comme un couteau \u00e0 salade et fruits gr\u00e2ce \u00e0 son manche vert durable et r\u00e9sistant au lave-vaisselle, vous aidant \u00e0 r\u00e9duire la contamination crois\u00e9e dans votre cuisine et vos zones de pr\u00e9paration des aliments pour une hygi\u00e8ne maximale. Le manche est \u00e9galement con\u00e7u avec une construction ergonomique qui offre une sensation confortable dans la main et une excellente prise en main qu&rsquo;il soit mouill\u00e9 ou sec &#8211; r\u00e9duisant le risque de blessures au travail.Fabriqu\u00e9 avec une lame en acier inoxydable, le couteau est tr\u00e8s r\u00e9sistant \u00e0 la rouille, \u00e0 la corrosion et aux impacts, tout en \u00e9tant facile \u00e0 nettoyer apr\u00e8s utilisation &#8211; vous faisant \u00e9conomiser de l&rsquo;argent sur les frais de remplacement et du temps sur les longues t\u00e2ches de nettoyage.<\/p>\n<p>\u2022 Manche en nylon \u00e0 prise souple<br \/>\u2022 Lame en acier inoxydable solide et durable<br \/>\u2022 Indice de duret\u00e9 Rockwell 52-57\u00b0<br \/>\u2022 Vert &#8211; \u00e0 utiliser avec salades et fruits<br \/>\u2022 Compatible lave-vaisselle<\/p>\n<p><b><u>Caract\u00e9ristiques du produit :<\/u><\/b><br \/>\u2022 Dim. : 255(L) mm<br \/>\u2022 Mati\u00e8re : Stainless Steel<br \/>\u2022 Poids : 100 g<br \/>\u2022 Couleur : Vert.<\/p>\n","protected":false},"excerpt":{"rendered":"<p>Longueur de lame : 255mm. Vert pour salades et fruits<\/p>\n","protected":false},"featured_media":106776,"comment_status":"open","ping_status":"closed","template":"","meta":[],"product_brand":[],"product_cat":[1075,1064,1081,1297],"product_tag":[],"class_list":{"0":"post-110837","1":"product","2":"type-product","3":"status-publish","4":"has-post-thumbnail","6":"product_cat-couteaux","7":"product_cat-cuisine","8":"product_cat-hygiplas","9":"product_cat-non-palettisable","10":"product_shipping_class-free-shipping","12":"first","13":"instock","14":"featured","15":"taxable","16":"shipping-taxable","17":"purchasable","18":"product-type-simple"},"_links":{"self":[{"href":"https:\/\/abinox-chr-clim.com\/index.php\/wp-json\/wp\/v2\/product\/110837","targetHints":{"allow":["GET"]}}],"collection":[{"href":"https:\/\/abinox-chr-clim.com\/index.php\/wp-json\/wp\/v2\/product"}],"about":[{"href":"https:\/\/abinox-chr-clim.com\/index.php\/wp-json\/wp\/v2\/types\/product"}],"replies":[{"embeddable":true,"href":"https:\/\/abinox-chr-clim.com\/index.php\/wp-json\/wp\/v2\/comments?post=110837"}],"wp:featuredmedia":[{"embeddable":true,"href":"https:\/\/abinox-chr-clim.com\/index.php\/wp-json\/wp\/v2\/media\/106776"}],"wp:attachment":[{"href":"https:\/\/abinox-chr-clim.com\/index.php\/wp-json\/wp\/v2\/media?parent=110837"}],"wp:term":[{"taxonomy":"product_brand","embeddable":true,"href":"https:\/\/abinox-chr-clim.com\/index.php\/wp-json\/wp\/v2\/product_brand?post=110837"},{"taxonomy":"product_cat","embeddable":true,"href":"https:\/\/abinox-chr-clim.com\/index.php\/wp-json\/wp\/v2\/product_cat?post=110837"},{"taxonomy":"product_tag","embeddable":true,"href":"https:\/\/abinox-chr-clim.com\/index.php\/wp-json\/wp\/v2\/product_tag?post=110837"}],"curies":[{"name":"wp","href":"https:\/\/api.w.org\/{rel}","templated":true}]}}