{"id":110833,"date":"2025-05-29T12:09:51","date_gmt":"2025-05-29T10:09:51","guid":{"rendered":"https:\/\/abinox-chr-clim.com\/index.php\/product\/couteau-a-trancher-dente-hygiplas-rouge-30cm\/"},"modified":"2026-04-24T11:14:05","modified_gmt":"2026-04-24T09:14:05","slug":"couteau-a-trancher-dente-hygiplas-rouge-30cm","status":"publish","type":"product","link":"https:\/\/abinox-chr-clim.com\/index.php\/product\/couteau-a-trancher-dente-hygiplas-rouge-30cm\/","title":{"rendered":"Couteau \u00e0 trancher dent\u00e9 Hygiplas rouge 30cm"},"content":{"rendered":"<p>Le couteau de chef Hygiplas rouge est dot\u00e9 d&rsquo;une lame en acier inoxydable de 30,5 cm qui tranche facilement les produits et facilite la majorit\u00e9 des t\u00e2ches de pr\u00e9paration. La lame peut \u00eatre identifi\u00e9e comme un couteau pour viande crue gr\u00e2ce \u00e0 son manche rouge durable et r\u00e9sistant au lave-vaisselle, vous aidant \u00e0 r\u00e9duire la contamination crois\u00e9e dans votre cuisine et vos zones de pr\u00e9paration alimentaire pour une hygi\u00e8ne maximale. Le manche est \u00e9galement con\u00e7u avec une construction ergonomique qui offre une sensation confortable dans la main et une excellente prise en main, humide ou s\u00e8che &#8211; r\u00e9duisant ainsi le risque de blessures sur le lieu de travail. Fabriqu\u00e9 avec une lame en acier inoxydable, le couteau est tr\u00e8s r\u00e9sistant \u00e0 la rouille, \u00e0 la corrosion et aux impacts, tout en \u00e9tant facile \u00e0 nettoyer apr\u00e8s utilisation &#8211; vous \u00e9conomisant de l&rsquo;argent sur les co\u00fbts de remplacement et du temps sur les t\u00e2ches de nettoyage longues.<\/p>\n<p>\u2022 Manche en nylon \u00e0 prise souple assurant un usage confortable<br \/>\u2022 Lame en acier inoxydable solide et durable<br \/>\u2022 Indice de duret\u00e9 Rockwell 52-57\u00b0 pour une excellente puissance de coupe<br \/>\u2022 La couleur rouge est con\u00e7ue pour \u00eatre utilis\u00e9e avec la viande crue<br \/>\u2022 Compatible lave-vaisselle pour un nettoyage facile<\/p>\n<p><b><u>Caract\u00e9ristiques du produit :<\/u><\/b><br \/>\u2022 Dim. : 300(L) mm<br \/>\u2022 Mati\u00e8re : Stainless Steel<br \/>\u2022 Poids : 110 g<br \/>\u2022 Couleur : Rouge.<\/p>\n","protected":false},"excerpt":{"rendered":"<p>Longueur de la lame : 305mm. Rouge pour viandes crues<\/p>\n","protected":false},"featured_media":108831,"comment_status":"open","ping_status":"closed","template":"","meta":[],"product_brand":[],"product_cat":[1075,1064,1081,1297],"product_tag":[],"class_list":{"0":"post-110833","1":"product","2":"type-product","3":"status-publish","4":"has-post-thumbnail","6":"product_cat-couteaux","7":"product_cat-cuisine","8":"product_cat-hygiplas","9":"product_cat-non-palettisable","10":"product_shipping_class-free-shipping","12":"first","13":"instock","14":"featured","15":"taxable","16":"shipping-taxable","17":"purchasable","18":"product-type-simple"},"_links":{"self":[{"href":"https:\/\/abinox-chr-clim.com\/index.php\/wp-json\/wp\/v2\/product\/110833","targetHints":{"allow":["GET"]}}],"collection":[{"href":"https:\/\/abinox-chr-clim.com\/index.php\/wp-json\/wp\/v2\/product"}],"about":[{"href":"https:\/\/abinox-chr-clim.com\/index.php\/wp-json\/wp\/v2\/types\/product"}],"replies":[{"embeddable":true,"href":"https:\/\/abinox-chr-clim.com\/index.php\/wp-json\/wp\/v2\/comments?post=110833"}],"wp:featuredmedia":[{"embeddable":true,"href":"https:\/\/abinox-chr-clim.com\/index.php\/wp-json\/wp\/v2\/media\/108831"}],"wp:attachment":[{"href":"https:\/\/abinox-chr-clim.com\/index.php\/wp-json\/wp\/v2\/media?parent=110833"}],"wp:term":[{"taxonomy":"product_brand","embeddable":true,"href":"https:\/\/abinox-chr-clim.com\/index.php\/wp-json\/wp\/v2\/product_brand?post=110833"},{"taxonomy":"product_cat","embeddable":true,"href":"https:\/\/abinox-chr-clim.com\/index.php\/wp-json\/wp\/v2\/product_cat?post=110833"},{"taxonomy":"product_tag","embeddable":true,"href":"https:\/\/abinox-chr-clim.com\/index.php\/wp-json\/wp\/v2\/product_tag?post=110833"}],"curies":[{"name":"wp","href":"https:\/\/api.w.org\/{rel}","templated":true}]}}