{"id":110832,"date":"2025-05-29T12:09:49","date_gmt":"2025-05-29T10:09:49","guid":{"rendered":"https:\/\/abinox-chr-clim.com\/index.php\/product\/couteau-de-cuisinier-hygiplas-bleu-16cm\/"},"modified":"2026-01-12T09:31:37","modified_gmt":"2026-01-12T08:31:37","slug":"couteau-de-cuisinier-hygiplas-bleu-16cm","status":"publish","type":"product","link":"https:\/\/abinox-chr-clim.com\/index.php\/product\/couteau-de-cuisinier-hygiplas-bleu-16cm\/","title":{"rendered":"Couteau de cuisinier Hygiplas bleu 16cm"},"content":{"rendered":"<p>Dot\u00e9 d&rsquo;un manche bleu pour le codage couleur, ce couteau de chef est con\u00e7u pour \u00eatre utilis\u00e9 sur le poisson cru, vous aidant \u00e0 r\u00e9duire la contamination crois\u00e9e des aliments afin de maintenir un haut niveau d&rsquo;hygi\u00e8ne. La lame du couteau est fabriqu\u00e9e en acier inoxydable de haute qualit\u00e9 qui tranche sans effort le poisson pour une pr\u00e9paration rapide et facile des aliments. Un manche r\u00e9sistant au lave-vaisselle rend le couteau facile \u00e0 nettoyer et \u00e0 entretenir, parfait pour une utilisation dans les cuisines anim\u00e9es.<\/p>\n<p>\u2022 Dimensions 159(L)mm<br \/>\u2022 Manche en nylon \u00e0 prise souple<br \/>\u2022 Lame en acier inoxydable solide et durable<br \/>\u2022 Indice de duret\u00e9 Rockwell 52-57\u00b0<br \/>\u2022 Poids 120g<br \/>\u2022 Bleu &#8211; pour la manipulation de poisson cru<br \/>\u2022 Passe au lave-vaisselle<\/p>\n<p><b><u>Caract\u00e9ristiques du produit :<\/u><\/b><br \/>\u2022 Dim. : 295(L) mm<br \/>\u2022 Mati\u00e8re : Stainless Steel<br \/>\u2022 Poids : 120 g<br \/>\u2022 Couleur : Bleu.<\/p>\n","protected":false},"excerpt":{"rendered":"<p>Longueur de la lame : 159mm. Bleu pour poisson cru<\/p>\n","protected":false},"featured_media":107174,"comment_status":"open","ping_status":"closed","template":"","meta":[],"product_brand":[],"product_cat":[1075,1064,1081,1297],"product_tag":[],"class_list":{"0":"post-110832","1":"product","2":"type-product","3":"status-publish","4":"has-post-thumbnail","6":"product_cat-couteaux","7":"product_cat-cuisine","8":"product_cat-hygiplas","9":"product_cat-non-palettisable","10":"product_shipping_class-free-shipping","12":"first","13":"outofstock","14":"featured","15":"taxable","16":"shipping-taxable","17":"purchasable","18":"product-type-simple"},"_links":{"self":[{"href":"https:\/\/abinox-chr-clim.com\/index.php\/wp-json\/wp\/v2\/product\/110832","targetHints":{"allow":["GET"]}}],"collection":[{"href":"https:\/\/abinox-chr-clim.com\/index.php\/wp-json\/wp\/v2\/product"}],"about":[{"href":"https:\/\/abinox-chr-clim.com\/index.php\/wp-json\/wp\/v2\/types\/product"}],"replies":[{"embeddable":true,"href":"https:\/\/abinox-chr-clim.com\/index.php\/wp-json\/wp\/v2\/comments?post=110832"}],"wp:featuredmedia":[{"embeddable":true,"href":"https:\/\/abinox-chr-clim.com\/index.php\/wp-json\/wp\/v2\/media\/107174"}],"wp:attachment":[{"href":"https:\/\/abinox-chr-clim.com\/index.php\/wp-json\/wp\/v2\/media?parent=110832"}],"wp:term":[{"taxonomy":"product_brand","embeddable":true,"href":"https:\/\/abinox-chr-clim.com\/index.php\/wp-json\/wp\/v2\/product_brand?post=110832"},{"taxonomy":"product_cat","embeddable":true,"href":"https:\/\/abinox-chr-clim.com\/index.php\/wp-json\/wp\/v2\/product_cat?post=110832"},{"taxonomy":"product_tag","embeddable":true,"href":"https:\/\/abinox-chr-clim.com\/index.php\/wp-json\/wp\/v2\/product_tag?post=110832"}],"curies":[{"name":"wp","href":"https:\/\/api.w.org\/{rel}","templated":true}]}}