{"id":110825,"date":"2025-05-29T12:07:39","date_gmt":"2025-05-29T10:07:39","guid":{"rendered":"https:\/\/abinox-chr-clim.com\/index.php\/product\/seau-essoreur-avec-pedale-de-vidange-jantex-30l-rouge\/"},"modified":"2026-04-14T10:53:13","modified_gmt":"2026-04-14T08:53:13","slug":"seau-essoreur-avec-pedale-de-vidange-jantex-30l-rouge","status":"publish","type":"product","link":"https:\/\/abinox-chr-clim.com\/index.php\/product\/seau-essoreur-avec-pedale-de-vidange-jantex-30l-rouge\/","title":{"rendered":"Seau essoreur avec p\u00e9dale de vidange Jantex 30L rouge"},"content":{"rendered":"<p>Seau grande capacit\u00e9 (30 litres) avec essoreur. Le long manche offre un meilleur effet de levier. Comprend une p\u00e9dale activant la vidange \u00e0 la base du seau pour faciliter l&rsquo;\u00e9vacuation de l&rsquo;eau.<\/p>\n<p>\u2022 La grande capacit\u00e9 de 30 litres r\u00e9duit le besoin de remplissages fr\u00e9quents<br \/>\u2022 P\u00e9dale activant l&rsquo;orifice de vidange \u00e0 la base du seau pour vider l&rsquo;eau sale facilement<br \/>\u2022 Mobilit\u00e9 parfaite gr\u00e2ce aux 4 roues<br \/>\u2022 Long manche pour un effet levier plus facile lors de l&rsquo;utilisation de l&rsquo;essoreur<br \/>\u2022 Couleur rouge \u00e0 utiliser dans un syst\u00e8me de nettoyage \u00e0 code couleur<\/p>\n<p><b><u>Caract\u00e9ristiques du produit :<\/u><\/b><br \/>\u2022 Dim. : 400(H) x 579(L) x 376(P) mm<br \/>\u2022 Mati\u00e8re : Polypropyl\u00e8ne<br \/>\u2022 Poids : 4,5 kg<br \/>\u2022 Couleur : Rouge.<\/p>\n","protected":false},"excerpt":{"rendered":"<p>Capacit\u00e9 de 30 litres<\/p>\n","protected":false},"featured_media":106220,"comment_status":"open","ping_status":"closed","template":"","meta":[],"product_brand":[],"product_cat":[1227,1297,1232,1216],"product_tag":[],"class_list":{"0":"post-110825","1":"product","2":"type-product","3":"status-publish","4":"has-post-thumbnail","6":"product_cat-nettoyage","7":"product_cat-non-palettisable","8":"product_cat-seaux-de-lavage-et-balais-brosse","9":"product_cat-usage-unique-et-entretien","10":"product_shipping_class-free-shipping","12":"first","13":"outofstock","14":"featured","15":"taxable","16":"shipping-taxable","17":"purchasable","18":"product-type-simple"},"_links":{"self":[{"href":"https:\/\/abinox-chr-clim.com\/index.php\/wp-json\/wp\/v2\/product\/110825","targetHints":{"allow":["GET"]}}],"collection":[{"href":"https:\/\/abinox-chr-clim.com\/index.php\/wp-json\/wp\/v2\/product"}],"about":[{"href":"https:\/\/abinox-chr-clim.com\/index.php\/wp-json\/wp\/v2\/types\/product"}],"replies":[{"embeddable":true,"href":"https:\/\/abinox-chr-clim.com\/index.php\/wp-json\/wp\/v2\/comments?post=110825"}],"wp:featuredmedia":[{"embeddable":true,"href":"https:\/\/abinox-chr-clim.com\/index.php\/wp-json\/wp\/v2\/media\/106220"}],"wp:attachment":[{"href":"https:\/\/abinox-chr-clim.com\/index.php\/wp-json\/wp\/v2\/media?parent=110825"}],"wp:term":[{"taxonomy":"product_brand","embeddable":true,"href":"https:\/\/abinox-chr-clim.com\/index.php\/wp-json\/wp\/v2\/product_brand?post=110825"},{"taxonomy":"product_cat","embeddable":true,"href":"https:\/\/abinox-chr-clim.com\/index.php\/wp-json\/wp\/v2\/product_cat?post=110825"},{"taxonomy":"product_tag","embeddable":true,"href":"https:\/\/abinox-chr-clim.com\/index.php\/wp-json\/wp\/v2\/product_tag?post=110825"}],"curies":[{"name":"wp","href":"https:\/\/api.w.org\/{rel}","templated":true}]}}