{"id":110823,"date":"2025-05-29T12:07:35","date_gmt":"2025-05-29T10:07:35","guid":{"rendered":"https:\/\/abinox-chr-clim.com\/index.php\/product\/plat-a-oreilles-ovale-en-fonte-olympia-180-x-120-mm\/"},"modified":"2026-04-15T10:50:26","modified_gmt":"2026-04-15T08:50:26","slug":"plat-a-oreilles-ovale-en-fonte-olympia-180-x-120-mm","status":"publish","type":"product","link":"https:\/\/abinox-chr-clim.com\/index.php\/product\/plat-a-oreilles-ovale-en-fonte-olympia-180-x-120-mm\/","title":{"rendered":"Plat \u00e0 oreilles ovale en fonte Olympia 180 x 120 mm"},"content":{"rendered":"<p>Plat en fonte ovale con\u00e7u pour le service du four \u00e0 la table. Dispose de deux poign\u00e9es robustes faciles \u00e0 transporter, r\u00e9duisant le risque de chutes et de renversements accidentels. Compatible avec l&rsquo;induction.<\/p>\n<p>\u2022 Dimensions 180(L)x 120(P)mm<br \/>\u2022 Ne passe pas au lave-vaisselle mais facile \u00e0 nettoyer \u00e0 la main<br \/>\u2022 Mat\u00e9riau Fonte<br \/>\u2022 Capacity 354ml<br \/>\u2022 Poids 649 g<br \/>\u2022 Couleur Noir brillant<br \/>\u2022 Compatible induction<br \/>\u2022 Convient au service du four \u00e0 la table pour r\u00e9duire les plats<br \/>\u2022 La surface de cuisson plate laisse une finition attrayante et coh\u00e9rente<\/p>\n<p><b><u>Caract\u00e9ristiques du produit :<\/u><\/b><br \/>\u2022 Capacit\u00e9 : 35,4 cl<br \/>\u2022 Dim. : 30(H) x 180(\u00d8)mm<br \/>\u2022 Mati\u00e8re : Fonte<br \/>\u2022 Poids : 649 g<br \/>\u2022 Couleur : Noir.<\/p>\n","protected":false},"excerpt":{"rendered":"<p>Ovale 180 x 120 mm<\/p>\n","protected":false},"featured_media":106219,"comment_status":"open","ping_status":"closed","template":"","meta":[],"product_brand":[],"product_cat":[1064,1297,1098,1104],"product_tag":[],"class_list":{"0":"post-110823","1":"product","2":"type-product","3":"status-publish","4":"has-post-thumbnail","6":"product_cat-cuisine","7":"product_cat-non-palettisable","8":"product_cat-ustensiles-cuisine","9":"product_cat-ustensiles-de-cuisine","10":"product_shipping_class-free-shipping","12":"first","13":"instock","14":"featured","15":"taxable","16":"shipping-taxable","17":"purchasable","18":"product-type-simple"},"_links":{"self":[{"href":"https:\/\/abinox-chr-clim.com\/index.php\/wp-json\/wp\/v2\/product\/110823","targetHints":{"allow":["GET"]}}],"collection":[{"href":"https:\/\/abinox-chr-clim.com\/index.php\/wp-json\/wp\/v2\/product"}],"about":[{"href":"https:\/\/abinox-chr-clim.com\/index.php\/wp-json\/wp\/v2\/types\/product"}],"replies":[{"embeddable":true,"href":"https:\/\/abinox-chr-clim.com\/index.php\/wp-json\/wp\/v2\/comments?post=110823"}],"wp:featuredmedia":[{"embeddable":true,"href":"https:\/\/abinox-chr-clim.com\/index.php\/wp-json\/wp\/v2\/media\/106219"}],"wp:attachment":[{"href":"https:\/\/abinox-chr-clim.com\/index.php\/wp-json\/wp\/v2\/media?parent=110823"}],"wp:term":[{"taxonomy":"product_brand","embeddable":true,"href":"https:\/\/abinox-chr-clim.com\/index.php\/wp-json\/wp\/v2\/product_brand?post=110823"},{"taxonomy":"product_cat","embeddable":true,"href":"https:\/\/abinox-chr-clim.com\/index.php\/wp-json\/wp\/v2\/product_cat?post=110823"},{"taxonomy":"product_tag","embeddable":true,"href":"https:\/\/abinox-chr-clim.com\/index.php\/wp-json\/wp\/v2\/product_tag?post=110823"}],"curies":[{"name":"wp","href":"https:\/\/api.w.org\/{rel}","templated":true}]}}