{"id":110816,"date":"2025-05-29T12:07:21","date_gmt":"2025-05-29T10:07:21","guid":{"rendered":"https:\/\/abinox-chr-clim.com\/index.php\/product\/plat-de-stockage-alimentaire-en-acier-inoxydable-tout-en-un-masterclass-750ml\/"},"modified":"2026-04-24T11:14:15","modified_gmt":"2026-04-24T09:14:15","slug":"plat-de-stockage-alimentaire-en-acier-inoxydable-tout-en-un-masterclass-750ml","status":"publish","type":"product","link":"https:\/\/abinox-chr-clim.com\/index.php\/product\/plat-de-stockage-alimentaire-en-acier-inoxydable-tout-en-un-masterclass-750ml\/","title":{"rendered":"Plat de stockage alimentaire en acier inoxydable tout-en-un Masterclass 750ml"},"content":{"rendered":"<p>Cuisinez, congelez, chauffez et mangez avec ces conteneurs alimentaires r\u00e9volutionnaires de MasterClass. Fabriqu\u00e9s en acier inoxydable robuste et hygi\u00e9nique. Ils sont s\u00fbrs pour le cong\u00e9lateur, le four et m\u00eame le micro-ondes. Chaque conteneur est livr\u00e9 avec un couvercle herm\u00e9tique et \u00e9tanche, \u00e9quip\u00e9 d&rsquo;une valve de vapeur d\u00e9tachable pour un passage au micro-ondes sans soucis. Une excellente alternative aux conteneurs en plastique et en verre.<\/p>\n<p>\u2022 Compatible r\u00e9frig\u00e9rateur et cong\u00e9lateur<br \/>\u2022 Compatibilit\u00e9 four \u00e0 180\u00b0C<br \/>\u2022 Sans BPA, PFOA et PTFE<br \/>\u2022 Compatible lave-vaisselle<\/p>\n<p><b><u>Caract\u00e9ristiques du produit :<\/u><\/b><br \/>\u2022 Dim. : 80(H) x 110(L) x 160(P) mm<br \/>\u2022 Mati\u00e8re : Inox<br \/>\u2022 Poids : 210 g<br \/>\u2022 Couleur : Argent.<\/p>\n","protected":false},"excerpt":{"rendered":"<p>Capacit\u00e9 : 750ml<\/p>\n","protected":false},"featured_media":106593,"comment_status":"open","ping_status":"closed","template":"","meta":[],"product_brand":[],"product_cat":[1072,1280,1064,1297],"product_tag":[],"class_list":{"0":"post-110816","1":"product","2":"type-product","3":"status-publish","4":"has-post-thumbnail","6":"product_cat-conteneurs-a-ingredients","7":"product_cat-conteneurs-alimentaires-et-bacs-gastronorme-cuisine","8":"product_cat-cuisine","9":"product_cat-non-palettisable","10":"product_shipping_class-free-shipping","12":"first","13":"outofstock","14":"featured","15":"taxable","16":"shipping-taxable","17":"purchasable","18":"product-type-simple"},"_links":{"self":[{"href":"https:\/\/abinox-chr-clim.com\/index.php\/wp-json\/wp\/v2\/product\/110816","targetHints":{"allow":["GET"]}}],"collection":[{"href":"https:\/\/abinox-chr-clim.com\/index.php\/wp-json\/wp\/v2\/product"}],"about":[{"href":"https:\/\/abinox-chr-clim.com\/index.php\/wp-json\/wp\/v2\/types\/product"}],"replies":[{"embeddable":true,"href":"https:\/\/abinox-chr-clim.com\/index.php\/wp-json\/wp\/v2\/comments?post=110816"}],"wp:featuredmedia":[{"embeddable":true,"href":"https:\/\/abinox-chr-clim.com\/index.php\/wp-json\/wp\/v2\/media\/106593"}],"wp:attachment":[{"href":"https:\/\/abinox-chr-clim.com\/index.php\/wp-json\/wp\/v2\/media?parent=110816"}],"wp:term":[{"taxonomy":"product_brand","embeddable":true,"href":"https:\/\/abinox-chr-clim.com\/index.php\/wp-json\/wp\/v2\/product_brand?post=110816"},{"taxonomy":"product_cat","embeddable":true,"href":"https:\/\/abinox-chr-clim.com\/index.php\/wp-json\/wp\/v2\/product_cat?post=110816"},{"taxonomy":"product_tag","embeddable":true,"href":"https:\/\/abinox-chr-clim.com\/index.php\/wp-json\/wp\/v2\/product_tag?post=110816"}],"curies":[{"name":"wp","href":"https:\/\/api.w.org\/{rel}","templated":true}]}}