{"id":110810,"date":"2025-05-29T12:07:09","date_gmt":"2025-05-29T10:07:09","guid":{"rendered":"https:\/\/abinox-chr-clim.com\/index.php\/product\/chariot-de-nettoyage-avec-armoire-verrouillable-jantex-noir\/"},"modified":"2026-04-14T10:53:10","modified_gmt":"2026-04-14T08:53:10","slug":"chariot-de-nettoyage-avec-armoire-verrouillable-jantex-noir","status":"publish","type":"product","link":"https:\/\/abinox-chr-clim.com\/index.php\/product\/chariot-de-nettoyage-avec-armoire-verrouillable-jantex-noir\/","title":{"rendered":"Chariot de nettoyage avec armoire verrouillable Jantex noir"},"content":{"rendered":"<p>Chariot multi-usages avec tablettes et crochets pour transporter les produits d&rsquo;entretien, balais et serpilli\u00e8res.<\/p>\n<p>\u2022 Rangement pour tous vos articles de nettoyage essentiels, y compris les serpilli\u00e8res, les seaux essoreurs, les balais, les chiffons et les produits d&rsquo;entretien<br \/>\u2022 Maniabilit\u00e9 douce et construction solide pour une robustesse \u00e0 l&rsquo;arr\u00eat<br \/>\u2022 Sac \u00e0 d\u00e9chets inclus, le sac est nettoyable \u00e0 la main et rempla\u00e7able<br \/>\u2022 Sac de rechange disponible sous le code FU999<br \/>\u2022 Assemblage n\u00e9cessaire &#8211; voir les instructions incluses<\/p>\n<p><b><u>Caract\u00e9ristiques du produit :<\/u><\/b><br \/>\u2022 Dim. : 990(H) x 1300(L) x 490(P) mm<br \/>\u2022 Mati\u00e8re : Polypropyl\u00e8ne<br \/>\u2022 Poids : 19,8 kg<br \/>\u2022 Couleur : Noir.<\/p>\n","protected":false},"excerpt":{"rendered":"<p>990(H)x1300(L)x490(P)mm<\/p>\n","protected":false},"featured_media":106217,"comment_status":"open","ping_status":"closed","template":"","meta":[],"product_brand":[],"product_cat":[1227,1297,1216],"product_tag":[],"class_list":{"0":"post-110810","1":"product","2":"type-product","3":"status-publish","4":"has-post-thumbnail","6":"product_cat-nettoyage","7":"product_cat-non-palettisable","8":"product_cat-usage-unique-et-entretien","9":"product_shipping_class-free-shipping","11":"first","12":"instock","13":"featured","14":"taxable","15":"shipping-taxable","16":"purchasable","17":"product-type-simple"},"_links":{"self":[{"href":"https:\/\/abinox-chr-clim.com\/index.php\/wp-json\/wp\/v2\/product\/110810","targetHints":{"allow":["GET"]}}],"collection":[{"href":"https:\/\/abinox-chr-clim.com\/index.php\/wp-json\/wp\/v2\/product"}],"about":[{"href":"https:\/\/abinox-chr-clim.com\/index.php\/wp-json\/wp\/v2\/types\/product"}],"replies":[{"embeddable":true,"href":"https:\/\/abinox-chr-clim.com\/index.php\/wp-json\/wp\/v2\/comments?post=110810"}],"wp:featuredmedia":[{"embeddable":true,"href":"https:\/\/abinox-chr-clim.com\/index.php\/wp-json\/wp\/v2\/media\/106217"}],"wp:attachment":[{"href":"https:\/\/abinox-chr-clim.com\/index.php\/wp-json\/wp\/v2\/media?parent=110810"}],"wp:term":[{"taxonomy":"product_brand","embeddable":true,"href":"https:\/\/abinox-chr-clim.com\/index.php\/wp-json\/wp\/v2\/product_brand?post=110810"},{"taxonomy":"product_cat","embeddable":true,"href":"https:\/\/abinox-chr-clim.com\/index.php\/wp-json\/wp\/v2\/product_cat?post=110810"},{"taxonomy":"product_tag","embeddable":true,"href":"https:\/\/abinox-chr-clim.com\/index.php\/wp-json\/wp\/v2\/product_tag?post=110810"}],"curies":[{"name":"wp","href":"https:\/\/api.w.org\/{rel}","templated":true}]}}