{"id":110806,"date":"2025-05-29T12:07:01","date_gmt":"2025-05-29T10:07:01","guid":{"rendered":"https:\/\/abinox-chr-clim.com\/index.php\/product\/seau-gradue-avec-bec-verseur-jantex-10l-vert\/"},"modified":"2026-04-14T10:53:08","modified_gmt":"2026-04-14T08:53:08","slug":"seau-gradue-avec-bec-verseur-jantex-10l-vert","status":"publish","type":"product","link":"https:\/\/abinox-chr-clim.com\/index.php\/product\/seau-gradue-avec-bec-verseur-jantex-10l-vert\/","title":{"rendered":"Seau gradu\u00e9 avec bec verseur Jantex 10L vert"},"content":{"rendered":"<p>Seau gradu\u00e9 Jantex pour des mesures pr\u00e9cises en litres. Dot\u00e9 d&rsquo;un rebord large pour faciliter le versement et r\u00e9duire les d\u00e9versements susceptibles d&rsquo;entra\u00eener des risques pour la sant\u00e9 et la s\u00e9curit\u00e9.<\/p>\n<p>\u2022 Capacit\u00e9 de 10 litres<br \/>\u2022 Couleur verte \u00e0 utiliser avec les syst\u00e8mes de nettoyage \u00e0 code couleur &#8211; consultez notre guide d&rsquo;achat pour plus d&rsquo;informations<br \/>\u2022 Graduations en litres pour des mesures pr\u00e9cises<br \/>\u2022 Le large rebord verseur garantit que le contenu ne se renverse pas lors de l&rsquo;utilisation<br \/>\u2022 Poign\u00e9e robuste pour une manipulation confortable<\/p>\n<p><b><u>Caract\u00e9ristiques du produit :<\/u><\/b><br \/>\u2022 Mati\u00e8re : Polypropyl\u00e8ne<br \/>\u2022 Poids : 550 g<br \/>\u2022 Couleur : Vert.<\/p>\n","protected":false},"excerpt":{"rendered":"<p>Capacit\u00e9 de 10 litres<\/p>\n","protected":false},"featured_media":105890,"comment_status":"open","ping_status":"closed","template":"","meta":[],"product_brand":[],"product_cat":[1227,1297,1232,1216],"product_tag":[],"class_list":{"0":"post-110806","1":"product","2":"type-product","3":"status-publish","4":"has-post-thumbnail","6":"product_cat-nettoyage","7":"product_cat-non-palettisable","8":"product_cat-seaux-de-lavage-et-balais-brosse","9":"product_cat-usage-unique-et-entretien","10":"product_shipping_class-free-shipping","12":"first","13":"outofstock","14":"featured","15":"taxable","16":"shipping-taxable","17":"purchasable","18":"product-type-simple"},"_links":{"self":[{"href":"https:\/\/abinox-chr-clim.com\/index.php\/wp-json\/wp\/v2\/product\/110806","targetHints":{"allow":["GET"]}}],"collection":[{"href":"https:\/\/abinox-chr-clim.com\/index.php\/wp-json\/wp\/v2\/product"}],"about":[{"href":"https:\/\/abinox-chr-clim.com\/index.php\/wp-json\/wp\/v2\/types\/product"}],"replies":[{"embeddable":true,"href":"https:\/\/abinox-chr-clim.com\/index.php\/wp-json\/wp\/v2\/comments?post=110806"}],"wp:featuredmedia":[{"embeddable":true,"href":"https:\/\/abinox-chr-clim.com\/index.php\/wp-json\/wp\/v2\/media\/105890"}],"wp:attachment":[{"href":"https:\/\/abinox-chr-clim.com\/index.php\/wp-json\/wp\/v2\/media?parent=110806"}],"wp:term":[{"taxonomy":"product_brand","embeddable":true,"href":"https:\/\/abinox-chr-clim.com\/index.php\/wp-json\/wp\/v2\/product_brand?post=110806"},{"taxonomy":"product_cat","embeddable":true,"href":"https:\/\/abinox-chr-clim.com\/index.php\/wp-json\/wp\/v2\/product_cat?post=110806"},{"taxonomy":"product_tag","embeddable":true,"href":"https:\/\/abinox-chr-clim.com\/index.php\/wp-json\/wp\/v2\/product_tag?post=110806"}],"curies":[{"name":"wp","href":"https:\/\/api.w.org\/{rel}","templated":true}]}}