{"id":110804,"date":"2025-05-29T12:06:57","date_gmt":"2025-05-29T10:06:57","guid":{"rendered":"https:\/\/abinox-chr-clim.com\/index.php\/product\/module-chauffant-pour-chariot-cambro-ultra-pro-gris-anthracite\/"},"modified":"2026-04-24T10:47:46","modified_gmt":"2026-04-24T08:47:46","slug":"module-chauffant-pour-chariot-cambro-ultra-pro-gris-anthracite","status":"publish","type":"product","link":"https:\/\/abinox-chr-clim.com\/index.php\/product\/module-chauffant-pour-chariot-cambro-ultra-pro-gris-anthracite\/","title":{"rendered":"Module chauffant pour chariot Cambro Ultra Pro gris anthracite"},"content":{"rendered":"<p>Gardez les aliments au chaud dans votre chariot Ultra Pro avec ce module chauffant Cambro. Le module utilise une technologie de chauffage intelligente permettant de maintenir des temp\u00e9ratures constantes jusqu&rsquo;\u00e0 85 \u00b0C.<\/p>\n<p>\u2022 Maintenez en toute s\u00e9curit\u00e9 la temp\u00e9rature des aliments entre 65,6 \u00b0C et 73,9 \u00b0C gr\u00e2ce \u00e0 une chaleur douce et non radiante<br \/>\u2022 Temp\u00e9rature r\u00e9glable jusqu&rsquo;\u00e0 un maximum de 85&#730;C<br \/>\u2022 Passe de la temp\u00e9rature ambiante \u00e0 73,9 \u00b0C en 15 minutes<br \/>\u2022 Temps de r\u00e9cup\u00e9ration de 20 secondes* *Temps de r\u00e9cup\u00e9ration moyen bas\u00e9 sur une temp\u00e9rature ambiante de 23\u00b0C, compartiments vides avec porte ouverte pendant 30 secondes<br \/>\u2022 L&rsquo;\u00e9cran tactile rend le module facile \u00e0 contr\u00f4ler<\/p>\n<p><b><u>Caract\u00e9ristiques du produit :<\/u><\/b><br \/>\u2022 Mati\u00e8re : Polypropyl\u00e8ne<br \/>\u2022 Poids : 5,5 kg<br \/>\u2022 Couleur : Gris.<\/p>\n","protected":false},"excerpt":{"rendered":"<p>184(H) x 518(L) x 330(P)mm<\/p>\n","protected":false},"featured_media":105888,"comment_status":"open","ping_status":"closed","template":"","meta":[],"product_brand":[],"product_cat":[1280,1064,1296,1074],"product_tag":[],"class_list":{"0":"post-110804","1":"product","2":"type-product","3":"status-publish","4":"has-post-thumbnail","6":"product_cat-conteneurs-alimentaires-et-bacs-gastronorme-cuisine","7":"product_cat-cuisine","8":"product_cat-palettisable","9":"product_cat-thermobox-et-sacs","10":"product_shipping_class-free-shipping","12":"first","13":"outofstock","14":"featured","15":"taxable","16":"shipping-taxable","17":"purchasable","18":"product-type-simple"},"_links":{"self":[{"href":"https:\/\/abinox-chr-clim.com\/index.php\/wp-json\/wp\/v2\/product\/110804","targetHints":{"allow":["GET"]}}],"collection":[{"href":"https:\/\/abinox-chr-clim.com\/index.php\/wp-json\/wp\/v2\/product"}],"about":[{"href":"https:\/\/abinox-chr-clim.com\/index.php\/wp-json\/wp\/v2\/types\/product"}],"replies":[{"embeddable":true,"href":"https:\/\/abinox-chr-clim.com\/index.php\/wp-json\/wp\/v2\/comments?post=110804"}],"wp:featuredmedia":[{"embeddable":true,"href":"https:\/\/abinox-chr-clim.com\/index.php\/wp-json\/wp\/v2\/media\/105888"}],"wp:attachment":[{"href":"https:\/\/abinox-chr-clim.com\/index.php\/wp-json\/wp\/v2\/media?parent=110804"}],"wp:term":[{"taxonomy":"product_brand","embeddable":true,"href":"https:\/\/abinox-chr-clim.com\/index.php\/wp-json\/wp\/v2\/product_brand?post=110804"},{"taxonomy":"product_cat","embeddable":true,"href":"https:\/\/abinox-chr-clim.com\/index.php\/wp-json\/wp\/v2\/product_cat?post=110804"},{"taxonomy":"product_tag","embeddable":true,"href":"https:\/\/abinox-chr-clim.com\/index.php\/wp-json\/wp\/v2\/product_tag?post=110804"}],"curies":[{"name":"wp","href":"https:\/\/api.w.org\/{rel}","templated":true}]}}