{"id":110803,"date":"2025-05-29T12:06:55","date_gmt":"2025-05-29T10:06:55","guid":{"rendered":"https:\/\/abinox-chr-clim.com\/index.php\/product\/module-de-refroidissement-pour-chariot-cambro-ultra-pro-gris-anthracite\/"},"modified":"2026-04-24T10:47:45","modified_gmt":"2026-04-24T08:47:45","slug":"module-de-refroidissement-pour-chariot-cambro-ultra-pro-gris-anthracite","status":"publish","type":"product","link":"https:\/\/abinox-chr-clim.com\/index.php\/product\/module-de-refroidissement-pour-chariot-cambro-ultra-pro-gris-anthracite\/","title":{"rendered":"Module de refroidissement pour chariot Cambro Ultra Pro gris anthracite"},"content":{"rendered":"<p>Gardez les aliments au frais dans votre chariot Ultra Pro avec ce module de refroidissement Cambro. Le module utilise une technologie de refroidissement thermo\u00e9lectrique permettant de maintenir des temp\u00e9ratures constantes, aussi basses que 0,28 \u00b0C.<\/p>\n<p>\u2022 La technologie thermo\u00e9lectrique fournit un refroidissement puissant et constant<br \/>\u2022 Refroidit jusqu&rsquo;\u00e0 0,28 \u00b0C sans compresseur<br \/>\u2022 Temp\u00e9rature r\u00e9glable de 0,28&#730;C \u00e0 21&#730;C<br \/>\u2022 Temps de r\u00e9cup\u00e9ration de 23 secondes* *Temps de r\u00e9cup\u00e9ration moyen bas\u00e9 sur une temp\u00e9rature ambiante de 23\u00b0C, compartiments vides avec porte ouverte pendant 30 secondes<br \/>\u2022 L&rsquo;\u00e9cran tactile rend le module facile \u00e0 contr\u00f4ler<\/p>\n<p><b><u>Caract\u00e9ristiques du produit :<\/u><\/b><br \/>\u2022 Mati\u00e8re : Polypropyl\u00e8ne<br \/>\u2022 Poids : 9,5 kg<br \/>\u2022 Couleur : Noir.<\/p>\n","protected":false},"excerpt":{"rendered":"<p>225(H) x 518(L) x 330(P)mm<\/p>\n","protected":false},"featured_media":107170,"comment_status":"open","ping_status":"closed","template":"","meta":[],"product_brand":[],"product_cat":[1280,1064,1296,1074],"product_tag":[],"class_list":{"0":"post-110803","1":"product","2":"type-product","3":"status-publish","4":"has-post-thumbnail","6":"product_cat-conteneurs-alimentaires-et-bacs-gastronorme-cuisine","7":"product_cat-cuisine","8":"product_cat-palettisable","9":"product_cat-thermobox-et-sacs","10":"product_shipping_class-free-shipping","12":"first","13":"outofstock","14":"featured","15":"taxable","16":"shipping-taxable","17":"purchasable","18":"product-type-simple"},"_links":{"self":[{"href":"https:\/\/abinox-chr-clim.com\/index.php\/wp-json\/wp\/v2\/product\/110803","targetHints":{"allow":["GET"]}}],"collection":[{"href":"https:\/\/abinox-chr-clim.com\/index.php\/wp-json\/wp\/v2\/product"}],"about":[{"href":"https:\/\/abinox-chr-clim.com\/index.php\/wp-json\/wp\/v2\/types\/product"}],"replies":[{"embeddable":true,"href":"https:\/\/abinox-chr-clim.com\/index.php\/wp-json\/wp\/v2\/comments?post=110803"}],"wp:featuredmedia":[{"embeddable":true,"href":"https:\/\/abinox-chr-clim.com\/index.php\/wp-json\/wp\/v2\/media\/107170"}],"wp:attachment":[{"href":"https:\/\/abinox-chr-clim.com\/index.php\/wp-json\/wp\/v2\/media?parent=110803"}],"wp:term":[{"taxonomy":"product_brand","embeddable":true,"href":"https:\/\/abinox-chr-clim.com\/index.php\/wp-json\/wp\/v2\/product_brand?post=110803"},{"taxonomy":"product_cat","embeddable":true,"href":"https:\/\/abinox-chr-clim.com\/index.php\/wp-json\/wp\/v2\/product_cat?post=110803"},{"taxonomy":"product_tag","embeddable":true,"href":"https:\/\/abinox-chr-clim.com\/index.php\/wp-json\/wp\/v2\/product_tag?post=110803"}],"curies":[{"name":"wp","href":"https:\/\/api.w.org\/{rel}","templated":true}]}}