{"id":110802,"date":"2025-05-29T12:06:54","date_gmt":"2025-05-29T10:06:54","guid":{"rendered":"https:\/\/abinox-chr-clim.com\/index.php\/product\/grand-chariot-pro-cart-ultra-cambro-chaud-froid-2-portes-anthracite\/"},"modified":"2026-04-24T10:47:44","modified_gmt":"2026-04-24T08:47:44","slug":"grand-chariot-pro-cart-ultra-cambro-chaud-froid-2-portes-anthracite","status":"publish","type":"product","link":"https:\/\/abinox-chr-clim.com\/index.php\/product\/grand-chariot-pro-cart-ultra-cambro-chaud-froid-2-portes-anthracite\/","title":{"rendered":"Grand chariot Pro Cart Ultra Cambro chaud\/froid 2 portes anthracite"},"content":{"rendered":"<p>Le chariot Pro Cart Ultra offre la possibilit\u00e9 de contenir en m\u00eame temps des aliments chauds et froids. Fabriqu\u00e9 avec une isolation en polyur\u00e9thane sans CFC, le Pro Cart Ultra est durable et capable de conserver des temp\u00e9ratures chaudes ou froides pendant au moins 4 heures sans \u00e9lectricit\u00e9.<\/p>\n<p>\u2022 Le module chaud maintient en toute s\u00e9curit\u00e9 la temp\u00e9rature des aliments entre 65,6 \u00b0C et 73,9 \u00b0C avec une chaleur douce et non rayonnante.<br \/>\u2022 Module chaud : Temp\u00e9rature r\u00e9glable de 21&#730;C \u00e0 85&#730;C<br \/>\u2022 Chauffe de la temp\u00e9rature ambiante \u00e0 73,9 \u00b0C en 15 minutes<br \/>\u2022 Le module froid refroidit jusqu&rsquo;\u00e0 0,28 \u00b0C sans compresseur<br \/>\u2022 Temp\u00e9rature r\u00e9glable de 0,28&#730;C \u00e0 21&#730;C<br \/>\u2022 Les doubles conteneurs vous permettent de transporter des aliments chauds et froids en m\u00eame temps<br \/>\u2022 Les roulettes durables rendent le chariot facile \u00e0 transporter<\/p>\n<p><b><u>Caract\u00e9ristiques du produit :<\/u><\/b><br \/>\u2022 Mati\u00e8re : Polypropyl\u00e8ne<br \/>\u2022 Poids : 69 kg<br \/>\u2022 Couleur : Bleu.<\/p>\n","protected":false},"excerpt":{"rendered":"<p>1501(H) x 863(L) x 556(P)mm<\/p>\n","protected":false},"featured_media":106415,"comment_status":"open","ping_status":"closed","template":"","meta":[],"product_brand":[],"product_cat":[1280,1064,1296,1074],"product_tag":[],"class_list":{"0":"post-110802","1":"product","2":"type-product","3":"status-publish","4":"has-post-thumbnail","6":"product_cat-conteneurs-alimentaires-et-bacs-gastronorme-cuisine","7":"product_cat-cuisine","8":"product_cat-palettisable","9":"product_cat-thermobox-et-sacs","11":"first","12":"outofstock","13":"featured","14":"taxable","15":"shipping-taxable","16":"purchasable","17":"product-type-simple"},"_links":{"self":[{"href":"https:\/\/abinox-chr-clim.com\/index.php\/wp-json\/wp\/v2\/product\/110802","targetHints":{"allow":["GET"]}}],"collection":[{"href":"https:\/\/abinox-chr-clim.com\/index.php\/wp-json\/wp\/v2\/product"}],"about":[{"href":"https:\/\/abinox-chr-clim.com\/index.php\/wp-json\/wp\/v2\/types\/product"}],"replies":[{"embeddable":true,"href":"https:\/\/abinox-chr-clim.com\/index.php\/wp-json\/wp\/v2\/comments?post=110802"}],"wp:featuredmedia":[{"embeddable":true,"href":"https:\/\/abinox-chr-clim.com\/index.php\/wp-json\/wp\/v2\/media\/106415"}],"wp:attachment":[{"href":"https:\/\/abinox-chr-clim.com\/index.php\/wp-json\/wp\/v2\/media?parent=110802"}],"wp:term":[{"taxonomy":"product_brand","embeddable":true,"href":"https:\/\/abinox-chr-clim.com\/index.php\/wp-json\/wp\/v2\/product_brand?post=110802"},{"taxonomy":"product_cat","embeddable":true,"href":"https:\/\/abinox-chr-clim.com\/index.php\/wp-json\/wp\/v2\/product_cat?post=110802"},{"taxonomy":"product_tag","embeddable":true,"href":"https:\/\/abinox-chr-clim.com\/index.php\/wp-json\/wp\/v2\/product_tag?post=110802"}],"curies":[{"name":"wp","href":"https:\/\/api.w.org\/{rel}","templated":true}]}}