{"id":110801,"date":"2025-05-29T12:06:52","date_gmt":"2025-05-29T10:06:52","guid":{"rendered":"https:\/\/abinox-chr-clim.com\/index.php\/product\/distributeur-de-boissons-isotherme-camtainer-cambro-500lcd-18l-bleu-ardoise\/"},"modified":"2025-11-11T10:33:26","modified_gmt":"2025-11-11T09:33:26","slug":"distributeur-de-boissons-isotherme-camtainer-cambro-500lcd-18l-bleu-ardoise","status":"publish","type":"product","link":"https:\/\/abinox-chr-clim.com\/index.php\/product\/distributeur-de-boissons-isotherme-camtainer-cambro-500lcd-18l-bleu-ardoise\/","title":{"rendered":"Distributeur de boissons isotherme Camtainer Cambro 500LCD 18L bleu ardoise"},"content":{"rendered":"<p>Distributeur de boissons isotherme de grande capacit\u00e9 et tr\u00e8s r\u00e9sistant, convenant aussi bien aux boissons chaudes qu&rsquo;aux boissons froides. Enti\u00e8rement inoxydable et tr\u00e8s durable pour une longue utilisation.<\/p>\n<p>\u2022 R\u00e9sistant \u00e0 la rouille, aux fissures et aux \u00e9clats<br \/>\u2022 L&rsquo;isolation sans CFC prot\u00e8ge du chaud ou du froid pendant plus de 4 heures, sans \u00e9lectricit\u00e9<br \/>\u2022 Livr\u00e9 avec un jeu d&rsquo;\u00e9tiquettes autocollantes (caf\u00e9, caf\u00e9 d\u00e9caf\u00e9in\u00e9, punch, th\u00e9 glac\u00e9, eau chaude, vierge)<br \/>\u2022 Passe au lave-vaisselle pour un nettoyage rapide et facile<br \/>\u2022 Quatre loquets en plastique robustes s&rsquo;ouvrent et se ferment facilement pour un acc\u00e8s rapide<br \/>\u2022 Le robinet encastr\u00e9 assure une distribution sans g\u00e2chis<\/p>\n<p><b><u>Caract\u00e9ristiques du produit :<\/u><\/b><br \/>\u2022 Dim. : 620<br \/>\u2022 Mati\u00e8re : Poly\u00e9thyl\u00e8ne de haute densit\u00e9<br \/>\u2022 Poids : 15,5 kg<br \/>\u2022 Couleur : Bleu.<\/p>\n","protected":false},"excerpt":{"rendered":"<p>230(P) x 620(H) x 420(L)mm<\/p>\n","protected":false},"featured_media":108823,"comment_status":"open","ping_status":"closed","template":"","meta":[],"product_brand":[],"product_cat":[1280,1064,1296,1074],"product_tag":[],"class_list":{"0":"post-110801","1":"product","2":"type-product","3":"status-publish","4":"has-post-thumbnail","6":"product_cat-conteneurs-alimentaires-et-bacs-gastronorme-cuisine","7":"product_cat-cuisine","8":"product_cat-palettisable","9":"product_cat-thermobox-et-sacs","10":"product_shipping_class-free-shipping","12":"first","13":"outofstock","14":"featured","15":"taxable","16":"shipping-taxable","17":"purchasable","18":"product-type-simple"},"_links":{"self":[{"href":"https:\/\/abinox-chr-clim.com\/index.php\/wp-json\/wp\/v2\/product\/110801","targetHints":{"allow":["GET"]}}],"collection":[{"href":"https:\/\/abinox-chr-clim.com\/index.php\/wp-json\/wp\/v2\/product"}],"about":[{"href":"https:\/\/abinox-chr-clim.com\/index.php\/wp-json\/wp\/v2\/types\/product"}],"replies":[{"embeddable":true,"href":"https:\/\/abinox-chr-clim.com\/index.php\/wp-json\/wp\/v2\/comments?post=110801"}],"wp:featuredmedia":[{"embeddable":true,"href":"https:\/\/abinox-chr-clim.com\/index.php\/wp-json\/wp\/v2\/media\/108823"}],"wp:attachment":[{"href":"https:\/\/abinox-chr-clim.com\/index.php\/wp-json\/wp\/v2\/media?parent=110801"}],"wp:term":[{"taxonomy":"product_brand","embeddable":true,"href":"https:\/\/abinox-chr-clim.com\/index.php\/wp-json\/wp\/v2\/product_brand?post=110801"},{"taxonomy":"product_cat","embeddable":true,"href":"https:\/\/abinox-chr-clim.com\/index.php\/wp-json\/wp\/v2\/product_cat?post=110801"},{"taxonomy":"product_tag","embeddable":true,"href":"https:\/\/abinox-chr-clim.com\/index.php\/wp-json\/wp\/v2\/product_tag?post=110801"}],"curies":[{"name":"wp","href":"https:\/\/api.w.org\/{rel}","templated":true}]}}