{"id":110795,"date":"2025-05-29T12:06:40","date_gmt":"2025-05-29T10:06:40","guid":{"rendered":"https:\/\/abinox-chr-clim.com\/index.php\/product\/chariot-a-vaisselle-reglable-compact-cambro-noir\/"},"modified":"2026-04-13T08:14:48","modified_gmt":"2026-04-13T06:14:48","slug":"chariot-a-vaisselle-reglable-compact-cambro-noir","status":"publish","type":"product","link":"https:\/\/abinox-chr-clim.com\/index.php\/product\/chariot-a-vaisselle-reglable-compact-cambro-noir\/","title":{"rendered":"Chariot \u00e0 vaisselle r\u00e9glable compact Cambro noir"},"content":{"rendered":"<p>\u2022 L\u00e9ger, facile \u00e0 man\u0153uvrer et accessible des quatre c\u00f4t\u00e9s<br \/>\u2022 Corps moul\u00e9 unique en poly\u00e9thyl\u00e8ne robuste et durable qui ne rouille pas, ne se fissure pas, ne se bosselle pas et ne s&rsquo;\u00e9rafle pas.<br \/>\u2022 La surface lisse aux coins arrondis est facile \u00e0 nettoyer.<br \/>\u2022 L&rsquo;unit\u00e9 peut contenir entre 45 et 60 assiettes par pile, en fonction de la taille des plats<br \/>\u2022 Maintient la vaisselle \u00e0 distance du sol, avec un espace libre de 18 cm sous l&rsquo;appareil.<\/p>\n<p><b><u>Caract\u00e9ristiques du produit :<\/u><\/b><br \/>\u2022 Dim. : 840(H) x 760(L) x 760(P)mm<br \/>\u2022 Mati\u00e8re : Polyethylene<br \/>\u2022 Poids : 27 kg<br \/>\u2022 Couleur : Noir.<\/p>\n","protected":false},"excerpt":{"rendered":"<p>760(P) x 840(H) x 760(L) mm<\/p>\n","protected":false},"featured_media":108821,"comment_status":"open","ping_status":"closed","template":"","meta":[],"product_brand":[],"product_cat":[1172,1171,1160,1297],"product_tag":[],"class_list":{"0":"post-110795","1":"product","2":"type-product","3":"status-publish","4":"has-post-thumbnail","6":"product_cat-casiers-de-lavage","7":"product_cat-laverie","8":"product_cat-materiel-electrique-et-de-cuisson","9":"product_cat-non-palettisable","10":"product_shipping_class-free-shipping","12":"first","13":"instock","14":"featured","15":"taxable","16":"shipping-taxable","17":"purchasable","18":"product-type-simple"},"_links":{"self":[{"href":"https:\/\/abinox-chr-clim.com\/index.php\/wp-json\/wp\/v2\/product\/110795","targetHints":{"allow":["GET"]}}],"collection":[{"href":"https:\/\/abinox-chr-clim.com\/index.php\/wp-json\/wp\/v2\/product"}],"about":[{"href":"https:\/\/abinox-chr-clim.com\/index.php\/wp-json\/wp\/v2\/types\/product"}],"replies":[{"embeddable":true,"href":"https:\/\/abinox-chr-clim.com\/index.php\/wp-json\/wp\/v2\/comments?post=110795"}],"wp:featuredmedia":[{"embeddable":true,"href":"https:\/\/abinox-chr-clim.com\/index.php\/wp-json\/wp\/v2\/media\/108821"}],"wp:attachment":[{"href":"https:\/\/abinox-chr-clim.com\/index.php\/wp-json\/wp\/v2\/media?parent=110795"}],"wp:term":[{"taxonomy":"product_brand","embeddable":true,"href":"https:\/\/abinox-chr-clim.com\/index.php\/wp-json\/wp\/v2\/product_brand?post=110795"},{"taxonomy":"product_cat","embeddable":true,"href":"https:\/\/abinox-chr-clim.com\/index.php\/wp-json\/wp\/v2\/product_cat?post=110795"},{"taxonomy":"product_tag","embeddable":true,"href":"https:\/\/abinox-chr-clim.com\/index.php\/wp-json\/wp\/v2\/product_tag?post=110795"}],"curies":[{"name":"wp","href":"https:\/\/api.w.org\/{rel}","templated":true}]}}