{"id":110793,"date":"2025-05-29T12:06:36","date_gmt":"2025-05-29T10:06:36","guid":{"rendered":"https:\/\/abinox-chr-clim.com\/index.php\/product\/echelle-patissiere-demi-hauteur-cambro-ultimate-600x400mm\/"},"modified":"2026-04-24T10:47:37","modified_gmt":"2026-04-24T08:47:37","slug":"echelle-patissiere-demi-hauteur-cambro-ultimate-600x400mm","status":"publish","type":"product","link":"https:\/\/abinox-chr-clim.com\/index.php\/product\/echelle-patissiere-demi-hauteur-cambro-ultimate-600x400mm\/","title":{"rendered":"\u00c9chelle p\u00e2tissi\u00e8re demi-hauteur Cambro Ultimate 600x400mm"},"content":{"rendered":"<p>\u00c9chelle p\u00e2tissi\u00e8re durable et ultra fiable, parfaitement con\u00e7ue pour le stockage et le d\u00e9placement des plaques p\u00e2tissi\u00e8res. Comprend des roulettes pivotantes silencieuses \u00e0 glissement doux pour une maniabilit\u00e9 sans effort et des rails en mat\u00e9riaux composites pouvant accepter des plaques \u00e0 200\u00b0C.<\/p>\n<p>\u2022 Con\u00e7ue pour entreposer les plaques directement d&rsquo;un four \u00e0 200\u00b0C aux unit\u00e9s de stockage froid jusqu&rsquo;\u00e0 -40\u00b0C<br \/>\u2022 L&rsquo;\u00e9chelle demi-hauteur peut contenir 9 plaques \u00e0 p\u00e2tisserie<br \/>\u2022 La conception r\u00e9sistante \u00e0 la rouille et robuste garantit une utilisation durable<br \/>\u2022 \u00c9quip\u00e9e de quatre roulettes pivotantes toutes avec freins<br \/>\u2022 Rails coulissants avec but\u00e9es moul\u00e9es<\/p>\n<p><b><u>Caract\u00e9ristiques du produit :<\/u><\/b><br \/>\u2022 Mati\u00e8re : Polyur\u00e9thane<br \/>\u2022 Poids : 14 kg<br \/>\u2022 Couleur : Gris.<\/p>\n","protected":false},"excerpt":{"rendered":"<p>1016(H) x 516(L) x 783(P)mm. 9 plaques. Charge maximale de 170 kg.<\/p>\n","protected":false},"featured_media":107629,"comment_status":"open","ping_status":"closed","template":"","meta":[],"product_brand":[],"product_cat":[1147,1146,1297],"product_tag":[],"class_list":{"0":"post-110793","1":"product","2":"type-product","3":"status-publish","4":"has-post-thumbnail","6":"product_cat-chariots-et-rayonnages","7":"product_cat-mobilier-de-cuisine-chariots-et-echelles","8":"product_cat-non-palettisable","9":"product_shipping_class-free-shipping","11":"first","12":"instock","13":"featured","14":"taxable","15":"shipping-taxable","16":"purchasable","17":"product-type-simple"},"_links":{"self":[{"href":"https:\/\/abinox-chr-clim.com\/index.php\/wp-json\/wp\/v2\/product\/110793","targetHints":{"allow":["GET"]}}],"collection":[{"href":"https:\/\/abinox-chr-clim.com\/index.php\/wp-json\/wp\/v2\/product"}],"about":[{"href":"https:\/\/abinox-chr-clim.com\/index.php\/wp-json\/wp\/v2\/types\/product"}],"replies":[{"embeddable":true,"href":"https:\/\/abinox-chr-clim.com\/index.php\/wp-json\/wp\/v2\/comments?post=110793"}],"wp:featuredmedia":[{"embeddable":true,"href":"https:\/\/abinox-chr-clim.com\/index.php\/wp-json\/wp\/v2\/media\/107629"}],"wp:attachment":[{"href":"https:\/\/abinox-chr-clim.com\/index.php\/wp-json\/wp\/v2\/media?parent=110793"}],"wp:term":[{"taxonomy":"product_brand","embeddable":true,"href":"https:\/\/abinox-chr-clim.com\/index.php\/wp-json\/wp\/v2\/product_brand?post=110793"},{"taxonomy":"product_cat","embeddable":true,"href":"https:\/\/abinox-chr-clim.com\/index.php\/wp-json\/wp\/v2\/product_cat?post=110793"},{"taxonomy":"product_tag","embeddable":true,"href":"https:\/\/abinox-chr-clim.com\/index.php\/wp-json\/wp\/v2\/product_tag?post=110793"}],"curies":[{"name":"wp","href":"https:\/\/api.w.org\/{rel}","templated":true}]}}