{"id":110791,"date":"2025-05-29T12:06:32","date_gmt":"2025-05-29T10:06:32","guid":{"rendered":"https:\/\/abinox-chr-clim.com\/index.php\/product\/boites-de-stockage-avec-couvercle-cambro-freshpro-lot-de-2-x-095l-et-2-x-047l\/"},"modified":"2025-09-17T11:40:25","modified_gmt":"2025-09-17T09:40:25","slug":"boites-de-stockage-avec-couvercle-cambro-freshpro-lot-de-2-x-095l-et-2-x-047l","status":"publish","type":"product","link":"https:\/\/abinox-chr-clim.com\/index.php\/product\/boites-de-stockage-avec-couvercle-cambro-freshpro-lot-de-2-x-095l-et-2-x-047l\/","title":{"rendered":"Bo\u00eetes de stockage avec couvercle Cambro FreshPro (lot de 2 x 0,95L et 2 x 0,47L)"},"content":{"rendered":"<p>Id\u00e9al pour stocker des m\u00e9langes d&rsquo;\u00e9pices, des herbes fra\u00eeches et plus encore, les conteneurs FreshPro sont l&rsquo;alternative durable \u00e0 leurs homologues \u00e0 usage unique. Un couvercle Easy Seal s&rsquo;adapte aux deux tailles de conteneur pour vous aider \u00e0 \u00eatre plus efficace dans la cuisine. Le couvercle est facile \u00e0 mettre et \u00e0 retirer et aide \u00e0 maximiser la fra\u00eecheur et \u00e0 \u00e9viter les d\u00e9versements.<\/p>\n<p>\u2022 R\u00e9siste de -40\u00b0C \u00e0 70\u00b0C<br \/>\u2022 R\u00e9sistant aux taches, aux acides et aux odeurs<br \/>\u2022 L&#8217;empilage permet d&rsquo;\u00e9conomiser un espace pr\u00e9cieux lorsqu&rsquo;il n&rsquo;est pas utilis\u00e9<br \/>\u2022 Les parois translucides permettent des contr\u00f4les d&rsquo;inventaire rapides<br \/>\u2022 Passe au lave-vaisselle pour un nettoyage rapide et facile<br \/>\u2022 Le couvercle aide \u00e0 garder le contenu frais<\/p>\n<p><b><u>Caract\u00e9ristiques du produit :<\/u><\/b><br \/>\u2022 Lot : 4.0<br \/>\u2022 Dim. : 557(H) x 261(L) x 417(P) mm<br \/>\u2022 Mati\u00e8re : Polypropyl\u00e8ne<br \/>\u2022 Poids : 430 g<br \/>\u2022 Couleur : Transparent.<\/p>\n","protected":false},"excerpt":{"rendered":"<p>Polypropyl\u00e8ne. 417(P) x 557(H) x 261(L)mm<\/p>\n","protected":false},"featured_media":106775,"comment_status":"open","ping_status":"closed","template":"","meta":[],"product_brand":[],"product_cat":[1072,1280,1064,1297],"product_tag":[],"class_list":{"0":"post-110791","1":"product","2":"type-product","3":"status-publish","4":"has-post-thumbnail","6":"product_cat-conteneurs-a-ingredients","7":"product_cat-conteneurs-alimentaires-et-bacs-gastronorme-cuisine","8":"product_cat-cuisine","9":"product_cat-non-palettisable","10":"product_shipping_class-free-shipping","12":"first","13":"outofstock","14":"featured","15":"taxable","16":"shipping-taxable","17":"purchasable","18":"product-type-simple"},"_links":{"self":[{"href":"https:\/\/abinox-chr-clim.com\/index.php\/wp-json\/wp\/v2\/product\/110791","targetHints":{"allow":["GET"]}}],"collection":[{"href":"https:\/\/abinox-chr-clim.com\/index.php\/wp-json\/wp\/v2\/product"}],"about":[{"href":"https:\/\/abinox-chr-clim.com\/index.php\/wp-json\/wp\/v2\/types\/product"}],"replies":[{"embeddable":true,"href":"https:\/\/abinox-chr-clim.com\/index.php\/wp-json\/wp\/v2\/comments?post=110791"}],"wp:featuredmedia":[{"embeddable":true,"href":"https:\/\/abinox-chr-clim.com\/index.php\/wp-json\/wp\/v2\/media\/106775"}],"wp:attachment":[{"href":"https:\/\/abinox-chr-clim.com\/index.php\/wp-json\/wp\/v2\/media?parent=110791"}],"wp:term":[{"taxonomy":"product_brand","embeddable":true,"href":"https:\/\/abinox-chr-clim.com\/index.php\/wp-json\/wp\/v2\/product_brand?post=110791"},{"taxonomy":"product_cat","embeddable":true,"href":"https:\/\/abinox-chr-clim.com\/index.php\/wp-json\/wp\/v2\/product_cat?post=110791"},{"taxonomy":"product_tag","embeddable":true,"href":"https:\/\/abinox-chr-clim.com\/index.php\/wp-json\/wp\/v2\/product_tag?post=110791"}],"curies":[{"name":"wp","href":"https:\/\/api.w.org\/{rel}","templated":true}]}}