{"id":110789,"date":"2025-05-29T12:06:28","date_gmt":"2025-05-29T10:06:28","guid":{"rendered":"https:\/\/abinox-chr-clim.com\/index.php\/product\/poubelle-pour-hotel-bureau-noire-bolero-8l\/"},"modified":"2026-04-15T10:43:51","modified_gmt":"2026-04-15T08:43:51","slug":"poubelle-pour-hotel-bureau-noire-bolero-8l","status":"publish","type":"product","link":"https:\/\/abinox-chr-clim.com\/index.php\/product\/poubelle-pour-hotel-bureau-noire-bolero-8l\/","title":{"rendered":"Poubelle pour h\u00f4tel\/bureau noire Bolero 8L"},"content":{"rendered":"<p>Vous cherchez une poubelle durable et compacte &#63; Alors cette poubelle de 8 litres de Bolero est parfaite pour vous. Fabriqu\u00e9e en polypropyl\u00e8ne, cette poubelle offre une excellente durabilit\u00e9 qui \u00e9vite les bosses ou les \u00e9clats, conservant ainsi son aspect neuf plus longtemps. La couleur noire donne \u00e0 la poubelle un aspect \u00e9l\u00e9gant et simple qui s&rsquo;adapte \u00e0 tout d\u00e9cor de bureau, de chambre d&rsquo;h\u00f4tel ou de chambre \u00e0 coucher. De plus, son design mince la rend parfaite pour les chambres d&rsquo;amis ou pour \u00eatre plac\u00e9e sous un bureau ou dans des espaces restreints.<br \/>\u2022 La conception mince est id\u00e9ale pour les chambres d&rsquo;h\u00f4tes ou pour se glisser sous les bureaux ou dans les espaces restreints<br \/>\u2022 Essuyable et facile \u00e0 nettoyer<br \/>\u2022 Format 14 litres \u00e9galement disponible, voir code &#8211; FU599<\/p>\n<p><b><u>Caract\u00e9ristiques du produit :<\/u><\/b><br \/>\u2022 Capacit\u00e9 : 8 L<br \/>\u2022 Dim. : 265(H) x 240(L) mm<br \/>\u2022 Mati\u00e8re : Polypropyl\u00e8ne<br \/>\u2022 Poids : 410 g<br \/>\u2022 Couleur : Noir.<\/p>\n","protected":false},"excerpt":{"rendered":"<p>265(H)x240(L)mm<\/p>\n","protected":false},"featured_media":107628,"comment_status":"open","ping_status":"closed","template":"","meta":[],"product_brand":[],"product_cat":[1217,1297,1219,1216],"product_tag":[],"class_list":{"0":"post-110789","1":"product","2":"type-product","3":"status-publish","4":"has-post-thumbnail","6":"product_cat-collecte-des-dechets","7":"product_cat-non-palettisable","8":"product_cat-poubelles","9":"product_cat-usage-unique-et-entretien","10":"product_shipping_class-free-shipping","12":"first","13":"instock","14":"featured","15":"taxable","16":"shipping-taxable","17":"purchasable","18":"product-type-simple"},"_links":{"self":[{"href":"https:\/\/abinox-chr-clim.com\/index.php\/wp-json\/wp\/v2\/product\/110789","targetHints":{"allow":["GET"]}}],"collection":[{"href":"https:\/\/abinox-chr-clim.com\/index.php\/wp-json\/wp\/v2\/product"}],"about":[{"href":"https:\/\/abinox-chr-clim.com\/index.php\/wp-json\/wp\/v2\/types\/product"}],"replies":[{"embeddable":true,"href":"https:\/\/abinox-chr-clim.com\/index.php\/wp-json\/wp\/v2\/comments?post=110789"}],"wp:featuredmedia":[{"embeddable":true,"href":"https:\/\/abinox-chr-clim.com\/index.php\/wp-json\/wp\/v2\/media\/107628"}],"wp:attachment":[{"href":"https:\/\/abinox-chr-clim.com\/index.php\/wp-json\/wp\/v2\/media?parent=110789"}],"wp:term":[{"taxonomy":"product_brand","embeddable":true,"href":"https:\/\/abinox-chr-clim.com\/index.php\/wp-json\/wp\/v2\/product_brand?post=110789"},{"taxonomy":"product_cat","embeddable":true,"href":"https:\/\/abinox-chr-clim.com\/index.php\/wp-json\/wp\/v2\/product_cat?post=110789"},{"taxonomy":"product_tag","embeddable":true,"href":"https:\/\/abinox-chr-clim.com\/index.php\/wp-json\/wp\/v2\/product_tag?post=110789"}],"curies":[{"name":"wp","href":"https:\/\/api.w.org\/{rel}","templated":true}]}}