{"id":110786,"date":"2025-05-29T12:06:22","date_gmt":"2025-05-29T10:06:22","guid":{"rendered":"https:\/\/abinox-chr-clim.com\/index.php\/product\/gobelets-en-verre-recycle-olympia-orleans-220ml-lot-de-6\/"},"modified":"2026-04-24T10:47:35","modified_gmt":"2026-04-24T08:47:35","slug":"gobelets-en-verre-recycle-olympia-orleans-220ml-lot-de-6","status":"publish","type":"product","link":"https:\/\/abinox-chr-clim.com\/index.php\/product\/gobelets-en-verre-recycle-olympia-orleans-220ml-lot-de-6\/","title":{"rendered":"Gobelets en verre recycl\u00e9 Olympia Orl\u00e9ans 220ml (lot de 6)"},"content":{"rendered":"<p>Les gobelets Orl\u00e9ans 220 ml Olympia pr\u00e9sentent un design unique qui ajoutera une touche de modernit\u00e9 \u00e0 votre service de boissons. Fabriqu\u00e9s \u00e0 partir de verre 100 % recycl\u00e9, ces gobelets sont non seulement respectueux de l&rsquo;environnement, mais aussi \u00e9l\u00e9gants et durables. Les gobelets sont \u00e9galement lavables au lave-vaisselle pour un nettoyage facile.<\/p>\n<p>\u2022 Un design unique ajoute une touche \u00e9l\u00e9gante \u00e0 vos services de boissons<br \/>\u2022 Passe au lave-vaisselle pour un nettoyage rapide et facile<br \/>\u2022 Fabriqu\u00e9 \u00e0 partir de verre 100 % recycl\u00e9, r\u00e9duisant ainsi l&rsquo;utilisation de mat\u00e9riaux vierges lors de la production<br \/>\u2022 Poids 0,250kg<br \/>\u2022 Ce produit n&rsquo;est pas marqu\u00e9 CE<\/p>\n<p><b><u>Caract\u00e9ristiques du produit :<\/u><\/b><br \/>\u2022 Lot : 6.0<br \/>\u2022 Capacit\u00e9 : 22 cl<br \/>\u2022 Dim. : 90(H) x 90(\u00d8) mm<br \/>\u2022 Mati\u00e8re : Verre<br \/>\u2022 Poids : 250 g<br \/>\u2022 Couleur : Transparent.<\/p>\n","protected":false},"excerpt":{"rendered":"<p>Lot de 6<\/p>\n","protected":false},"featured_media":106215,"comment_status":"open","ping_status":"closed","template":"","meta":[],"product_brand":[],"product_cat":[1023,1055,1297,1051],"product_tag":[],"class_list":{"0":"post-110786","1":"product","2":"type-product","3":"status-publish","4":"has-post-thumbnail","6":"product_cat-art-de-la-table","7":"product_cat-chopes-et-gobelets","8":"product_cat-non-palettisable","9":"product_cat-verrerie","10":"product_shipping_class-free-shipping","12":"first","13":"instock","14":"featured","15":"taxable","16":"shipping-taxable","17":"purchasable","18":"product-type-simple"},"_links":{"self":[{"href":"https:\/\/abinox-chr-clim.com\/index.php\/wp-json\/wp\/v2\/product\/110786","targetHints":{"allow":["GET"]}}],"collection":[{"href":"https:\/\/abinox-chr-clim.com\/index.php\/wp-json\/wp\/v2\/product"}],"about":[{"href":"https:\/\/abinox-chr-clim.com\/index.php\/wp-json\/wp\/v2\/types\/product"}],"replies":[{"embeddable":true,"href":"https:\/\/abinox-chr-clim.com\/index.php\/wp-json\/wp\/v2\/comments?post=110786"}],"wp:featuredmedia":[{"embeddable":true,"href":"https:\/\/abinox-chr-clim.com\/index.php\/wp-json\/wp\/v2\/media\/106215"}],"wp:attachment":[{"href":"https:\/\/abinox-chr-clim.com\/index.php\/wp-json\/wp\/v2\/media?parent=110786"}],"wp:term":[{"taxonomy":"product_brand","embeddable":true,"href":"https:\/\/abinox-chr-clim.com\/index.php\/wp-json\/wp\/v2\/product_brand?post=110786"},{"taxonomy":"product_cat","embeddable":true,"href":"https:\/\/abinox-chr-clim.com\/index.php\/wp-json\/wp\/v2\/product_cat?post=110786"},{"taxonomy":"product_tag","embeddable":true,"href":"https:\/\/abinox-chr-clim.com\/index.php\/wp-json\/wp\/v2\/product_tag?post=110786"}],"curies":[{"name":"wp","href":"https:\/\/api.w.org\/{rel}","templated":true}]}}