{"id":110783,"date":"2025-05-29T12:06:16","date_gmt":"2025-05-29T10:06:16","guid":{"rendered":"https:\/\/abinox-chr-clim.com\/index.php\/product\/seau-gradue-jantex-gris-avec-bec-verseur-14-litres\/"},"modified":"2026-04-14T10:53:05","modified_gmt":"2026-04-14T08:53:05","slug":"seau-gradue-jantex-gris-avec-bec-verseur-14-litres","status":"publish","type":"product","link":"https:\/\/abinox-chr-clim.com\/index.php\/product\/seau-gradue-jantex-gris-avec-bec-verseur-14-litres\/","title":{"rendered":"Seau gradu\u00e9 Jantex gris avec bec verseur 14 litres"},"content":{"rendered":"<p>Seau gris gradu\u00e9 de 14 litres pour des mesures pr\u00e9cises en litres. Comprend un large bord pour un versement facile, r\u00e9duisant les d\u00e9versements qui peuvent causer des risques pour la sant\u00e9 et la s\u00e9curit\u00e9.<\/p>\n<p>\u2022 Litres gradu\u00e9s pour une mesure pr\u00e9cise<br \/>\u2022 Le large rebord verseur garantit que le contenu ne se renverse pas lors du versement, r\u00e9duisant ainsi le risque de d\u00e9versement<br \/>\u2022 Poign\u00e9e robuste pour une manipulation facile<br \/>\u2022 La capacit\u00e9 g\u00e9n\u00e9reuse de 14 litres r\u00e9duit le besoin de recharges fr\u00e9quentes<\/p>\n<p><b><u>Caract\u00e9ristiques du produit :<\/u><\/b><br \/>\u2022 Mati\u00e8re : Polypropyl\u00e8ne<br \/>\u2022 Poids : 740 g<br \/>\u2022 Couleur : Gris.<\/p>\n","protected":false},"excerpt":{"rendered":"<p>Capacit\u00e9 de 14 litres<\/p>\n","protected":false},"featured_media":106214,"comment_status":"open","ping_status":"closed","template":"","meta":[],"product_brand":[],"product_cat":[1227,1297,1232,1216],"product_tag":[],"class_list":{"0":"post-110783","1":"product","2":"type-product","3":"status-publish","4":"has-post-thumbnail","6":"product_cat-nettoyage","7":"product_cat-non-palettisable","8":"product_cat-seaux-de-lavage-et-balais-brosse","9":"product_cat-usage-unique-et-entretien","10":"product_shipping_class-free-shipping","12":"first","13":"instock","14":"featured","15":"taxable","16":"shipping-taxable","17":"purchasable","18":"product-type-simple"},"_links":{"self":[{"href":"https:\/\/abinox-chr-clim.com\/index.php\/wp-json\/wp\/v2\/product\/110783","targetHints":{"allow":["GET"]}}],"collection":[{"href":"https:\/\/abinox-chr-clim.com\/index.php\/wp-json\/wp\/v2\/product"}],"about":[{"href":"https:\/\/abinox-chr-clim.com\/index.php\/wp-json\/wp\/v2\/types\/product"}],"replies":[{"embeddable":true,"href":"https:\/\/abinox-chr-clim.com\/index.php\/wp-json\/wp\/v2\/comments?post=110783"}],"wp:featuredmedia":[{"embeddable":true,"href":"https:\/\/abinox-chr-clim.com\/index.php\/wp-json\/wp\/v2\/media\/106214"}],"wp:attachment":[{"href":"https:\/\/abinox-chr-clim.com\/index.php\/wp-json\/wp\/v2\/media?parent=110783"}],"wp:term":[{"taxonomy":"product_brand","embeddable":true,"href":"https:\/\/abinox-chr-clim.com\/index.php\/wp-json\/wp\/v2\/product_brand?post=110783"},{"taxonomy":"product_cat","embeddable":true,"href":"https:\/\/abinox-chr-clim.com\/index.php\/wp-json\/wp\/v2\/product_cat?post=110783"},{"taxonomy":"product_tag","embeddable":true,"href":"https:\/\/abinox-chr-clim.com\/index.php\/wp-json\/wp\/v2\/product_tag?post=110783"}],"curies":[{"name":"wp","href":"https:\/\/api.w.org\/{rel}","templated":true}]}}