{"id":110778,"date":"2025-05-29T12:06:07","date_gmt":"2025-05-29T10:06:07","guid":{"rendered":"https:\/\/abinox-chr-clim.com\/index.php\/product\/armoire-murale-en-acier-inoxydable-vogue-650x1800x400mm\/"},"modified":"2026-04-24T11:09:38","modified_gmt":"2026-04-24T09:09:38","slug":"armoire-murale-en-acier-inoxydable-vogue-650x1800x400mm","status":"publish","type":"product","link":"https:\/\/abinox-chr-clim.com\/index.php\/product\/armoire-murale-en-acier-inoxydable-vogue-650x1800x400mm\/","title":{"rendered":"Armoire murale en acier inoxydable Vogue 650x1800x400mm"},"content":{"rendered":"<p>Espace limit\u00e9 dans votre cuisine &#63; Le placard mural en acier inoxydable 650x1800x400mm de Vogue est une option pratique et fiable si vous devez augmenter votre capacit\u00e9 de stockage sans prendre trop de place au sol. Il est con\u00e7u avec des portes coulissantes, qui peuvent \u00eatre ouvertes dans des espaces restreints sans occuper plus de place ni causer d&rsquo;obstructions. \u00c0 l&rsquo;int\u00e9rieur, une \u00e9tag\u00e8re centrale vous permet de ranger facilement des \u00e9quipements ou de petits appareils.En plus d&rsquo;\u00eatre solide et robuste, le placard est \u00e9galement incroyablement facile \u00e0 nettoyer et \u00e0 entretenir pour respecter des normes d&rsquo;hygi\u00e8ne impeccables.Grands placards en acier inoxydable \u00e0 portes coulissantes, id\u00e9aux pour une utilisation dans des cuisines anim\u00e9es et des espaces limit\u00e9s.<\/p>\n<p>\u2022 Rangement ambiant id\u00e9al pour les casseroles et autres grands ustensiles<br \/>\u2022 Les portes coulissantes permettent une ouverture gain de place<br \/>\u2022 Tablette centrale pour exploiter au maximum la capacit\u00e9 de stockage<br \/>\u2022 Acier inoxydable de qualit\u00e9 430, \u00e9tag\u00e8re du milieu\u00a0: SUS430 1,0\u00a0MM<br \/>\u2022 Livr\u00e9 emball\u00e9 \u00e0 plat avec instructions de montage faciles \u00e0 suivre<br \/>\u2022 Facile \u00e0 nettoyer, instructions de nettoyage fournies dans le manuel<br \/>\u2022 Possibilit\u00e9 de fixation murale (fixations non fournies)<br \/>\u2022 Serrures disponibles<\/p>\n<p><b><u>Caract\u00e9ristiques du produit :<\/u><\/b><br \/>\u2022 Couleur : Argent.<\/p>\n","protected":false},"excerpt":{"rendered":"<p>650x1800x400mm<\/p>\n","protected":false},"featured_media":107625,"comment_status":"open","ping_status":"closed","template":"","meta":[],"product_brand":[],"product_cat":[1147,1153,1146,1297],"product_tag":[],"class_list":{"0":"post-110778","1":"product","2":"type-product","3":"status-publish","4":"has-post-thumbnail","6":"product_cat-chariots-et-rayonnages","7":"product_cat-etageres-murales-et-placards","8":"product_cat-mobilier-de-cuisine-chariots-et-echelles","9":"product_cat-non-palettisable","10":"product_shipping_class-free-shipping","12":"first","13":"instock","14":"featured","15":"taxable","16":"shipping-taxable","17":"purchasable","18":"product-type-simple"},"_links":{"self":[{"href":"https:\/\/abinox-chr-clim.com\/index.php\/wp-json\/wp\/v2\/product\/110778","targetHints":{"allow":["GET"]}}],"collection":[{"href":"https:\/\/abinox-chr-clim.com\/index.php\/wp-json\/wp\/v2\/product"}],"about":[{"href":"https:\/\/abinox-chr-clim.com\/index.php\/wp-json\/wp\/v2\/types\/product"}],"replies":[{"embeddable":true,"href":"https:\/\/abinox-chr-clim.com\/index.php\/wp-json\/wp\/v2\/comments?post=110778"}],"wp:featuredmedia":[{"embeddable":true,"href":"https:\/\/abinox-chr-clim.com\/index.php\/wp-json\/wp\/v2\/media\/107625"}],"wp:attachment":[{"href":"https:\/\/abinox-chr-clim.com\/index.php\/wp-json\/wp\/v2\/media?parent=110778"}],"wp:term":[{"taxonomy":"product_brand","embeddable":true,"href":"https:\/\/abinox-chr-clim.com\/index.php\/wp-json\/wp\/v2\/product_brand?post=110778"},{"taxonomy":"product_cat","embeddable":true,"href":"https:\/\/abinox-chr-clim.com\/index.php\/wp-json\/wp\/v2\/product_cat?post=110778"},{"taxonomy":"product_tag","embeddable":true,"href":"https:\/\/abinox-chr-clim.com\/index.php\/wp-json\/wp\/v2\/product_tag?post=110778"}],"curies":[{"name":"wp","href":"https:\/\/api.w.org\/{rel}","templated":true}]}}