{"id":110774,"date":"2025-05-29T12:05:57","date_gmt":"2025-05-29T10:05:57","guid":{"rendered":"https:\/\/abinox-chr-clim.com\/index.php\/product\/pied-de-table-en-fonte-bolero-noir-720x420x600mm\/"},"modified":"2026-04-14T11:16:36","modified_gmt":"2026-04-14T09:16:36","slug":"pied-de-table-en-fonte-bolero-noir-720x420x600mm","status":"publish","type":"product","link":"https:\/\/abinox-chr-clim.com\/index.php\/product\/pied-de-table-en-fonte-bolero-noir-720x420x600mm\/","title":{"rendered":"Pied de table en fonte Bolero noir 720x420x600mm"},"content":{"rendered":"<p>Vous cherchez une mise \u00e0 niveau unique et \u00e9l\u00e9gante pour vos espaces de restauration &#63; Alors le pied de table en fonte de Bolero est id\u00e9al pour vous. Ce pied de table contemporain et tr\u00e8s durable est id\u00e9al pour une utilisation dans les caf\u00e9s, bars, pubs et restaurants. La construction en fonte permet une utilisation r\u00e9guli\u00e8re et intense sans souci de dommages d&rsquo;impact ou de corrosion, tandis qu&rsquo;une couche protectrice de zinc aide \u00e0 prot\u00e9ger le pied des \u00e9l\u00e9ments ext\u00e9rieurs s&rsquo;il est utilis\u00e9 \u00e0 l&rsquo;ext\u00e9rieur.Compatible avec les plateaux de table Bolero ayant un diam\u00e8tre maximum de 600 mm ou 700 mm x 700 mm, ce pied de table peut \u00eatre utilis\u00e9 pour rafra\u00eechir rapidement votre collection de mobilier avec un look neuf et \u00e9l\u00e9gant &#8211; cr\u00e9ant des zones accueillantes pour attirer les clients.La fonte excelle non seulement par ses qualit\u00e9s durables, mais aussi par son poids \u00e9lev\u00e9. Ce design aide \u00e0 garder votre table s\u00fbre et s\u00e9curis\u00e9e en aidant \u00e0 pr\u00e9venir les basculements ou les mouvements pendant l&rsquo;utilisation &#8211; r\u00e9duisant le risque de gaspillage de nourriture ou de boissons tout en gardant les invit\u00e9s en s\u00e9curit\u00e9.<\/p>\n<p>\u2022 Compatible avec les plateaux de table Bolero d&rsquo;un diam\u00e8tre maximal de 600mm ou 700mm x 700mm<br \/>\u2022 Convient pour une utilisation int\u00e9rieure et ext\u00e9rieure<br \/>\u2022 Les pieds r\u00e9glables aident \u00e0 garder vos tables \u00e0 plat sur le sol<br \/>\u2022 Le montage facile vous permet d&rsquo;avoir les tables mont\u00e9es et pr\u00eates \u00e0 l&#8217;emploi en un rien de temps<br \/>\u2022 Pied \u00e9l\u00e9gant et contemporain<br \/>\u2022 Pied robuste de 16,5 kg, garantissant que les tables restent s\u00e9curis\u00e9es et stables pendant l&rsquo;utilisation<br \/>\u2022 Fabriqu\u00e9 en fonte durable avec rev\u00eatement en poudre<br \/>\u2022 Couche protectrice en zinc pour prot\u00e9ger le pied des \u00e9l\u00e9ments ext\u00e9rieurs si utilis\u00e9e \u00e0 l&rsquo;ext\u00e9rieur<\/p>\n<p><b><u>Caract\u00e9ristiques du produit :<\/u><\/b><br \/>\u2022 Dim. : 720(H) x 600(L) x 420(W)mm<br \/>\u2022 Poids : 16,5kg<br \/>\u2022 Couleur : Noir.<\/p>\n","protected":false},"excerpt":{"rendered":"<p>720(H)x600(L)x420(P)mm<\/p>\n","protected":false},"featured_media":108814,"comment_status":"open","ping_status":"closed","template":"","meta":[],"product_brand":[],"product_cat":[1208,1201,1297,1212],"product_tag":[],"class_list":{"0":"post-110774","1":"product","2":"type-product","3":"status-publish","4":"has-post-thumbnail","6":"product_cat-interieur","7":"product_cat-mobilier","8":"product_cat-non-palettisable","9":"product_cat-tables-interieur","10":"product_shipping_class-free-shipping","12":"first","13":"instock","14":"featured","15":"taxable","16":"shipping-taxable","17":"purchasable","18":"product-type-simple"},"_links":{"self":[{"href":"https:\/\/abinox-chr-clim.com\/index.php\/wp-json\/wp\/v2\/product\/110774","targetHints":{"allow":["GET"]}}],"collection":[{"href":"https:\/\/abinox-chr-clim.com\/index.php\/wp-json\/wp\/v2\/product"}],"about":[{"href":"https:\/\/abinox-chr-clim.com\/index.php\/wp-json\/wp\/v2\/types\/product"}],"replies":[{"embeddable":true,"href":"https:\/\/abinox-chr-clim.com\/index.php\/wp-json\/wp\/v2\/comments?post=110774"}],"wp:featuredmedia":[{"embeddable":true,"href":"https:\/\/abinox-chr-clim.com\/index.php\/wp-json\/wp\/v2\/media\/108814"}],"wp:attachment":[{"href":"https:\/\/abinox-chr-clim.com\/index.php\/wp-json\/wp\/v2\/media?parent=110774"}],"wp:term":[{"taxonomy":"product_brand","embeddable":true,"href":"https:\/\/abinox-chr-clim.com\/index.php\/wp-json\/wp\/v2\/product_brand?post=110774"},{"taxonomy":"product_cat","embeddable":true,"href":"https:\/\/abinox-chr-clim.com\/index.php\/wp-json\/wp\/v2\/product_cat?post=110774"},{"taxonomy":"product_tag","embeddable":true,"href":"https:\/\/abinox-chr-clim.com\/index.php\/wp-json\/wp\/v2\/product_tag?post=110774"}],"curies":[{"name":"wp","href":"https:\/\/api.w.org\/{rel}","templated":true}]}}