{"id":110773,"date":"2025-05-29T12:05:55","date_gmt":"2025-05-29T10:05:55","guid":{"rendered":"https:\/\/abinox-chr-clim.com\/index.php\/product\/pied-de-table-en-fonte-bolero-noir-720x600mm\/"},"modified":"2026-04-14T11:16:34","modified_gmt":"2026-04-14T09:16:34","slug":"pied-de-table-en-fonte-bolero-noir-720x600mm","status":"publish","type":"product","link":"https:\/\/abinox-chr-clim.com\/index.php\/product\/pied-de-table-en-fonte-bolero-noir-720x600mm\/","title":{"rendered":"Pied de table en fonte Bolero noir 720x600mm"},"content":{"rendered":"<p>Vous cherchez \u00e0 moderniser vos espaces de restauration de fa\u00e7on unique et \u00e9l\u00e9gante &#63; Alors le pied de table en fonte de Bolero est id\u00e9al pour vous. Ce pied de table contemporain, tr\u00e8s r\u00e9sistant, est parfait pour une utilisation dans les caf\u00e9s, bars, pubs et restaurants. La construction en fonte permet une utilisation r\u00e9guli\u00e8re et intense sans craindre les dommages d&rsquo;impact ou la corrosion, tandis qu&rsquo;une couche protectrice de zinc aide \u00e0 prot\u00e9ger la base contre les \u00e9l\u00e9ments ext\u00e9rieurs si elle est utilis\u00e9e \u00e0 l&rsquo;ext\u00e9rieur.Compatible avec les plateaux de table Bolero d&rsquo;un diam\u00e8tre maximum de 600mm ou de 700mm x 700mm, ce pied de table peut \u00eatre utilis\u00e9 pour moderniser rapidement votre collection de meubles avec un look frais et \u00e9l\u00e9gant &#8211; cr\u00e9ant des espaces accueillants pour attirer les invit\u00e9s.La fonte excelle non seulement par ses qualit\u00e9s durables, mais aussi par son poids lourd. Ce design aide \u00e0 maintenir votre table en s\u00e9curit\u00e9 en aidant \u00e0 pr\u00e9venir le renversement ou le mouvement pendant l&rsquo;utilisation &#8211; r\u00e9duisant le risque de gaspillage de nourriture ou de boissons tout en gardant les invit\u00e9s en s\u00e9curit\u00e9.<\/p>\n<p>\u2022 Compatible avec les plateaux de table Bolero d&rsquo;un diam\u00e8tre maximum de 600mm ou de 700mm x 700mm<br \/>\u2022 Convient pour une utilisation int\u00e9rieure et ext\u00e9rieure<br \/>\u2022 Les pieds r\u00e9glables aident \u00e0 maintenir vos tables \u00e0 plat sur le sol<br \/>\u2022 Le montage facile vous permet d&rsquo;avoir les tables mont\u00e9es et pr\u00eates \u00e0 l&#8217;emploi en un rien de temps<br \/>\u2022 Pied \u00e9l\u00e9gant et contemporain<br \/>\u2022 Pied robuste de 20,2 kg, assurant que les tables restent s\u00e9curis\u00e9es et stables pendant l&rsquo;utilisation<br \/>\u2022 Fabriqu\u00e9 en fonte durable avec rev\u00eatement en poudre<br \/>\u2022 Couche protectrice en zinc pour prot\u00e9ger le pied des \u00e9l\u00e9ments ext\u00e9rieurs si utilis\u00e9e \u00e0 l&rsquo;ext\u00e9rieur<\/p>\n<p><b><u>Caract\u00e9ristiques du produit :<\/u><\/b><br \/>\u2022 Dim. : 720(H) x 600(\u00d8)mm<br \/>\u2022 Poids : 20,3kg<br \/>\u2022 Couleur : Noir.<\/p>\n","protected":false},"excerpt":{"rendered":"<p>720(H)x600(\u00d8)mm<\/p>\n","protected":false},"featured_media":108813,"comment_status":"open","ping_status":"closed","template":"","meta":[],"product_brand":[],"product_cat":[1208,1201,1297,1212],"product_tag":[],"class_list":{"0":"post-110773","1":"product","2":"type-product","3":"status-publish","4":"has-post-thumbnail","6":"product_cat-interieur","7":"product_cat-mobilier","8":"product_cat-non-palettisable","9":"product_cat-tables-interieur","10":"product_shipping_class-free-shipping","12":"first","13":"instock","14":"featured","15":"taxable","16":"shipping-taxable","17":"purchasable","18":"product-type-simple"},"_links":{"self":[{"href":"https:\/\/abinox-chr-clim.com\/index.php\/wp-json\/wp\/v2\/product\/110773","targetHints":{"allow":["GET"]}}],"collection":[{"href":"https:\/\/abinox-chr-clim.com\/index.php\/wp-json\/wp\/v2\/product"}],"about":[{"href":"https:\/\/abinox-chr-clim.com\/index.php\/wp-json\/wp\/v2\/types\/product"}],"replies":[{"embeddable":true,"href":"https:\/\/abinox-chr-clim.com\/index.php\/wp-json\/wp\/v2\/comments?post=110773"}],"wp:featuredmedia":[{"embeddable":true,"href":"https:\/\/abinox-chr-clim.com\/index.php\/wp-json\/wp\/v2\/media\/108813"}],"wp:attachment":[{"href":"https:\/\/abinox-chr-clim.com\/index.php\/wp-json\/wp\/v2\/media?parent=110773"}],"wp:term":[{"taxonomy":"product_brand","embeddable":true,"href":"https:\/\/abinox-chr-clim.com\/index.php\/wp-json\/wp\/v2\/product_brand?post=110773"},{"taxonomy":"product_cat","embeddable":true,"href":"https:\/\/abinox-chr-clim.com\/index.php\/wp-json\/wp\/v2\/product_cat?post=110773"},{"taxonomy":"product_tag","embeddable":true,"href":"https:\/\/abinox-chr-clim.com\/index.php\/wp-json\/wp\/v2\/product_tag?post=110773"}],"curies":[{"name":"wp","href":"https:\/\/api.w.org\/{rel}","templated":true}]}}