{"id":110772,"date":"2025-05-29T12:05:53","date_gmt":"2025-05-29T10:05:53","guid":{"rendered":"https:\/\/abinox-chr-clim.com\/index.php\/product\/pied-de-table-en-fonte-bolero-noir-720x420mm\/"},"modified":"2026-04-14T11:16:33","modified_gmt":"2026-04-14T09:16:33","slug":"pied-de-table-en-fonte-bolero-noir-720x420mm","status":"publish","type":"product","link":"https:\/\/abinox-chr-clim.com\/index.php\/product\/pied-de-table-en-fonte-bolero-noir-720x420mm\/","title":{"rendered":"Pied de table en fonte Bolero noir 720x420mm"},"content":{"rendered":"<p>Vous cherchez une mise \u00e0 niveau unique et \u00e9l\u00e9gante pour vos zones de restauration &#63; Alors le pied de table en fonte de Bolero est id\u00e9al pour vous. Ce pied de table contemporain et tr\u00e8s durable est id\u00e9al pour une utilisation dans les caf\u00e9s, bars, pubs et restaurants. La construction en fonte permet une utilisation r\u00e9guli\u00e8re et intensive sans risque de dommages dus aux chocs ou \u00e0 la corrosion, tandis qu&rsquo;une couche protectrice de zinc aide \u00e0 prot\u00e9ger la base des \u00e9l\u00e9ments ext\u00e9rieurs si elle est utilis\u00e9e \u00e0 l&rsquo;ext\u00e9rieur.Compatible avec les plateaux de table Bolero avec un diam\u00e8tre de plateau maximal de 600 mm ou 700 mm x 700 mm, ce pied de table peut \u00eatre utilis\u00e9 pour mettre rapidement \u00e0 niveau votre collection de meubles avec un look frais et \u00e9l\u00e9gant &#8211; cr\u00e9ant des espaces accueillants pour attirer les invit\u00e9s.La fonte excelle non seulement par ses qualit\u00e9s durables, mais aussi par son poids lourd. Ce design aide \u00e0 garder votre table en s\u00e9curit\u00e9 en emp\u00eachant qu&rsquo;elle ne bascule ou ne se d\u00e9place pendant l&rsquo;utilisation &#8211; r\u00e9duisant le risque de gaspillage de nourriture ou de boissons tout en gardant les invit\u00e9s en s\u00e9curit\u00e9.<\/p>\n<p>\u2022 Compatible avec les plateaux de table Bolero d&rsquo;un diam\u00e8tre maximal de 600mm ou 700mm x 700mm<br \/>\u2022 Convient pour une utilisation int\u00e9rieure et ext\u00e9rieure<br \/>\u2022 Des pieds r\u00e9glables aident \u00e0 maintenir vos tables \u00e0 plat<br \/>\u2022 Le montage facile vous permet d&rsquo;avoir les tables mont\u00e9es et pr\u00eates \u00e0 l&#8217;emploi en un rien de temps<br \/>\u2022 Pied \u00e9l\u00e9gant et contemporain<br \/>\u2022 Pied solide de 12,5 kg, assurant que les tables restent s\u00e9curis\u00e9es et stables pendant leur utilisation<br \/>\u2022 Fabriqu\u00e9 en fonte durable avec rev\u00eatement poudr\u00e9<br \/>\u2022 Couche protectrice en zinc pour prot\u00e9ger le pied des \u00e9l\u00e9ments ext\u00e9rieurs si utilis\u00e9e \u00e0 l&rsquo;ext\u00e9rieur<\/p>\n<p><b><u>Caract\u00e9ristiques du produit :<\/u><\/b><br \/>\u2022 Dim. : 720(H) x 420(\u00d8)mm<br \/>\u2022 Poids : 12,5kg<br \/>\u2022 Couleur : Noir.<\/p>\n","protected":false},"excerpt":{"rendered":"<p>720(H)x420(\u00d8)mm<\/p>\n","protected":false},"featured_media":105677,"comment_status":"open","ping_status":"closed","template":"","meta":[],"product_brand":[],"product_cat":[1208,1201,1297,1212],"product_tag":[],"class_list":{"0":"post-110772","1":"product","2":"type-product","3":"status-publish","4":"has-post-thumbnail","6":"product_cat-interieur","7":"product_cat-mobilier","8":"product_cat-non-palettisable","9":"product_cat-tables-interieur","10":"product_shipping_class-free-shipping","12":"first","13":"instock","14":"featured","15":"taxable","16":"shipping-taxable","17":"purchasable","18":"product-type-simple"},"_links":{"self":[{"href":"https:\/\/abinox-chr-clim.com\/index.php\/wp-json\/wp\/v2\/product\/110772","targetHints":{"allow":["GET"]}}],"collection":[{"href":"https:\/\/abinox-chr-clim.com\/index.php\/wp-json\/wp\/v2\/product"}],"about":[{"href":"https:\/\/abinox-chr-clim.com\/index.php\/wp-json\/wp\/v2\/types\/product"}],"replies":[{"embeddable":true,"href":"https:\/\/abinox-chr-clim.com\/index.php\/wp-json\/wp\/v2\/comments?post=110772"}],"wp:featuredmedia":[{"embeddable":true,"href":"https:\/\/abinox-chr-clim.com\/index.php\/wp-json\/wp\/v2\/media\/105677"}],"wp:attachment":[{"href":"https:\/\/abinox-chr-clim.com\/index.php\/wp-json\/wp\/v2\/media?parent=110772"}],"wp:term":[{"taxonomy":"product_brand","embeddable":true,"href":"https:\/\/abinox-chr-clim.com\/index.php\/wp-json\/wp\/v2\/product_brand?post=110772"},{"taxonomy":"product_cat","embeddable":true,"href":"https:\/\/abinox-chr-clim.com\/index.php\/wp-json\/wp\/v2\/product_cat?post=110772"},{"taxonomy":"product_tag","embeddable":true,"href":"https:\/\/abinox-chr-clim.com\/index.php\/wp-json\/wp\/v2\/product_tag?post=110772"}],"curies":[{"name":"wp","href":"https:\/\/api.w.org\/{rel}","templated":true}]}}