{"id":110771,"date":"2025-05-29T12:05:51","date_gmt":"2025-05-29T10:05:51","guid":{"rendered":"https:\/\/abinox-chr-clim.com\/index.php\/product\/chaises-de-terrasse-pliantes-bolero-perth-bleu-marine-fonce-lot-de-2\/"},"modified":"2026-04-14T10:55:04","modified_gmt":"2026-04-14T08:55:04","slug":"chaises-de-terrasse-pliantes-bolero-perth-bleu-marine-fonce-lot-de-2","status":"publish","type":"product","link":"https:\/\/abinox-chr-clim.com\/index.php\/product\/chaises-de-terrasse-pliantes-bolero-perth-bleu-marine-fonce-lot-de-2\/","title":{"rendered":"Chaises de terrasse pliantes Bolero Perth bleu marine fonc\u00e9 (lot de 2)"},"content":{"rendered":"<p>Ce mobilier de terrasse de la collection Perth Bolero est parfait pour les zones de restauration en plein air. La construction pliable permet de ranger rapidement et facilement le mobilier apr\u00e8s utilisation ou pendant le nettoyage, ce qui permet d&rsquo;\u00e9conomiser de l&rsquo;espace de stockage.<\/p>\n<p>\u2022 Le style industriel donnera un nouveau look \u00e0 vos espaces<br \/>\u2022 La construction robuste en acier vous permet de disposer d&rsquo;un mobilier durable<br \/>\u2022 Se plie \u00e0 plat pour un rangement facile<br \/>\u2022 La structure \u00e0 rev\u00eatement poudr\u00e9 avec traitement par \u00e9lectrophor\u00e8se offre une excellente durabilit\u00e9<br \/>\u2022 R\u00e9sistant aux UV et \u00e0 la pluie<br \/>\u2022 Patins en nylon emp\u00eachant la table de bouger ou de marquer le sol<br \/>\u2022 Livr\u00e9es enti\u00e8rement mont\u00e9es, permettant une utilisation imm\u00e9diate<\/p>\n<p><b><u>Caract\u00e9ristiques du produit :<\/u><\/b><br \/>\u2022 Dim. : 800(H) x 387(L) x 417(P) mm<br \/>\u2022 Mati\u00e8re : Acier rev\u00eatu de poudre<br \/>\u2022 Poids : 4,85 kg<br \/>\u2022 Couleur : Bleu.<\/p>\n","protected":false},"excerpt":{"rendered":"<p>Structure et assise en acier. Hauteur d&rsquo;assise : 440 mm<\/p>\n","protected":false},"featured_media":108812,"comment_status":"open","ping_status":"closed","template":"","meta":[],"product_brand":[],"product_cat":[1209,1208,1201,1297],"product_tag":[],"class_list":{"0":"post-110771","1":"product","2":"type-product","3":"status-publish","4":"has-post-thumbnail","6":"product_cat-chaises-interieur","7":"product_cat-interieur","8":"product_cat-mobilier","9":"product_cat-non-palettisable","10":"product_shipping_class-free-shipping","12":"first","13":"instock","14":"featured","15":"taxable","16":"shipping-taxable","17":"purchasable","18":"product-type-simple"},"_links":{"self":[{"href":"https:\/\/abinox-chr-clim.com\/index.php\/wp-json\/wp\/v2\/product\/110771","targetHints":{"allow":["GET"]}}],"collection":[{"href":"https:\/\/abinox-chr-clim.com\/index.php\/wp-json\/wp\/v2\/product"}],"about":[{"href":"https:\/\/abinox-chr-clim.com\/index.php\/wp-json\/wp\/v2\/types\/product"}],"replies":[{"embeddable":true,"href":"https:\/\/abinox-chr-clim.com\/index.php\/wp-json\/wp\/v2\/comments?post=110771"}],"wp:featuredmedia":[{"embeddable":true,"href":"https:\/\/abinox-chr-clim.com\/index.php\/wp-json\/wp\/v2\/media\/108812"}],"wp:attachment":[{"href":"https:\/\/abinox-chr-clim.com\/index.php\/wp-json\/wp\/v2\/media?parent=110771"}],"wp:term":[{"taxonomy":"product_brand","embeddable":true,"href":"https:\/\/abinox-chr-clim.com\/index.php\/wp-json\/wp\/v2\/product_brand?post=110771"},{"taxonomy":"product_cat","embeddable":true,"href":"https:\/\/abinox-chr-clim.com\/index.php\/wp-json\/wp\/v2\/product_cat?post=110771"},{"taxonomy":"product_tag","embeddable":true,"href":"https:\/\/abinox-chr-clim.com\/index.php\/wp-json\/wp\/v2\/product_tag?post=110771"}],"curies":[{"name":"wp","href":"https:\/\/api.w.org\/{rel}","templated":true}]}}