{"id":110768,"date":"2025-05-29T12:05:45","date_gmt":"2025-05-29T10:05:45","guid":{"rendered":"https:\/\/abinox-chr-clim.com\/index.php\/product\/table-de-terrasse-carree-bolero-perth-effet-bois\/"},"modified":"2026-04-14T10:55:01","modified_gmt":"2026-04-14T08:55:01","slug":"table-de-terrasse-carree-bolero-perth-effet-bois","status":"publish","type":"product","link":"https:\/\/abinox-chr-clim.com\/index.php\/product\/table-de-terrasse-carree-bolero-perth-effet-bois\/","title":{"rendered":"Table de terrasse carr\u00e9e Bolero Perth effet bois"},"content":{"rendered":"<p>Ce mobilier de terrasse de la collection Perth Bolero est parfait pour les zones de restauration en plein air. La construction pliable permet de ranger rapidement et facilement le mobilier apr\u00e8s utilisation ou pendant le nettoyage, ce qui permet d&rsquo;\u00e9conomiser de l&rsquo;espace de stockage.<\/p>\n<p>\u2022 Le style industriel donnera un nouveau look \u00e0 vos espaces<br \/>\u2022 La construction pliable permet \u00e0 la table d&rsquo;\u00eatre pli\u00e9e rapidement et facilement apr\u00e8s utilisation ou pendant le nettoyage, \u00e9conomisant ainsi un espace de stockage vital.<br \/>\u2022 Patins en nylon emp\u00eachant la table de bouger ou de marquer le sol<br \/>\u2022 Convient pour une utilisation int\u00e9rieure ou ext\u00e9rieure<br \/>\u2022 La structure \u00e0 rev\u00eatement poudr\u00e9 offre une excellente durabilit\u00e9 &#8211; id\u00e9al pour une utilisation r\u00e9guli\u00e8re et intensive<br \/>\u2022 Parfait pour les petits espaces terrasse gr\u00e2ce \u00e0 sa conception compacte<br \/>\u2022 Livr\u00e9e enti\u00e8rement assembl\u00e9e, permettant une utilisation imm\u00e9diate<br \/>\u2022 Chaises assorties disponibles &#8211; FU539<\/p>\n<p><b><u>Caract\u00e9ristiques du produit :<\/u><\/b><br \/>\u2022 Dim. : 710(H) x 600(L) mm<br \/>\u2022 Mati\u00e8re : Acier rev\u00eatu de poudre<br \/>\u2022 Poids : 7,1 kg<br \/>\u2022 Couleur : Marron.<\/p>\n","protected":false},"excerpt":{"rendered":"<p>Structure et plateau en acier. 710(H) x 600(L) x 600(P)mm<\/p>\n","protected":false},"featured_media":108810,"comment_status":"open","ping_status":"closed","template":"","meta":[],"product_brand":[],"product_cat":[1208,1201,1297,1212],"product_tag":[],"class_list":{"0":"post-110768","1":"product","2":"type-product","3":"status-publish","4":"has-post-thumbnail","6":"product_cat-interieur","7":"product_cat-mobilier","8":"product_cat-non-palettisable","9":"product_cat-tables-interieur","10":"product_shipping_class-free-shipping","12":"first","13":"instock","14":"featured","15":"taxable","16":"shipping-taxable","17":"purchasable","18":"product-type-simple"},"_links":{"self":[{"href":"https:\/\/abinox-chr-clim.com\/index.php\/wp-json\/wp\/v2\/product\/110768","targetHints":{"allow":["GET"]}}],"collection":[{"href":"https:\/\/abinox-chr-clim.com\/index.php\/wp-json\/wp\/v2\/product"}],"about":[{"href":"https:\/\/abinox-chr-clim.com\/index.php\/wp-json\/wp\/v2\/types\/product"}],"replies":[{"embeddable":true,"href":"https:\/\/abinox-chr-clim.com\/index.php\/wp-json\/wp\/v2\/comments?post=110768"}],"wp:featuredmedia":[{"embeddable":true,"href":"https:\/\/abinox-chr-clim.com\/index.php\/wp-json\/wp\/v2\/media\/108810"}],"wp:attachment":[{"href":"https:\/\/abinox-chr-clim.com\/index.php\/wp-json\/wp\/v2\/media?parent=110768"}],"wp:term":[{"taxonomy":"product_brand","embeddable":true,"href":"https:\/\/abinox-chr-clim.com\/index.php\/wp-json\/wp\/v2\/product_brand?post=110768"},{"taxonomy":"product_cat","embeddable":true,"href":"https:\/\/abinox-chr-clim.com\/index.php\/wp-json\/wp\/v2\/product_cat?post=110768"},{"taxonomy":"product_tag","embeddable":true,"href":"https:\/\/abinox-chr-clim.com\/index.php\/wp-json\/wp\/v2\/product_tag?post=110768"}],"curies":[{"name":"wp","href":"https:\/\/api.w.org\/{rel}","templated":true}]}}