{"id":110767,"date":"2025-05-29T12:05:44","date_gmt":"2025-05-29T10:05:44","guid":{"rendered":"https:\/\/abinox-chr-clim.com\/index.php\/product\/chaises-dexterieur-effet-bois-bolero-santorini-lot-de-4\/"},"modified":"2026-04-14T10:54:59","modified_gmt":"2026-04-14T08:54:59","slug":"chaises-dexterieur-effet-bois-bolero-santorini-lot-de-4","status":"publish","type":"product","link":"https:\/\/abinox-chr-clim.com\/index.php\/product\/chaises-dexterieur-effet-bois-bolero-santorini-lot-de-4\/","title":{"rendered":"Chaises d&rsquo;ext\u00e9rieur effet bois Bolero Santorini (lot de 4)"},"content":{"rendered":"<p>Les chaises Santorini Bolero sont l\u00e9g\u00e8res, empilables et faciles \u00e0 transporter. Les chaises poss\u00e8dent une structure en tubes d&rsquo;acier poudr\u00e9, ce qui les rend extr\u00eamement robustes et stables. Elles sont \u00e9quip\u00e9es de patins pour prot\u00e9ger le sol.<\/p>\n<p>\u2022 L&rsquo;effet bois apporte un style chaleureux<br \/>\u2022 L&rsquo;acier poudr\u00e9 est tr\u00e8s durable<br \/>\u2022 Les lattes en contreplaqu\u00e9 sont dot\u00e9es d&rsquo;un rev\u00eatement sp\u00e9cial qui les rend r\u00e9sistantes aux taches et aux rayures<br \/>\u2022 La conception empilable garantit un stockage peu encombrant<br \/>\u2022 R\u00e9sistant aux UV pour \u00e9viter la d\u00e9coloration au soleil<br \/>\u2022 Facile \u00e0 nettoyer, il est recommand\u00e9 d&rsquo;utiliser un nettoyeur haute pression pour nettoyer entre les rainures si n\u00e9cessaire.<br \/>\u2022 Patins pour la protection du sol<br \/>\u2022 La construction l\u00e9g\u00e8re rend les chaises faciles \u00e0 transporter<\/p>\n<p><b><u>Caract\u00e9ristiques du produit :<\/u><\/b><br \/>\u2022 Lot : 4.0<br \/>\u2022 Dim. : 845(H) x 525(L) mm<br \/>\u2022 Mati\u00e8re : Acier rev\u00eatu de poudre<br \/>\u2022 Poids : 5,3 kg<br \/>\u2022 Couleur : Marron.<\/p>\n","protected":false},"excerpt":{"rendered":"<p>Dimensions\u00a0: 845(H) x 525(L) x 570(P)mm<\/p>\n","protected":false},"featured_media":108809,"comment_status":"open","ping_status":"closed","template":"","meta":[],"product_brand":[],"product_cat":[1209,1208,1201,1297],"product_tag":[],"class_list":{"0":"post-110767","1":"product","2":"type-product","3":"status-publish","4":"has-post-thumbnail","6":"product_cat-chaises-interieur","7":"product_cat-interieur","8":"product_cat-mobilier","9":"product_cat-non-palettisable","10":"product_shipping_class-free-shipping","12":"first","13":"instock","14":"featured","15":"taxable","16":"shipping-taxable","17":"purchasable","18":"product-type-simple"},"_links":{"self":[{"href":"https:\/\/abinox-chr-clim.com\/index.php\/wp-json\/wp\/v2\/product\/110767","targetHints":{"allow":["GET"]}}],"collection":[{"href":"https:\/\/abinox-chr-clim.com\/index.php\/wp-json\/wp\/v2\/product"}],"about":[{"href":"https:\/\/abinox-chr-clim.com\/index.php\/wp-json\/wp\/v2\/types\/product"}],"replies":[{"embeddable":true,"href":"https:\/\/abinox-chr-clim.com\/index.php\/wp-json\/wp\/v2\/comments?post=110767"}],"wp:featuredmedia":[{"embeddable":true,"href":"https:\/\/abinox-chr-clim.com\/index.php\/wp-json\/wp\/v2\/media\/108809"}],"wp:attachment":[{"href":"https:\/\/abinox-chr-clim.com\/index.php\/wp-json\/wp\/v2\/media?parent=110767"}],"wp:term":[{"taxonomy":"product_brand","embeddable":true,"href":"https:\/\/abinox-chr-clim.com\/index.php\/wp-json\/wp\/v2\/product_brand?post=110767"},{"taxonomy":"product_cat","embeddable":true,"href":"https:\/\/abinox-chr-clim.com\/index.php\/wp-json\/wp\/v2\/product_cat?post=110767"},{"taxonomy":"product_tag","embeddable":true,"href":"https:\/\/abinox-chr-clim.com\/index.php\/wp-json\/wp\/v2\/product_tag?post=110767"}],"curies":[{"name":"wp","href":"https:\/\/api.w.org\/{rel}","templated":true}]}}