{"id":110766,"date":"2025-05-29T12:05:41","date_gmt":"2025-05-29T10:05:41","guid":{"rendered":"https:\/\/abinox-chr-clim.com\/index.php\/product\/table-rectangulaire-effet-bois-bolero-santorini-1400mm\/"},"modified":"2026-04-14T10:54:58","modified_gmt":"2026-04-14T08:54:58","slug":"table-rectangulaire-effet-bois-bolero-santorini-1400mm","status":"publish","type":"product","link":"https:\/\/abinox-chr-clim.com\/index.php\/product\/table-rectangulaire-effet-bois-bolero-santorini-1400mm\/","title":{"rendered":"Table rectangulaire effet bois Bolero Santorini 1400mm"},"content":{"rendered":"<p>La table Santorini Bolero poss\u00e8de une structure en tubes d&rsquo;acier poudr\u00e9 robuste et stable. Plateau en contreplaqu\u00e9. Elle r\u00e9siste aux rayures et aux taches et est facile \u00e0 nettoyer.<\/p>\n<p>\u2022 L&rsquo;effet bois apporte un style chaleureux<br \/>\u2022 Cadre en tube d&rsquo;acier avec rev\u00eatement synth\u00e9tique et rev\u00eatement poudr\u00e9 pour une excellente durabilit\u00e9<br \/>\u2022 R\u00e9sistant aux UV pour \u00e9viter la d\u00e9coloration au soleil<br \/>\u2022 Le plateau r\u00e9sistant aux rayures et aux taches emp\u00eache les tables de perdre leur aspect neuf.<br \/>\u2022 Facile \u00e0 nettoyer, il est recommand\u00e9 d&rsquo;utiliser un nettoyeur haute pression pour nettoyer entre les rainures si n\u00e9cessaire.<br \/>\u2022 Convient aux assiettes jusqu&rsquo;\u00e0 180\u00b0C<br \/>\u2022 Quatre places assises confortables<br \/>\u2022 Convient pour une utilisation int\u00e9rieure et ext\u00e9rieure<\/p>\n<p><b><u>Caract\u00e9ristiques du produit :<\/u><\/b><br \/>\u2022 Dim. : 755(H) x 798(L) mm<br \/>\u2022 Mati\u00e8re : Acier rev\u00eatu de poudre<br \/>\u2022 Poids : 21,2 kg<br \/>\u2022 Couleur : Marron.<\/p>\n","protected":false},"excerpt":{"rendered":"<p>Cadre en acier. Plateau en contreplaqu\u00e9. 755(H)x1400(L)x798(P)mm<\/p>\n","protected":false},"featured_media":108808,"comment_status":"open","ping_status":"closed","template":"","meta":[],"product_brand":[],"product_cat":[1208,1201,1297,1212],"product_tag":[],"class_list":{"0":"post-110766","1":"product","2":"type-product","3":"status-publish","4":"has-post-thumbnail","6":"product_cat-interieur","7":"product_cat-mobilier","8":"product_cat-non-palettisable","9":"product_cat-tables-interieur","10":"product_shipping_class-free-shipping","12":"first","13":"instock","14":"featured","15":"taxable","16":"shipping-taxable","17":"purchasable","18":"product-type-simple"},"_links":{"self":[{"href":"https:\/\/abinox-chr-clim.com\/index.php\/wp-json\/wp\/v2\/product\/110766","targetHints":{"allow":["GET"]}}],"collection":[{"href":"https:\/\/abinox-chr-clim.com\/index.php\/wp-json\/wp\/v2\/product"}],"about":[{"href":"https:\/\/abinox-chr-clim.com\/index.php\/wp-json\/wp\/v2\/types\/product"}],"replies":[{"embeddable":true,"href":"https:\/\/abinox-chr-clim.com\/index.php\/wp-json\/wp\/v2\/comments?post=110766"}],"wp:featuredmedia":[{"embeddable":true,"href":"https:\/\/abinox-chr-clim.com\/index.php\/wp-json\/wp\/v2\/media\/108808"}],"wp:attachment":[{"href":"https:\/\/abinox-chr-clim.com\/index.php\/wp-json\/wp\/v2\/media?parent=110766"}],"wp:term":[{"taxonomy":"product_brand","embeddable":true,"href":"https:\/\/abinox-chr-clim.com\/index.php\/wp-json\/wp\/v2\/product_brand?post=110766"},{"taxonomy":"product_cat","embeddable":true,"href":"https:\/\/abinox-chr-clim.com\/index.php\/wp-json\/wp\/v2\/product_cat?post=110766"},{"taxonomy":"product_tag","embeddable":true,"href":"https:\/\/abinox-chr-clim.com\/index.php\/wp-json\/wp\/v2\/product_tag?post=110766"}],"curies":[{"name":"wp","href":"https:\/\/api.w.org\/{rel}","templated":true}]}}