{"id":110764,"date":"2025-05-29T12:05:38","date_gmt":"2025-05-29T10:05:38","guid":{"rendered":"https:\/\/abinox-chr-clim.com\/index.php\/product\/chaises-style-parisien-en-rotin-pe-bolero-corail-lot-de-2\/"},"modified":"2025-06-30T11:58:42","modified_gmt":"2025-06-30T09:58:42","slug":"chaises-style-parisien-en-rotin-pe-bolero-corail-lot-de-2","status":"publish","type":"product","link":"https:\/\/abinox-chr-clim.com\/index.php\/product\/chaises-style-parisien-en-rotin-pe-bolero-corail-lot-de-2\/","title":{"rendered":"Chaises style parisien en rotin PE Bolero corail (lot de 2)"},"content":{"rendered":"<p>Iconique et durable, la chaise style parisien Bolero est id\u00e9ale pour les restaurants, les caf\u00e9s et les bars. La conception unique donne \u00e0 ces chaises un style incomparable qui embellira \u00e0 coup s\u00fbr votre \u00e9tablissement. En aluminium et polyrotin.<\/p>\n<p>\u2022 Adapt\u00e9e \u00e0 une utilisation int\u00e9rieure et ext\u00e9rieure<br \/>\u2022 Pieds avec patins pour \u00e9viter les marques\/rayures sur le sol<br \/>\u2022 Cadre en tube d&rsquo;aluminium, peint au pinceau avec une finition bois grain\u00e9, assise en rotin synth\u00e9tique (PE)<br \/>\u2022 Nettoyage avec un chiffon ou une \u00e9ponge humide; utilisation d&rsquo;un nettoyeur haute pression pour nettoyer le tressage si n\u00e9cessaire.<br \/>\u2022 Conception solide et robuste, adapt\u00e9e \u00e0 une utilisation quotidienne dans un environnement tr\u00e8s fr\u00e9quent\u00e9<br \/>\u2022 Motifs chevrons color\u00e9s<br \/>\u2022 Livr\u00e9es mont\u00e9es par lot de 2, pr\u00eates \u00e0 l&#8217;emploi<br \/>\u2022 Empilable pour un rangement facile<\/p>\n<p><b><u>Caract\u00e9ristiques du produit :<\/u><\/b><br \/>\u2022 Lot : 2.0<br \/>\u2022 Dim. : 890(H) x 564(L) mm<br \/>\u2022 Mati\u00e8re : Aluminium et polyrotin<br \/>\u2022 Poids : 3,6 kg<br \/>\u2022 Couleur : Orange.<\/p>\n","protected":false},"excerpt":{"rendered":"<p>Lot de 2. Aluminium et rotin synth\u00e9tique (PE)<\/p>\n","protected":false},"featured_media":107166,"comment_status":"open","ping_status":"closed","template":"","meta":[],"product_brand":[],"product_cat":[1209,1208,1201,1297],"product_tag":[],"class_list":{"0":"post-110764","1":"product","2":"type-product","3":"status-publish","4":"has-post-thumbnail","6":"product_cat-chaises-interieur","7":"product_cat-interieur","8":"product_cat-mobilier","9":"product_cat-non-palettisable","10":"product_shipping_class-free-shipping","12":"first","13":"outofstock","14":"featured","15":"taxable","16":"shipping-taxable","17":"purchasable","18":"product-type-simple"},"_links":{"self":[{"href":"https:\/\/abinox-chr-clim.com\/index.php\/wp-json\/wp\/v2\/product\/110764","targetHints":{"allow":["GET"]}}],"collection":[{"href":"https:\/\/abinox-chr-clim.com\/index.php\/wp-json\/wp\/v2\/product"}],"about":[{"href":"https:\/\/abinox-chr-clim.com\/index.php\/wp-json\/wp\/v2\/types\/product"}],"replies":[{"embeddable":true,"href":"https:\/\/abinox-chr-clim.com\/index.php\/wp-json\/wp\/v2\/comments?post=110764"}],"wp:featuredmedia":[{"embeddable":true,"href":"https:\/\/abinox-chr-clim.com\/index.php\/wp-json\/wp\/v2\/media\/107166"}],"wp:attachment":[{"href":"https:\/\/abinox-chr-clim.com\/index.php\/wp-json\/wp\/v2\/media?parent=110764"}],"wp:term":[{"taxonomy":"product_brand","embeddable":true,"href":"https:\/\/abinox-chr-clim.com\/index.php\/wp-json\/wp\/v2\/product_brand?post=110764"},{"taxonomy":"product_cat","embeddable":true,"href":"https:\/\/abinox-chr-clim.com\/index.php\/wp-json\/wp\/v2\/product_cat?post=110764"},{"taxonomy":"product_tag","embeddable":true,"href":"https:\/\/abinox-chr-clim.com\/index.php\/wp-json\/wp\/v2\/product_tag?post=110764"}],"curies":[{"name":"wp","href":"https:\/\/api.w.org\/{rel}","templated":true}]}}