{"id":110763,"date":"2025-05-29T12:05:36","date_gmt":"2025-05-29T10:05:36","guid":{"rendered":"https:\/\/abinox-chr-clim.com\/index.php\/product\/fauteuils-en-corde-grise-tressee-bolero-florence-lot-de-2\/"},"modified":"2026-04-14T10:54:56","modified_gmt":"2026-04-14T08:54:56","slug":"fauteuils-en-corde-grise-tressee-bolero-florence-lot-de-2","status":"publish","type":"product","link":"https:\/\/abinox-chr-clim.com\/index.php\/product\/fauteuils-en-corde-grise-tressee-bolero-florence-lot-de-2\/","title":{"rendered":"Fauteuils en corde grise tress\u00e9e Bolero Florence (lot de 2)"},"content":{"rendered":"<p>Les fauteuils en corde Florence Bolero sont l\u00e9g\u00e8res et empilables, ce qui facilite les d\u00e9placements entre les services et la mise en place. Les fauteuils sont dot\u00e9s d&rsquo;une finition attrayante en corde tress\u00e9e et d&rsquo;un cadre robuste en tube d&rsquo;aluminium.<\/p>\n<p>\u2022 Convient pour une utilisation int\u00e9rieure et ext\u00e9rieure<br \/>\u2022 Fauteuils robustes, parfaits pour un usage commercial quotidien &#8211; fabriqu\u00e9s avec une structure en tube d&rsquo;aluminium<br \/>\u2022 Finition torsad\u00e9e en corde grise<br \/>\u2022 Patins en plastique noir fournis pour aider \u00e0 prot\u00e9ger les sols et \u00e9viter les rayures<br \/>\u2022 Livr\u00e9s enti\u00e8rement assembl\u00e9s par lot de 2, pr\u00eats \u00e0 l&#8217;emploi<br \/>\u2022 Peut \u00eatre nettoy\u00e9, il est recommand\u00e9 d&rsquo;utiliser un nettoyeur haute pression pour nettoyer entre les cordes si n\u00e9cessaire<br \/>\u2022 Conception de chaise l\u00e9g\u00e8re, facilitant le d\u00e9placement entre le service et les mises en place<br \/>\u2022 Empilable pour un rangement facile<\/p>\n<p><b><u>Caract\u00e9ristiques du produit :<\/u><\/b><br \/>\u2022 Lot : 2.0<br \/>\u2022 Dim. : 750(H) x 610(L) mm<br \/>\u2022 Mati\u00e8re : Aluminium<br \/>\u2022 Poids : 4 kg<br \/>\u2022 Couleur : Gris.<\/p>\n","protected":false},"excerpt":{"rendered":"<p>Lot de 2<\/p>\n","protected":false},"featured_media":105676,"comment_status":"open","ping_status":"closed","template":"","meta":[],"product_brand":[],"product_cat":[1209,1208,1201,1297],"product_tag":[],"class_list":{"0":"post-110763","1":"product","2":"type-product","3":"status-publish","4":"has-post-thumbnail","6":"product_cat-chaises-interieur","7":"product_cat-interieur","8":"product_cat-mobilier","9":"product_cat-non-palettisable","10":"product_shipping_class-free-shipping","12":"first","13":"instock","14":"featured","15":"taxable","16":"shipping-taxable","17":"purchasable","18":"product-type-simple"},"_links":{"self":[{"href":"https:\/\/abinox-chr-clim.com\/index.php\/wp-json\/wp\/v2\/product\/110763","targetHints":{"allow":["GET"]}}],"collection":[{"href":"https:\/\/abinox-chr-clim.com\/index.php\/wp-json\/wp\/v2\/product"}],"about":[{"href":"https:\/\/abinox-chr-clim.com\/index.php\/wp-json\/wp\/v2\/types\/product"}],"replies":[{"embeddable":true,"href":"https:\/\/abinox-chr-clim.com\/index.php\/wp-json\/wp\/v2\/comments?post=110763"}],"wp:featuredmedia":[{"embeddable":true,"href":"https:\/\/abinox-chr-clim.com\/index.php\/wp-json\/wp\/v2\/media\/105676"}],"wp:attachment":[{"href":"https:\/\/abinox-chr-clim.com\/index.php\/wp-json\/wp\/v2\/media?parent=110763"}],"wp:term":[{"taxonomy":"product_brand","embeddable":true,"href":"https:\/\/abinox-chr-clim.com\/index.php\/wp-json\/wp\/v2\/product_brand?post=110763"},{"taxonomy":"product_cat","embeddable":true,"href":"https:\/\/abinox-chr-clim.com\/index.php\/wp-json\/wp\/v2\/product_cat?post=110763"},{"taxonomy":"product_tag","embeddable":true,"href":"https:\/\/abinox-chr-clim.com\/index.php\/wp-json\/wp\/v2\/product_tag?post=110763"}],"curies":[{"name":"wp","href":"https:\/\/api.w.org\/{rel}","templated":true}]}}