{"id":110761,"date":"2025-05-29T12:05:32","date_gmt":"2025-05-29T10:05:32","guid":{"rendered":"https:\/\/abinox-chr-clim.com\/index.php\/product\/plateau-de-table-dexterieur-rond-noir-mat-bolero-600-mm\/"},"modified":"2026-04-14T11:22:21","modified_gmt":"2026-04-14T09:22:21","slug":"plateau-de-table-dexterieur-rond-noir-mat-bolero-600-mm","status":"publish","type":"product","link":"https:\/\/abinox-chr-clim.com\/index.php\/product\/plateau-de-table-dexterieur-rond-noir-mat-bolero-600-mm\/","title":{"rendered":"Plateau de table d&rsquo;ext\u00e9rieur rond noir mat Bolero 600 mm"},"content":{"rendered":"<p>Convient pour une utilisation int\u00e9rieure et ext\u00e9rieure<\/p>\n<p>\u2022 Convient pour une utilisation int\u00e9rieure et ext\u00e9rieure<br \/>\u2022 R\u00e9sistant aux taches, aux rayures<br \/>\u2022 Convient aux plaques\/plats chauffants jusqu&rsquo;\u00e0 180 degr\u00e9s<br \/>\u2022 Excellente option pour les repas en plein air dans les restaurants et caf\u00e9s<br \/>\u2022 Compatible avec toutes les bases de table simples Bolero<br \/>\u2022 Finition noire mate contemporaine pour un look \u00e9pur\u00e9 et \u00e9l\u00e9gant<br \/>\u2022 Facile \u00e0 nettoyer entre les services<br \/>\u2022 Plateau carr\u00e9 de 700 x 700 mm \u00e9galement disponible<\/p>\n<p><b><u>Caract\u00e9ristiques du produit :<\/u><\/b><br \/>\u2022 Dim. : 600x(\u00d8)x12,5(H)mm<br \/>\u2022 Poids : 5.2kg<br \/>\u2022 Couleur : Noir.<\/p>\n","protected":false},"excerpt":{"rendered":"<p>600x(\u00d8)x12,5(P)mm<\/p>\n","protected":false},"featured_media":108807,"comment_status":"open","ping_status":"closed","template":"","meta":[],"product_brand":[],"product_cat":[1202,1201,1297,1206],"product_tag":[],"class_list":{"0":"post-110761","1":"product","2":"type-product","3":"status-publish","4":"has-post-thumbnail","6":"product_cat-exterieur","7":"product_cat-mobilier","8":"product_cat-non-palettisable","9":"product_cat-plateaux-et-pieds-de-table","10":"product_shipping_class-free-shipping","12":"first","13":"outofstock","14":"featured","15":"taxable","16":"shipping-taxable","17":"purchasable","18":"product-type-simple"},"_links":{"self":[{"href":"https:\/\/abinox-chr-clim.com\/index.php\/wp-json\/wp\/v2\/product\/110761","targetHints":{"allow":["GET"]}}],"collection":[{"href":"https:\/\/abinox-chr-clim.com\/index.php\/wp-json\/wp\/v2\/product"}],"about":[{"href":"https:\/\/abinox-chr-clim.com\/index.php\/wp-json\/wp\/v2\/types\/product"}],"replies":[{"embeddable":true,"href":"https:\/\/abinox-chr-clim.com\/index.php\/wp-json\/wp\/v2\/comments?post=110761"}],"wp:featuredmedia":[{"embeddable":true,"href":"https:\/\/abinox-chr-clim.com\/index.php\/wp-json\/wp\/v2\/media\/108807"}],"wp:attachment":[{"href":"https:\/\/abinox-chr-clim.com\/index.php\/wp-json\/wp\/v2\/media?parent=110761"}],"wp:term":[{"taxonomy":"product_brand","embeddable":true,"href":"https:\/\/abinox-chr-clim.com\/index.php\/wp-json\/wp\/v2\/product_brand?post=110761"},{"taxonomy":"product_cat","embeddable":true,"href":"https:\/\/abinox-chr-clim.com\/index.php\/wp-json\/wp\/v2\/product_cat?post=110761"},{"taxonomy":"product_tag","embeddable":true,"href":"https:\/\/abinox-chr-clim.com\/index.php\/wp-json\/wp\/v2\/product_tag?post=110761"}],"curies":[{"name":"wp","href":"https:\/\/api.w.org\/{rel}","templated":true}]}}