{"id":110758,"date":"2025-05-29T12:05:27","date_gmt":"2025-05-29T10:05:27","guid":{"rendered":"https:\/\/abinox-chr-clim.com\/index.php\/product\/tabourets-hauts-dinterieur-en-bois-bolero-beaufort-lot-de-2\/"},"modified":"2026-04-14T10:54:53","modified_gmt":"2026-04-14T08:54:53","slug":"tabourets-hauts-dinterieur-en-bois-bolero-beaufort-lot-de-2","status":"publish","type":"product","link":"https:\/\/abinox-chr-clim.com\/index.php\/product\/tabourets-hauts-dinterieur-en-bois-bolero-beaufort-lot-de-2\/","title":{"rendered":"Tabourets hauts d&rsquo;int\u00e9rieur en bois Bolero Beaufort (lot de 2)"},"content":{"rendered":"<p>Parfaits pour les caf\u00e9s et les restaurants, les tabourets hauts Bolero Beaufort sont dot\u00e9s d&rsquo;une structure robuste en acier rev\u00eatement poudr\u00e9 noir et d&rsquo;une assise en bois de couleur noyer fonc\u00e9. Ils sont fournis avec des patins antid\u00e9rapants pour r\u00e9duire les marques au sol et ajouter de la stabilit\u00e9 lors de l&rsquo;utilisation.<\/p>\n<p>\u2022 Parfait pour tout environnement de caf\u00e9 ou de restaurant<br \/>\u2022 Chaises assorties disponibles &#8211; FU524<br \/>\u2022 Cadre robuste en acier thermolaqu\u00e9 noir<br \/>\u2022 \u00c9quip\u00e9 de patins antid\u00e9rapants pour r\u00e9duire les marques au sol et ajouter de la stabilit\u00e9 lors de l&rsquo;utilisation<br \/>\u2022 Facile \u00e0 nettoyer et \u00e0 essuyer<br \/>\u2022 Finition en bois de noyer fonc\u00e9 pour le si\u00e8ge<br \/>\u2022 R\u00e9sistant aux taches<br \/>\u2022 Livr\u00e9 enti\u00e8rement assembl\u00e9<br \/>\u2022 Pour une utilisation en int\u00e9rieur uniquement<\/p>\n<p><b><u>Caract\u00e9ristiques du produit :<\/u><\/b><br \/>\u2022 Lot : 2.0<br \/>\u2022 Dim. : 1145(H) x 610(L) mm<br \/>\u2022 Mati\u00e8re : Acier<br \/>\u2022 Poids : 8,2 kg<br \/>\u2022 Couleur : Marron.<\/p>\n","protected":false},"excerpt":{"rendered":"<p>1145(H)x610(L)x510(P)mm. Lot de 2<\/p>\n","protected":false},"featured_media":108806,"comment_status":"open","ping_status":"closed","template":"","meta":[],"product_brand":[],"product_cat":[1208,1201,1296,1212],"product_tag":[],"class_list":{"0":"post-110758","1":"product","2":"type-product","3":"status-publish","4":"has-post-thumbnail","6":"product_cat-interieur","7":"product_cat-mobilier","8":"product_cat-palettisable","9":"product_cat-tables-interieur","10":"product_shipping_class-free-shipping","12":"first","13":"instock","14":"featured","15":"taxable","16":"shipping-taxable","17":"purchasable","18":"product-type-simple"},"_links":{"self":[{"href":"https:\/\/abinox-chr-clim.com\/index.php\/wp-json\/wp\/v2\/product\/110758","targetHints":{"allow":["GET"]}}],"collection":[{"href":"https:\/\/abinox-chr-clim.com\/index.php\/wp-json\/wp\/v2\/product"}],"about":[{"href":"https:\/\/abinox-chr-clim.com\/index.php\/wp-json\/wp\/v2\/types\/product"}],"replies":[{"embeddable":true,"href":"https:\/\/abinox-chr-clim.com\/index.php\/wp-json\/wp\/v2\/comments?post=110758"}],"wp:featuredmedia":[{"embeddable":true,"href":"https:\/\/abinox-chr-clim.com\/index.php\/wp-json\/wp\/v2\/media\/108806"}],"wp:attachment":[{"href":"https:\/\/abinox-chr-clim.com\/index.php\/wp-json\/wp\/v2\/media?parent=110758"}],"wp:term":[{"taxonomy":"product_brand","embeddable":true,"href":"https:\/\/abinox-chr-clim.com\/index.php\/wp-json\/wp\/v2\/product_brand?post=110758"},{"taxonomy":"product_cat","embeddable":true,"href":"https:\/\/abinox-chr-clim.com\/index.php\/wp-json\/wp\/v2\/product_cat?post=110758"},{"taxonomy":"product_tag","embeddable":true,"href":"https:\/\/abinox-chr-clim.com\/index.php\/wp-json\/wp\/v2\/product_tag?post=110758"}],"curies":[{"name":"wp","href":"https:\/\/api.w.org\/{rel}","templated":true}]}}