{"id":110756,"date":"2025-05-29T12:05:23","date_gmt":"2025-05-29T10:05:23","guid":{"rendered":"https:\/\/abinox-chr-clim.com\/index.php\/product\/fauteuils-dinterieur-bolero-meridian-ecrus-lot-de-2\/"},"modified":"2026-04-14T11:13:43","modified_gmt":"2026-04-14T09:13:43","slug":"fauteuils-dinterieur-bolero-meridian-ecrus-lot-de-2","status":"publish","type":"product","link":"https:\/\/abinox-chr-clim.com\/index.php\/product\/fauteuils-dinterieur-bolero-meridian-ecrus-lot-de-2\/","title":{"rendered":"Fauteuils d&rsquo;int\u00e9rieur Bolero Meridian \u00e9crus (lot de 2)"},"content":{"rendered":"<p>Apportez du style et du confort \u00e0 votre restaurant ou espace caf\u00e9 avec cette paire de chaises de salle \u00e0 manger d&rsquo;int\u00e9rieur de la gamme Sloane de Bolero. Avec des si\u00e8ges rembourr\u00e9s de qualit\u00e9 sup\u00e9rieure recouverts d&rsquo;un tissu PVC durable et nettoyable, ces chaises sont \u00e0 la fois pratiques et confortables. Le m\u00e9lange de couleurs neutres offre un look saisissant aux chaises, les faisant ressortir dans n&rsquo;importe quel environnement. Le cadre en tube d&rsquo;acier robuste recouvert de poudre noire garantit que la gamme Sloane de Bolero est con\u00e7ue pour durer, tandis que les pieds en plastique noir emp\u00eachent les rayures au sol.<\/p>\n<p>\u2022 Pour usage int\u00e9rieur<br \/>\u2022 Conforme \u00e0 la norme EN16139 niveau 1 pour la s\u00e9curit\u00e9, la r\u00e9sistance et la durabilit\u00e9 de tous les types de si\u00e8ges non domestiques et \u00e0 la r\u00e9sistance BS7176 \u00e0 l&rsquo;inflammation des meubles rembourr\u00e9s.<br \/>\u2022 Design contemporain avec finition de haute qualit\u00e9<br \/>\u2022 Structure en tube d&rsquo;acier robuste avec rev\u00eatement poudr\u00e9 noir<br \/>\u2022 Rembourr\u00e9 en tissu PVC \u00e0 la fois essuyable et durable<br \/>\u2022 Pieds en plastique noir pour \u00e9viter les rayures sur le sol<br \/>\u2022 Le rembourrage haut de gamme du coussin de si\u00e8ge offre un excellent confort<br \/>\u2022 Livr\u00e9 enti\u00e8rement assembl\u00e9, pr\u00eat \u00e0 l&#8217;emploi d\u00e8s la sortie de la bo\u00eete<\/p>\n<p><b><u>Caract\u00e9ristiques du produit :<\/u><\/b><br \/>\u2022 Lot : 2.0<br \/>\u2022 Dim. : 773(H) x 570(L) x 550(P) mm<br \/>\u2022 Couleur : Beige.<\/p>\n","protected":false},"excerpt":{"rendered":"<p>773(H) x 570(L) x 550(P) mm. Lot de 2<\/p>\n","protected":false},"featured_media":105887,"comment_status":"open","ping_status":"closed","template":"","meta":[],"product_brand":[],"product_cat":[1209,1208,1201,1297],"product_tag":[],"class_list":{"0":"post-110756","1":"product","2":"type-product","3":"status-publish","4":"has-post-thumbnail","6":"product_cat-chaises-interieur","7":"product_cat-interieur","8":"product_cat-mobilier","9":"product_cat-non-palettisable","10":"product_shipping_class-free-shipping","12":"first","13":"instock","14":"featured","15":"taxable","16":"shipping-taxable","17":"purchasable","18":"product-type-simple"},"_links":{"self":[{"href":"https:\/\/abinox-chr-clim.com\/index.php\/wp-json\/wp\/v2\/product\/110756","targetHints":{"allow":["GET"]}}],"collection":[{"href":"https:\/\/abinox-chr-clim.com\/index.php\/wp-json\/wp\/v2\/product"}],"about":[{"href":"https:\/\/abinox-chr-clim.com\/index.php\/wp-json\/wp\/v2\/types\/product"}],"replies":[{"embeddable":true,"href":"https:\/\/abinox-chr-clim.com\/index.php\/wp-json\/wp\/v2\/comments?post=110756"}],"wp:featuredmedia":[{"embeddable":true,"href":"https:\/\/abinox-chr-clim.com\/index.php\/wp-json\/wp\/v2\/media\/105887"}],"wp:attachment":[{"href":"https:\/\/abinox-chr-clim.com\/index.php\/wp-json\/wp\/v2\/media?parent=110756"}],"wp:term":[{"taxonomy":"product_brand","embeddable":true,"href":"https:\/\/abinox-chr-clim.com\/index.php\/wp-json\/wp\/v2\/product_brand?post=110756"},{"taxonomy":"product_cat","embeddable":true,"href":"https:\/\/abinox-chr-clim.com\/index.php\/wp-json\/wp\/v2\/product_cat?post=110756"},{"taxonomy":"product_tag","embeddable":true,"href":"https:\/\/abinox-chr-clim.com\/index.php\/wp-json\/wp\/v2\/product_tag?post=110756"}],"curies":[{"name":"wp","href":"https:\/\/api.w.org\/{rel}","templated":true}]}}