{"id":110752,"date":"2025-05-29T12:05:15","date_gmt":"2025-05-29T10:05:15","guid":{"rendered":"https:\/\/abinox-chr-clim.com\/index.php\/product\/plateau-de-table-rond-terrazzo-bolero-600-mm\/"},"modified":"2025-08-26T14:13:31","modified_gmt":"2025-08-26T12:13:31","slug":"plateau-de-table-rond-terrazzo-bolero-600-mm","status":"publish","type":"product","link":"https:\/\/abinox-chr-clim.com\/index.php\/product\/plateau-de-table-rond-terrazzo-bolero-600-mm\/","title":{"rendered":"Plateau de table rond Terrazzo Bolero 600 mm"},"content":{"rendered":"<p>Mesurant 600 mm de diam\u00e8tre, ce plateau de table rond Bolero pr\u00e9sente un motif terrazzo avec bord effet laiton, fabriqu\u00e9 \u00e0 partir d&rsquo;un film aluminium.  Il est pr\u00e9-perc\u00e9 pour s&rsquo;adapter aux pieds de table Bolero et r\u00e9siste aux taches et aux rayures pour une utilisation durable.<\/p>\n<p>\u2022 Le motif terrazzo \u00e9l\u00e9gant ajoute une touche de couleur et de dynamisme \u00e0 l&rsquo;espace int\u00e9rieur<br \/>\u2022 Plateau MDF en nid d&rsquo;abeille et agglom\u00e9r\u00e9 avec rev\u00eatement HPL (stratifi\u00e9 haute pression)<br \/>\u2022 Posez des assiettes chaudes ou des r\u00e9chauds (jusqu&rsquo;\u00e0 180\u00b0C) sans endommager la surface<br \/>\u2022 La surface facile \u00e0 nettoyer permet de gagner du temps avant et apr\u00e8s le service<br \/>\u2022 Bord effet laiton en film d&rsquo;aluminium, aide \u00e0 prot\u00e9ger le plateau de table des dommages caus\u00e9s par les chocs et offre \u00e9galement une finition haut de gamme.<br \/>\u2022 R\u00e9sistant aux rayures et aux taches<br \/>\u2022 Pr\u00e9-perc\u00e9 pour \u00eatre compatible avec tous les pieds de table Bolero<br \/>\u2022 Convient pour une utilisation en int\u00e9rieur<br \/>\u2022 \u00c9galement disponible en finition carr\u00e9e de 700 m<\/p>\n<p><b><u>Caract\u00e9ristiques du produit :<\/u><\/b><br \/>\u2022 Dim. : 600(\u00d8)x48(H)mm<br \/>\u2022 Poids : 6,7 kg<br \/>\u2022 Couleur : Multicolore.<\/p>\n","protected":false},"excerpt":{"rendered":"<p>Taille : 600(\u00d8)x48(H)mm. Pr\u00e9-perc\u00e9<\/p>\n","protected":false},"featured_media":107624,"comment_status":"open","ping_status":"closed","template":"","meta":[],"product_brand":[],"product_cat":[1208,1201,1297,1211],"product_tag":[],"class_list":{"0":"post-110752","1":"product","2":"type-product","3":"status-publish","4":"has-post-thumbnail","6":"product_cat-interieur","7":"product_cat-mobilier","8":"product_cat-non-palettisable","9":"product_cat-plateaux-et-pieds-de-table-interieur","10":"product_shipping_class-free-shipping","12":"first","13":"outofstock","14":"featured","15":"taxable","16":"shipping-taxable","17":"purchasable","18":"product-type-simple"},"_links":{"self":[{"href":"https:\/\/abinox-chr-clim.com\/index.php\/wp-json\/wp\/v2\/product\/110752","targetHints":{"allow":["GET"]}}],"collection":[{"href":"https:\/\/abinox-chr-clim.com\/index.php\/wp-json\/wp\/v2\/product"}],"about":[{"href":"https:\/\/abinox-chr-clim.com\/index.php\/wp-json\/wp\/v2\/types\/product"}],"replies":[{"embeddable":true,"href":"https:\/\/abinox-chr-clim.com\/index.php\/wp-json\/wp\/v2\/comments?post=110752"}],"wp:featuredmedia":[{"embeddable":true,"href":"https:\/\/abinox-chr-clim.com\/index.php\/wp-json\/wp\/v2\/media\/107624"}],"wp:attachment":[{"href":"https:\/\/abinox-chr-clim.com\/index.php\/wp-json\/wp\/v2\/media?parent=110752"}],"wp:term":[{"taxonomy":"product_brand","embeddable":true,"href":"https:\/\/abinox-chr-clim.com\/index.php\/wp-json\/wp\/v2\/product_brand?post=110752"},{"taxonomy":"product_cat","embeddable":true,"href":"https:\/\/abinox-chr-clim.com\/index.php\/wp-json\/wp\/v2\/product_cat?post=110752"},{"taxonomy":"product_tag","embeddable":true,"href":"https:\/\/abinox-chr-clim.com\/index.php\/wp-json\/wp\/v2\/product_tag?post=110752"}],"curies":[{"name":"wp","href":"https:\/\/api.w.org\/{rel}","templated":true}]}}