{"id":110751,"date":"2025-05-29T12:05:13","date_gmt":"2025-05-29T10:05:13","guid":{"rendered":"https:\/\/abinox-chr-clim.com\/index.php\/product\/plateau-de-table-exterieur-carre-en-verre-trempe-bolero-effet-pierre-foncee-bord-blanc-700-mm\/"},"modified":"2026-04-14T10:54:50","modified_gmt":"2026-04-14T08:54:50","slug":"plateau-de-table-exterieur-carre-en-verre-trempe-bolero-effet-pierre-foncee-bord-blanc-700-mm","status":"publish","type":"product","link":"https:\/\/abinox-chr-clim.com\/index.php\/product\/plateau-de-table-exterieur-carre-en-verre-trempe-bolero-effet-pierre-foncee-bord-blanc-700-mm\/","title":{"rendered":"Plateau de table ext\u00e9rieur carr\u00e9 en verre tremp\u00e9 Bolero effet pierre fonc\u00e9e bord blanc 700 mm"},"content":{"rendered":"<p>Ces plateaux de table en verre tremp\u00e9 conf\u00e8rent un aspect \u00e9l\u00e9gant et contemporain. Surfaces r\u00e9sistantes aux taches, aux rayures et aux UV. Bord blanc ou gris.<\/p>\n<p>\u2022 Pr\u00e9-perc\u00e9 pour s&rsquo;adapter aux pieds de table Bolero<br \/>\u2022 La construction de 38 mm d&rsquo;\u00e9paisseur offre r\u00e9sistance et durabilit\u00e9<br \/>\u2022 Surface facile \u00e0 nettoyer<br \/>\u2022 Fabriqu\u00e9 en verre tremp\u00e9 avec motif imprim\u00e9 finition noir bross\u00e9<br \/>\u2022 Bord blanc autour du plateau de table<br \/>\u2022 Convient aux assiettes jusqu&rsquo;\u00e0 180 degr\u00e9s<br \/>\u2022 R\u00e9sistant aux taches et aux rayures<br \/>\u2022 Convient pour une utilisation int\u00e9rieure et ext\u00e9rieure<\/p>\n<p><b><u>Caract\u00e9ristiques du produit :<\/u><\/b><br \/>\u2022 Dim. : 38(H) x 700(L) x 38(P) mm<br \/>\u2022 Mati\u00e8re : Verre tremp\u00e9<br \/>\u2022 Poids : 7,8 kg<br \/>\u2022 Couleur : Gris.<\/p>\n","protected":false},"excerpt":{"rendered":"<p>Couleur : Pierre fonc\u00e9e. Dimensions\u00a0: 38(H)x700(L)x700(L)mm<\/p>\n","protected":false},"featured_media":106211,"comment_status":"open","ping_status":"closed","template":"","meta":[],"product_brand":[],"product_cat":[1202,1201,1297,1206],"product_tag":[],"class_list":{"0":"post-110751","1":"product","2":"type-product","3":"status-publish","4":"has-post-thumbnail","6":"product_cat-exterieur","7":"product_cat-mobilier","8":"product_cat-non-palettisable","9":"product_cat-plateaux-et-pieds-de-table","10":"product_shipping_class-free-shipping","12":"first","13":"instock","14":"featured","15":"taxable","16":"shipping-taxable","17":"purchasable","18":"product-type-simple"},"_links":{"self":[{"href":"https:\/\/abinox-chr-clim.com\/index.php\/wp-json\/wp\/v2\/product\/110751","targetHints":{"allow":["GET"]}}],"collection":[{"href":"https:\/\/abinox-chr-clim.com\/index.php\/wp-json\/wp\/v2\/product"}],"about":[{"href":"https:\/\/abinox-chr-clim.com\/index.php\/wp-json\/wp\/v2\/types\/product"}],"replies":[{"embeddable":true,"href":"https:\/\/abinox-chr-clim.com\/index.php\/wp-json\/wp\/v2\/comments?post=110751"}],"wp:featuredmedia":[{"embeddable":true,"href":"https:\/\/abinox-chr-clim.com\/index.php\/wp-json\/wp\/v2\/media\/106211"}],"wp:attachment":[{"href":"https:\/\/abinox-chr-clim.com\/index.php\/wp-json\/wp\/v2\/media?parent=110751"}],"wp:term":[{"taxonomy":"product_brand","embeddable":true,"href":"https:\/\/abinox-chr-clim.com\/index.php\/wp-json\/wp\/v2\/product_brand?post=110751"},{"taxonomy":"product_cat","embeddable":true,"href":"https:\/\/abinox-chr-clim.com\/index.php\/wp-json\/wp\/v2\/product_cat?post=110751"},{"taxonomy":"product_tag","embeddable":true,"href":"https:\/\/abinox-chr-clim.com\/index.php\/wp-json\/wp\/v2\/product_tag?post=110751"}],"curies":[{"name":"wp","href":"https:\/\/api.w.org\/{rel}","templated":true}]}}