{"id":110747,"date":"2025-05-29T12:05:05","date_gmt":"2025-05-29T10:05:05","guid":{"rendered":"https:\/\/abinox-chr-clim.com\/index.php\/product\/plateau-de-table-rectangulaire-bolero-chevron-1-100-mm-x-700-mm\/"},"modified":"2026-04-13T07:58:04","modified_gmt":"2026-04-13T05:58:04","slug":"plateau-de-table-rectangulaire-bolero-chevron-1-100-mm-x-700-mm","status":"publish","type":"product","link":"https:\/\/abinox-chr-clim.com\/index.php\/product\/plateau-de-table-rectangulaire-bolero-chevron-1-100-mm-x-700-mm\/","title":{"rendered":"Plateau de table rectangulaire Bolero Chevron 1 100 mm x 700 mm"},"content":{"rendered":"<p>Mesurant 1 100 x 700 mm de c\u00f4t\u00e9, ce plateau de table rectangulaire Bolero pr\u00e9sente un motif contemporain \u00e0 chevrons avec une finition dor\u00e9e en film d&rsquo;aluminium. Il est pr\u00e9-perc\u00e9 pour s&rsquo;adapter aux pieds de table Bolero et r\u00e9siste aux taches et aux rayures pour une utilisation durable.<\/p>\n<p>\u2022 Pr\u00e9-perc\u00e9 pour s&rsquo;adapter aux pieds de table Bolero<br \/>\u2022 La construction de 48 mm d&rsquo;\u00e9paisseur offre r\u00e9sistance et durabilit\u00e9<br \/>\u2022 Surface facile \u00e0 nettoyer<br \/>\u2022 Bords finition dor\u00e9e, r\u00e9alis\u00e9e \u00e0 partir d&rsquo;un film d&rsquo;aluminium<br \/>\u2022 Design contemporain imprim\u00e9 \u00e0 chevrons<br \/>\u2022 R\u00e9siste \u00e0 la chaleur des assiettes jusqu&rsquo;\u00e0 180 degr\u00e9s<br \/>\u2022 R\u00e9sistant aux taches et aux rayures<br \/>\u2022 Convient uniquement pour une utilisation en int\u00e9rieur<\/p>\n<p><b><u>Caract\u00e9ristiques du produit :<\/u><\/b><br \/>\u2022 Dim. : 48(H) x 700(L) x 48(P) mm<br \/>\u2022 Poids : 17,64 kg<br \/>\u2022 Couleur : Gris.<\/p>\n","protected":false},"excerpt":{"rendered":"<p>48(H) x 1 100(L) x 700(L)mm<\/p>\n","protected":false},"featured_media":108800,"comment_status":"open","ping_status":"closed","template":"","meta":[],"product_brand":[],"product_cat":[1208,1201,1297,1211],"product_tag":[],"class_list":{"0":"post-110747","1":"product","2":"type-product","3":"status-publish","4":"has-post-thumbnail","6":"product_cat-interieur","7":"product_cat-mobilier","8":"product_cat-non-palettisable","9":"product_cat-plateaux-et-pieds-de-table-interieur","10":"product_shipping_class-free-shipping","12":"first","13":"instock","14":"featured","15":"taxable","16":"shipping-taxable","17":"purchasable","18":"product-type-simple"},"_links":{"self":[{"href":"https:\/\/abinox-chr-clim.com\/index.php\/wp-json\/wp\/v2\/product\/110747","targetHints":{"allow":["GET"]}}],"collection":[{"href":"https:\/\/abinox-chr-clim.com\/index.php\/wp-json\/wp\/v2\/product"}],"about":[{"href":"https:\/\/abinox-chr-clim.com\/index.php\/wp-json\/wp\/v2\/types\/product"}],"replies":[{"embeddable":true,"href":"https:\/\/abinox-chr-clim.com\/index.php\/wp-json\/wp\/v2\/comments?post=110747"}],"wp:featuredmedia":[{"embeddable":true,"href":"https:\/\/abinox-chr-clim.com\/index.php\/wp-json\/wp\/v2\/media\/108800"}],"wp:attachment":[{"href":"https:\/\/abinox-chr-clim.com\/index.php\/wp-json\/wp\/v2\/media?parent=110747"}],"wp:term":[{"taxonomy":"product_brand","embeddable":true,"href":"https:\/\/abinox-chr-clim.com\/index.php\/wp-json\/wp\/v2\/product_brand?post=110747"},{"taxonomy":"product_cat","embeddable":true,"href":"https:\/\/abinox-chr-clim.com\/index.php\/wp-json\/wp\/v2\/product_cat?post=110747"},{"taxonomy":"product_tag","embeddable":true,"href":"https:\/\/abinox-chr-clim.com\/index.php\/wp-json\/wp\/v2\/product_tag?post=110747"}],"curies":[{"name":"wp","href":"https:\/\/api.w.org\/{rel}","templated":true}]}}