{"id":110736,"date":"2025-05-29T12:04:44","date_gmt":"2025-05-29T10:04:44","guid":{"rendered":"https:\/\/abinox-chr-clim.com\/index.php\/product\/chaises-bolero-fairfield-noyer-et-vert-lot-de-2\/"},"modified":"2026-04-14T11:24:09","modified_gmt":"2026-04-14T09:24:09","slug":"chaises-bolero-fairfield-noyer-et-vert-lot-de-2","status":"publish","type":"product","link":"https:\/\/abinox-chr-clim.com\/index.php\/product\/chaises-bolero-fairfield-noyer-et-vert-lot-de-2\/","title":{"rendered":"Chaises Bolero Fairfield noyer et vert (lot de 2)"},"content":{"rendered":"<p>Chaises l\u00e9g\u00e8res et empilables avec un cadre en m\u00e9tal solide rev\u00eatu de poudre, dossier en contreplaqu\u00e9 noyer fonc\u00e9 et si\u00e8ges rembourr\u00e9s verts. \u00c9quip\u00e9es de bouchons de pied qui ne marquent pas.<\/p>\n<p>\u2022 Conception empilable pour un rangement simple<br \/>\u2022 Chaises \u00e0 monter, certains assemblages sont n\u00e9cessaires avant utilisation<br \/>\u2022 Assise facile \u00e0 nettoyer<br \/>\u2022 Structure en m\u00e9tal robuste avec rev\u00eatement poudr\u00e9<br \/>\u2022 Les patins de chaises antitraces prot\u00e8gent le sol des rayures<br \/>\u2022 Convient pour un usage commercial quotidien dans un environnement tr\u00e8s fr\u00e9quent\u00e9, comme les caf\u00e9s, les restaurants, les h\u00f4tels<br \/>\u2022 L\u00e9ger et facile \u00e0 d\u00e9placer entre les services<br \/>\u2022 Structure en contreplaqu\u00e9 noir et acier avec assise rembourr\u00e9e grise<\/p>\n<p><b><u>Caract\u00e9ristiques du produit :<\/u><\/b><br \/>\u2022 Lot : 2.0<br \/>\u2022 Dim. : 774(H) x 570(L) x 430(P)mm<br \/>\u2022 Mati\u00e8re : Bois et acier<br \/>\u2022 Poids : 4,8kg<br \/>\u2022 Couleur : Marron.<\/p>\n","protected":false},"excerpt":{"rendered":"<p>Quantit\u00e9 par lot : 2<\/p>\n","protected":false},"featured_media":106413,"comment_status":"open","ping_status":"closed","template":"","meta":[],"product_brand":[],"product_cat":[1209,1208,1201,1297],"product_tag":[],"class_list":{"0":"post-110736","1":"product","2":"type-product","3":"status-publish","4":"has-post-thumbnail","6":"product_cat-chaises-interieur","7":"product_cat-interieur","8":"product_cat-mobilier","9":"product_cat-non-palettisable","10":"product_shipping_class-free-shipping","12":"first","13":"instock","14":"featured","15":"taxable","16":"shipping-taxable","17":"purchasable","18":"product-type-simple"},"_links":{"self":[{"href":"https:\/\/abinox-chr-clim.com\/index.php\/wp-json\/wp\/v2\/product\/110736","targetHints":{"allow":["GET"]}}],"collection":[{"href":"https:\/\/abinox-chr-clim.com\/index.php\/wp-json\/wp\/v2\/product"}],"about":[{"href":"https:\/\/abinox-chr-clim.com\/index.php\/wp-json\/wp\/v2\/types\/product"}],"replies":[{"embeddable":true,"href":"https:\/\/abinox-chr-clim.com\/index.php\/wp-json\/wp\/v2\/comments?post=110736"}],"wp:featuredmedia":[{"embeddable":true,"href":"https:\/\/abinox-chr-clim.com\/index.php\/wp-json\/wp\/v2\/media\/106413"}],"wp:attachment":[{"href":"https:\/\/abinox-chr-clim.com\/index.php\/wp-json\/wp\/v2\/media?parent=110736"}],"wp:term":[{"taxonomy":"product_brand","embeddable":true,"href":"https:\/\/abinox-chr-clim.com\/index.php\/wp-json\/wp\/v2\/product_brand?post=110736"},{"taxonomy":"product_cat","embeddable":true,"href":"https:\/\/abinox-chr-clim.com\/index.php\/wp-json\/wp\/v2\/product_cat?post=110736"},{"taxonomy":"product_tag","embeddable":true,"href":"https:\/\/abinox-chr-clim.com\/index.php\/wp-json\/wp\/v2\/product_tag?post=110736"}],"curies":[{"name":"wp","href":"https:\/\/api.w.org\/{rel}","templated":true}]}}