{"id":110732,"date":"2025-05-29T12:04:37","date_gmt":"2025-05-29T10:04:37","guid":{"rendered":"https:\/\/abinox-chr-clim.com\/index.php\/product\/gobelets-olympia-havana-bleus-300ml-lot-de-6\/"},"modified":"2026-04-24T11:02:22","modified_gmt":"2026-04-24T09:02:22","slug":"gobelets-olympia-havana-bleus-300ml-lot-de-6","status":"publish","type":"product","link":"https:\/\/abinox-chr-clim.com\/index.php\/product\/gobelets-olympia-havana-bleus-300ml-lot-de-6\/","title":{"rendered":"Gobelets Olympia Havana bleus 300ml (lot de 6)"},"content":{"rendered":"<p>Ces verres color\u00e9s pr\u00e9sentent un design sophistiqu\u00e9 en verre taill\u00e9, offrant \u00e0 la fois style et fonctionnalit\u00e9. Ils sont parfaits pour servir une grande vari\u00e9t\u00e9 de boissons. Lavables au lave-verres.<\/p>\n<p>\u2022 Id\u00e9al pour servir des cocktails cr\u00e9atifs<br \/>\u2022 Design en verre taill\u00e9 avec un style r\u00e9tro<br \/>\u2022 Convient parfaitement aux bars et aux restaurants<br \/>\u2022 Bord roul\u00e9 pour la durabilit\u00e9 et la pr\u00e9vention des \u00e9clats<br \/>\u2022 R\u00e9siste au lave-vaisselle<\/p>\n<p><b><u>Caract\u00e9ristiques du produit :<\/u><\/b><br \/>\u2022 Lot : 6.0<br \/>\u2022 Capacit\u00e9 : 30 cl<br \/>\u2022 Dim. : 100(H) x 82(\u00d8) mm<br \/>\u2022 Mati\u00e8re : Savon<br \/>\u2022 Poids : 335 g<br \/>\u2022 Couleur : Bleu.<\/p>\n","protected":false},"excerpt":{"rendered":"<p>Dimension 82(\u00d8)x 100(H)mm &#8211; 300ml. Lot de 6<\/p>\n","protected":false},"featured_media":105885,"comment_status":"open","ping_status":"closed","template":"","meta":[],"product_brand":[],"product_cat":[1023,1055,1297,1051],"product_tag":[],"class_list":{"0":"post-110732","1":"product","2":"type-product","3":"status-publish","4":"has-post-thumbnail","6":"product_cat-art-de-la-table","7":"product_cat-chopes-et-gobelets","8":"product_cat-non-palettisable","9":"product_cat-verrerie","10":"product_shipping_class-free-shipping","12":"first","13":"instock","14":"featured","15":"taxable","16":"shipping-taxable","17":"purchasable","18":"product-type-simple"},"_links":{"self":[{"href":"https:\/\/abinox-chr-clim.com\/index.php\/wp-json\/wp\/v2\/product\/110732","targetHints":{"allow":["GET"]}}],"collection":[{"href":"https:\/\/abinox-chr-clim.com\/index.php\/wp-json\/wp\/v2\/product"}],"about":[{"href":"https:\/\/abinox-chr-clim.com\/index.php\/wp-json\/wp\/v2\/types\/product"}],"replies":[{"embeddable":true,"href":"https:\/\/abinox-chr-clim.com\/index.php\/wp-json\/wp\/v2\/comments?post=110732"}],"wp:featuredmedia":[{"embeddable":true,"href":"https:\/\/abinox-chr-clim.com\/index.php\/wp-json\/wp\/v2\/media\/105885"}],"wp:attachment":[{"href":"https:\/\/abinox-chr-clim.com\/index.php\/wp-json\/wp\/v2\/media?parent=110732"}],"wp:term":[{"taxonomy":"product_brand","embeddable":true,"href":"https:\/\/abinox-chr-clim.com\/index.php\/wp-json\/wp\/v2\/product_brand?post=110732"},{"taxonomy":"product_cat","embeddable":true,"href":"https:\/\/abinox-chr-clim.com\/index.php\/wp-json\/wp\/v2\/product_cat?post=110732"},{"taxonomy":"product_tag","embeddable":true,"href":"https:\/\/abinox-chr-clim.com\/index.php\/wp-json\/wp\/v2\/product_tag?post=110732"}],"curies":[{"name":"wp","href":"https:\/\/api.w.org\/{rel}","templated":true}]}}