{"id":110719,"date":"2025-05-29T12:04:13","date_gmt":"2025-05-29T10:04:13","guid":{"rendered":"https:\/\/abinox-chr-clim.com\/index.php\/product\/rafraichisseur-a-vin-double-paroi-martele-olympia\/"},"modified":"2025-11-11T10:33:52","modified_gmt":"2025-11-11T09:33:52","slug":"rafraichisseur-a-vin-double-paroi-martele-olympia","status":"publish","type":"product","link":"https:\/\/abinox-chr-clim.com\/index.php\/product\/rafraichisseur-a-vin-double-paroi-martele-olympia\/","title":{"rendered":"Rafra\u00eechisseur \u00e0 vin double paroi martel\u00e9 Olympia"},"content":{"rendered":"<p>Le rafra\u00eechisseur \u00e0 vin Olympia double paroi martel\u00e9e est un moyen \u00e9l\u00e9gant et pratique de conserver vos vins frais. Sa construction \u00e0 double paroi permet de garder vos vins au frais pendant des heures, et son int\u00e9rieur spacieux peut accueillir une grande vari\u00e9t\u00e9 de bouteilles.<\/p>\n<p>\u2022 Surface martel\u00e9e \u00e9l\u00e9gante<br \/>\u2022 Id\u00e9al pour la restauration<br \/>\u2022 Construction \u00e0 double paroi<br \/>\u2022 Adapt\u00e9 aux bouteilles de diff\u00e9rentes tailles<br \/>\u2022 Poids 0,475 kg<br \/>\u2022 Coloris brut<br \/>\u2022 Bon pour le contr\u00f4le des portions<br \/>\u2022 Passe au lave-vaisselle<br \/>\u2022 Conception durable qui aide \u00e0 pr\u00e9venir les dommages<\/p>\n<p><b><u>Caract\u00e9ristiques du produit :<\/u><\/b><br \/>\u2022 Dim. : 200(H) x 116(\u00d8) mm<br \/>\u2022 Mati\u00e8re : Inox<br \/>\u2022 Poids : 475 g<br \/>\u2022 Couleur : Argent.<\/p>\n","protected":false},"excerpt":{"rendered":"<p>Capacit\u00e9\u00a0: 1,5 litre. Dimensions\u00a0: 116(\u00d8) x 200(H)mm<\/p>\n","protected":false},"featured_media":105672,"comment_status":"open","ping_status":"closed","template":"","meta":[],"product_brand":[],"product_cat":[1107,1297,1106,1111],"product_tag":[],"class_list":{"0":"post-110719","1":"product","2":"type-product","3":"status-publish","4":"has-post-thumbnail","6":"product_cat-accessoires-de-bar","7":"product_cat-non-palettisable","8":"product_cat-restaurant-bar-et-hotel","9":"product_cat-seaux-a-vin-et-champagne","10":"product_shipping_class-free-shipping","12":"first","13":"outofstock","14":"featured","15":"taxable","16":"shipping-taxable","17":"purchasable","18":"product-type-simple"},"_links":{"self":[{"href":"https:\/\/abinox-chr-clim.com\/index.php\/wp-json\/wp\/v2\/product\/110719","targetHints":{"allow":["GET"]}}],"collection":[{"href":"https:\/\/abinox-chr-clim.com\/index.php\/wp-json\/wp\/v2\/product"}],"about":[{"href":"https:\/\/abinox-chr-clim.com\/index.php\/wp-json\/wp\/v2\/types\/product"}],"replies":[{"embeddable":true,"href":"https:\/\/abinox-chr-clim.com\/index.php\/wp-json\/wp\/v2\/comments?post=110719"}],"wp:featuredmedia":[{"embeddable":true,"href":"https:\/\/abinox-chr-clim.com\/index.php\/wp-json\/wp\/v2\/media\/105672"}],"wp:attachment":[{"href":"https:\/\/abinox-chr-clim.com\/index.php\/wp-json\/wp\/v2\/media?parent=110719"}],"wp:term":[{"taxonomy":"product_brand","embeddable":true,"href":"https:\/\/abinox-chr-clim.com\/index.php\/wp-json\/wp\/v2\/product_brand?post=110719"},{"taxonomy":"product_cat","embeddable":true,"href":"https:\/\/abinox-chr-clim.com\/index.php\/wp-json\/wp\/v2\/product_cat?post=110719"},{"taxonomy":"product_tag","embeddable":true,"href":"https:\/\/abinox-chr-clim.com\/index.php\/wp-json\/wp\/v2\/product_tag?post=110719"}],"curies":[{"name":"wp","href":"https:\/\/api.w.org\/{rel}","templated":true}]}}