{"id":110712,"date":"2025-05-29T12:03:57","date_gmt":"2025-05-29T10:03:57","guid":{"rendered":"https:\/\/abinox-chr-clim.com\/index.php\/product\/egouttoir-en-acier-inoxydable-vogue-pour-gn-1-3\/"},"modified":"2026-04-24T11:02:19","modified_gmt":"2026-04-24T09:02:19","slug":"egouttoir-en-acier-inoxydable-vogue-pour-gn-1-3","status":"publish","type":"product","link":"https:\/\/abinox-chr-clim.com\/index.php\/product\/egouttoir-en-acier-inoxydable-vogue-pour-gn-1-3\/","title":{"rendered":"\u00c9gouttoir en acier inoxydable Vogue pour GN 1\/3"},"content":{"rendered":"<p>Les \u00e9gouttoirs emp\u00eachent les ingr\u00e9dients et les aliments de rester dans les jus au fond du bac, ce qui permet de conserver la fra\u00eecheur des aliments.<\/p>\n<p>\u2022 Compatible avec les bacs GN standard 1\/3<br \/>\u2022 Construction en acier inoxydable de qualit\u00e9 201 offrant une excellente durabilit\u00e9 pour une utilisation durable<br \/>\u2022 S&rsquo;ins\u00e8re facilement dans et hors des plateaux gastronormes, comprend un trou pour les doigts pour une utilisation rapide et facile<br \/>\u2022 Les plateaux laissent suffisamment de distance en dessous pour l&rsquo;\u00e9vacuation de l&rsquo;eau<br \/>\u2022 Le plateau \u00e9gouttoir emp\u00eache les ingr\u00e9dients et les aliments de rester dans le jus au fond du bac, aidant ainsi \u00e0 garder les aliments plus frais<\/p>\n<p><b><u>Caract\u00e9ristiques du produit :<\/u><\/b><br \/>\u2022 Dim. : 17(H) x 265(L) x 119(P)mm<br \/>\u2022 Mati\u00e8re : Inox 201<br \/>\u2022 Poids : 175 g<br \/>\u2022 Couleur : Argent.<\/p>\n","protected":false},"excerpt":{"rendered":"<p>Convient aux bacs de taille GN 1\/3 et plus. Dimensions : 17(H) x 265(L) x 119(P)mm<\/p>\n","protected":false},"featured_media":107620,"comment_status":"open","ping_status":"closed","template":"","meta":[],"product_brand":[],"product_cat":[1281,1280,1064,1297],"product_tag":[],"class_list":{"0":"post-110712","1":"product","2":"type-product","3":"status-publish","4":"has-post-thumbnail","6":"product_cat-bacs-gn-conteneurs-alimentaires-et-bacs-gastronorme-cuisine","7":"product_cat-conteneurs-alimentaires-et-bacs-gastronorme-cuisine","8":"product_cat-cuisine","9":"product_cat-non-palettisable","10":"product_shipping_class-free-shipping","12":"first","13":"instock","14":"featured","15":"taxable","16":"shipping-taxable","17":"purchasable","18":"product-type-simple"},"_links":{"self":[{"href":"https:\/\/abinox-chr-clim.com\/index.php\/wp-json\/wp\/v2\/product\/110712","targetHints":{"allow":["GET"]}}],"collection":[{"href":"https:\/\/abinox-chr-clim.com\/index.php\/wp-json\/wp\/v2\/product"}],"about":[{"href":"https:\/\/abinox-chr-clim.com\/index.php\/wp-json\/wp\/v2\/types\/product"}],"replies":[{"embeddable":true,"href":"https:\/\/abinox-chr-clim.com\/index.php\/wp-json\/wp\/v2\/comments?post=110712"}],"wp:featuredmedia":[{"embeddable":true,"href":"https:\/\/abinox-chr-clim.com\/index.php\/wp-json\/wp\/v2\/media\/107620"}],"wp:attachment":[{"href":"https:\/\/abinox-chr-clim.com\/index.php\/wp-json\/wp\/v2\/media?parent=110712"}],"wp:term":[{"taxonomy":"product_brand","embeddable":true,"href":"https:\/\/abinox-chr-clim.com\/index.php\/wp-json\/wp\/v2\/product_brand?post=110712"},{"taxonomy":"product_cat","embeddable":true,"href":"https:\/\/abinox-chr-clim.com\/index.php\/wp-json\/wp\/v2\/product_cat?post=110712"},{"taxonomy":"product_tag","embeddable":true,"href":"https:\/\/abinox-chr-clim.com\/index.php\/wp-json\/wp\/v2\/product_tag?post=110712"}],"curies":[{"name":"wp","href":"https:\/\/api.w.org\/{rel}","templated":true}]}}