{"id":110709,"date":"2025-05-29T12:03:51","date_gmt":"2025-05-29T10:03:51","guid":{"rendered":"https:\/\/abinox-chr-clim.com\/index.php\/product\/couvercle-inox-vogue-gn-2-4\/"},"modified":"2026-04-24T11:02:16","modified_gmt":"2026-04-24T09:02:16","slug":"couvercle-inox-vogue-gn-2-4","status":"publish","type":"product","link":"https:\/\/abinox-chr-clim.com\/index.php\/product\/couvercle-inox-vogue-gn-2-4\/","title":{"rendered":"Couvercle inox Vogue GN 2\/4"},"content":{"rendered":"<p>Le couvercle universel GN 2\/4 convient \u00e0 tous les bacs Vogue GN 2\/4. En acier inoxydable.<\/p>\n<p>\u2022 Construction en acier inoxydable de qualit\u00e9 201 offrant une excellente durabilit\u00e9 pour une utilisation durable<br \/>\u2022 Compatible avec tous les bacs gastronormes Vogue 2\/4 en inox<br \/>\u2022 La poign\u00e9e centrale facilite le positionnement<br \/>\u2022 Aide \u00e0 garder les aliments au chaud et \u00e0 conserver leur fra\u00eecheur plus longtemps<br \/>\u2022 Le couvercle offre une r\u00e9tention optimale de la chaleur<br \/>\u2022 Facile \u00e0 nettoyer et passe au lave-vaisselle<br \/>\u2022 Bacs gastronormes vendus s\u00e9par\u00e9ment<\/p>\n<p><b><u>Caract\u00e9ristiques du produit :<\/u><\/b><br \/>\u2022 Couleur : Argent.<\/p>\n","protected":false},"excerpt":{"rendered":"<p>Convient \u00e0 tous les bacs Vogue GN 2\/4<\/p>\n","protected":false},"featured_media":108787,"comment_status":"open","ping_status":"closed","template":"","meta":[],"product_brand":[],"product_cat":[1281,1280,1064,1297],"product_tag":[],"class_list":{"0":"post-110709","1":"product","2":"type-product","3":"status-publish","4":"has-post-thumbnail","6":"product_cat-bacs-gn-conteneurs-alimentaires-et-bacs-gastronorme-cuisine","7":"product_cat-conteneurs-alimentaires-et-bacs-gastronorme-cuisine","8":"product_cat-cuisine","9":"product_cat-non-palettisable","10":"product_shipping_class-free-shipping","12":"first","13":"instock","14":"featured","15":"taxable","16":"shipping-taxable","17":"purchasable","18":"product-type-simple"},"_links":{"self":[{"href":"https:\/\/abinox-chr-clim.com\/index.php\/wp-json\/wp\/v2\/product\/110709","targetHints":{"allow":["GET"]}}],"collection":[{"href":"https:\/\/abinox-chr-clim.com\/index.php\/wp-json\/wp\/v2\/product"}],"about":[{"href":"https:\/\/abinox-chr-clim.com\/index.php\/wp-json\/wp\/v2\/types\/product"}],"replies":[{"embeddable":true,"href":"https:\/\/abinox-chr-clim.com\/index.php\/wp-json\/wp\/v2\/comments?post=110709"}],"wp:featuredmedia":[{"embeddable":true,"href":"https:\/\/abinox-chr-clim.com\/index.php\/wp-json\/wp\/v2\/media\/108787"}],"wp:attachment":[{"href":"https:\/\/abinox-chr-clim.com\/index.php\/wp-json\/wp\/v2\/media?parent=110709"}],"wp:term":[{"taxonomy":"product_brand","embeddable":true,"href":"https:\/\/abinox-chr-clim.com\/index.php\/wp-json\/wp\/v2\/product_brand?post=110709"},{"taxonomy":"product_cat","embeddable":true,"href":"https:\/\/abinox-chr-clim.com\/index.php\/wp-json\/wp\/v2\/product_cat?post=110709"},{"taxonomy":"product_tag","embeddable":true,"href":"https:\/\/abinox-chr-clim.com\/index.php\/wp-json\/wp\/v2\/product_tag?post=110709"}],"curies":[{"name":"wp","href":"https:\/\/api.w.org\/{rel}","templated":true}]}}