{"id":110707,"date":"2025-05-29T12:03:47","date_gmt":"2025-05-29T10:03:47","guid":{"rendered":"https:\/\/abinox-chr-clim.com\/index.php\/product\/plateau-inox-gn-2-4-vogue-100mm\/"},"modified":"2025-06-30T12:19:53","modified_gmt":"2025-06-30T10:19:53","slug":"plateau-inox-gn-2-4-vogue-100mm","status":"publish","type":"product","link":"https:\/\/abinox-chr-clim.com\/index.php\/product\/plateau-inox-gn-2-4-vogue-100mm\/","title":{"rendered":"Plateau inox GN 2\/4 Vogue 100mm"},"content":{"rendered":"<p>162 x 530mm.<\/p>\n<p>\u2022 Construction en acier inoxydable de qualit\u00e9 201 offrant une excellente durabilit\u00e9 pour une utilisation durable<br \/>\u2022 Empilable pour un stockage en vrac facile<br \/>\u2022 L&rsquo;acier de qualit\u00e9 alimentaire vous permet de stocker et de cuire les aliments en toute s\u00e9curit\u00e9 dans un seul r\u00e9cipient, adapt\u00e9 \u00e0 la cuisson et \u00e0 la conservation au r\u00e9frig\u00e9rateur\/cong\u00e9lateur.<br \/>\u2022 Format standard GN 2\/4, autres tailles disponibles dans la gamme Vogue<br \/>\u2022 Rebord ext\u00e9rieur sur\u00e9lev\u00e9 pour un transport facile<br \/>\u2022 Facile \u00e0 nettoyer et passe au lave-vaisselle<br \/>\u2022 Couvercle vendu s\u00e9par\u00e9ment<\/p>\n<p><b><u>Caract\u00e9ristiques du produit :<\/u><\/b><br \/>\u2022 Poids : 664 g<br \/>\u2022 Couleur : Argent.<\/p>\n","protected":false},"excerpt":{"rendered":"<p>Profondeur : 100 mm<\/p>\n","protected":false},"featured_media":107619,"comment_status":"open","ping_status":"closed","template":"","meta":[],"product_brand":[],"product_cat":[1281,1280,1064,1297],"product_tag":[],"class_list":{"0":"post-110707","1":"product","2":"type-product","3":"status-publish","4":"has-post-thumbnail","6":"product_cat-bacs-gn-conteneurs-alimentaires-et-bacs-gastronorme-cuisine","7":"product_cat-conteneurs-alimentaires-et-bacs-gastronorme-cuisine","8":"product_cat-cuisine","9":"product_cat-non-palettisable","10":"product_shipping_class-free-shipping","12":"first","13":"outofstock","14":"featured","15":"taxable","16":"shipping-taxable","17":"purchasable","18":"product-type-simple"},"_links":{"self":[{"href":"https:\/\/abinox-chr-clim.com\/index.php\/wp-json\/wp\/v2\/product\/110707","targetHints":{"allow":["GET"]}}],"collection":[{"href":"https:\/\/abinox-chr-clim.com\/index.php\/wp-json\/wp\/v2\/product"}],"about":[{"href":"https:\/\/abinox-chr-clim.com\/index.php\/wp-json\/wp\/v2\/types\/product"}],"replies":[{"embeddable":true,"href":"https:\/\/abinox-chr-clim.com\/index.php\/wp-json\/wp\/v2\/comments?post=110707"}],"wp:featuredmedia":[{"embeddable":true,"href":"https:\/\/abinox-chr-clim.com\/index.php\/wp-json\/wp\/v2\/media\/107619"}],"wp:attachment":[{"href":"https:\/\/abinox-chr-clim.com\/index.php\/wp-json\/wp\/v2\/media?parent=110707"}],"wp:term":[{"taxonomy":"product_brand","embeddable":true,"href":"https:\/\/abinox-chr-clim.com\/index.php\/wp-json\/wp\/v2\/product_brand?post=110707"},{"taxonomy":"product_cat","embeddable":true,"href":"https:\/\/abinox-chr-clim.com\/index.php\/wp-json\/wp\/v2\/product_cat?post=110707"},{"taxonomy":"product_tag","embeddable":true,"href":"https:\/\/abinox-chr-clim.com\/index.php\/wp-json\/wp\/v2\/product_tag?post=110707"}],"curies":[{"name":"wp","href":"https:\/\/api.w.org\/{rel}","templated":true}]}}